{"id":101,"date":"2016-06-04T01:12:33","date_gmt":"2016-06-04T01:12:33","guid":{"rendered":"http:\/\/ojen.turnbull.co\/fr\/?page_id=101"},"modified":"2025-07-31T08:07:35","modified_gmt":"2025-07-31T12:07:35","slug":"evenements-annuels-et-programmes","status":"publish","type":"page","link":"https:\/\/ojen.ca\/fr\/le-roej-dans-les-salles-de-classe\/evenements-annuels-et-programmes\/","title":{"rendered":"Comp\u00e9titions"},"content":{"rendered":"<p>De notre D\u00e9fi d&rsquo;Affiches pour les plus jeunes au D\u00e9fi de la Charte pour les \u00e9tudiants qui se destinent plus particuli\u00e8rement \u00e0 des carri\u00e8res juridiques, en passant par les tournois de proc\u00e8s simul\u00e9s comp\u00e9titifs ou tout le monde peut participer selon son niveau d\u2019int\u00e9r\u00eat, jouant le r\u00f4le d&rsquo;un avocat, d&rsquo;un t\u00e9moin ou d&rsquo;un greffier, nous offrons toute une gamme de programmes dans lesquels l&rsquo;apprentissage est rendu ludique et amusant. L&rsquo;important, c&rsquo;est de participer!<\/p>\n","protected":false},"excerpt":{"rendered":"<p>De notre D\u00e9fi d&rsquo;Affiches pour les plus jeunes au D\u00e9fi de la Charte pour les \u00e9tudiants qui se destinent plus particuli\u00e8rement \u00e0 des carri\u00e8res juridiques, en passant par les tournois de proc\u00e8s simul\u00e9s comp\u00e9titifs ou tout le monde peut participer selon son niveau d\u2019int\u00e9r\u00eat, jouant le r\u00f4le d&rsquo;un avocat, d&rsquo;un t\u00e9moin ou d&rsquo;un greffier, nous [&hellip;]<\/p>\n","protected":false},"author":5,"featured_media":0,"parent":7947,"menu_order":0,"comment_status":"closed","ping_status":"closed","template":"template-programs.php","meta":{"_acf_changed":false,"_eb_attr":"","inline_featured_image":false,"ub_ctt_via":"","footnotes":""},"class_list":["post-101","page","type-page","status-publish","hentry"],"acf":[],"featured_image_src":null,"yoast_head":"<!-- This site is optimized with the Yoast SEO plugin v25.3 - https:\/\/yoast.com\/wordpress\/plugins\/seo\/ -->\n<title>Comp\u00e9titions - OJEN<\/title>\n<meta name=\"robots\" content=\"index, follow, max-snippet:-1, max-image-preview:large, max-video-preview:-1\" \/>\n<link rel=\"canonical\" href=\"https:\/\/ojen.ca\/fr\/le-roej-dans-les-salles-de-classe\/evenements-annuels-et-programmes\/\" \/>\n<meta property=\"og:locale\" content=\"fr_CA\" \/>\n<meta property=\"og:type\" content=\"article\" \/>\n<meta property=\"og:title\" content=\"Comp\u00e9titions - OJEN\" \/>\n<meta property=\"og:description\" content=\"De notre D\u00e9fi d&rsquo;Affiches pour les plus jeunes au D\u00e9fi de la Charte pour les \u00e9tudiants qui se destinent plus particuli\u00e8rement \u00e0 des carri\u00e8res juridiques, en passant par les tournois de proc\u00e8s simul\u00e9s comp\u00e9titifs ou tout le monde peut participer selon son niveau d\u2019int\u00e9r\u00eat, jouant le r\u00f4le d&rsquo;un avocat, d&rsquo;un t\u00e9moin ou d&rsquo;un greffier, nous [&hellip;]\" \/>\n<meta property=\"og:url\" content=\"https:\/\/ojen.ca\/fr\/le-roej-dans-les-salles-de-classe\/evenements-annuels-et-programmes\/\" \/>\n<meta property=\"og:site_name\" content=\"OJEN\" \/>\n<meta property=\"article:publisher\" content=\"https:\/\/www.facebook.com\/pages\/OJEN\/252115501467864\" \/>\n<meta property=\"article:modified_time\" content=\"2025-07-31T12:07:35+00:00\" \/>\n<meta name=\"twitter:card\" content=\"summary_large_image\" \/>\n<meta name=\"twitter:site\" content=\"@OJEN_ROEJ\" \/>\n<meta name=\"twitter:label1\" content=\"Estimation du temps de lecture\" \/>\n\t<meta name=\"twitter:data1\" content=\"1 minute\" \/>\n<script type=\"application\/ld+json\" class=\"yoast-schema-graph\">{\"@context\":\"https:\/\/schema.org\",\"@graph\":[{\"@type\":\"WebPage\",\"@id\":\"https:\/\/ojen.ca\/fr\/le-roej-dans-les-salles-de-classe\/evenements-annuels-et-programmes\/\",\"url\":\"https:\/\/ojen.ca\/fr\/le-roej-dans-les-salles-de-classe\/evenements-annuels-et-programmes\/\",\"name\":\"Comp\u00e9titions - OJEN\",\"isPartOf\":{\"@id\":\"https:\/\/ojen.ca\/en\/#website\"},\"datePublished\":\"2016-06-04T01:12:33+00:00\",\"dateModified\":\"2025-07-31T12:07:35+00:00\",\"breadcrumb\":{\"@id\":\"https:\/\/ojen.ca\/fr\/le-roej-dans-les-salles-de-classe\/evenements-annuels-et-programmes\/#breadcrumb\"},\"inLanguage\":\"fr-CA\",\"potentialAction\":[{\"@type\":\"ReadAction\",\"target\":[\"https:\/\/ojen.ca\/fr\/le-roej-dans-les-salles-de-classe\/evenements-annuels-et-programmes\/\"]}]},{\"@type\":\"BreadcrumbList\",\"@id\":\"https:\/\/ojen.ca\/fr\/le-roej-dans-les-salles-de-classe\/evenements-annuels-et-programmes\/#breadcrumb\",\"itemListElement\":[{\"@type\":\"ListItem\",\"position\":1,\"name\":\"Home\",\"item\":\"https:\/\/ojen.ca\/fr\/\"},{\"@type\":\"ListItem\",\"position\":2,\"name\":\"Pour les \u00e9coles\",\"item\":\"https:\/\/ojen.ca\/fr\/le-roej-dans-les-salles-de-classe\/\"},{\"@type\":\"ListItem\",\"position\":3,\"name\":\"Comp\u00e9titions\"}]},{\"@type\":\"WebSite\",\"@id\":\"https:\/\/ojen.ca\/en\/#website\",\"url\":\"https:\/\/ojen.ca\/en\/\",\"name\":\"OJEN\",\"description\":\"\",\"potentialAction\":[{\"@type\":\"SearchAction\",\"target\":{\"@type\":\"EntryPoint\",\"urlTemplate\":\"https:\/\/ojen.ca\/en\/?s={search_term_string}\"},\"query-input\":{\"@type\":\"PropertyValueSpecification\",\"valueRequired\":true,\"valueName\":\"search_term_string\"}}],\"inLanguage\":\"fr-CA\"}]}<\/script>\n<!-- \/ Yoast SEO plugin. -->","yoast_head_json":{"title":"Comp\u00e9titions - OJEN","robots":{"index":"index","follow":"follow","max-snippet":"max-snippet:-1","max-image-preview":"max-image-preview:large","max-video-preview":"max-video-preview:-1"},"canonical":"https:\/\/ojen.ca\/fr\/le-roej-dans-les-salles-de-classe\/evenements-annuels-et-programmes\/","og_locale":"fr_CA","og_type":"article","og_title":"Comp\u00e9titions - OJEN","og_description":"De notre D\u00e9fi d&rsquo;Affiches pour les plus jeunes au D\u00e9fi de la Charte pour les \u00e9tudiants qui se destinent plus particuli\u00e8rement \u00e0 des carri\u00e8res juridiques, en passant par les tournois de proc\u00e8s simul\u00e9s comp\u00e9titifs ou tout le monde peut participer selon son niveau d\u2019int\u00e9r\u00eat, jouant le r\u00f4le d&rsquo;un avocat, d&rsquo;un t\u00e9moin ou d&rsquo;un greffier, nous [&hellip;]","og_url":"https:\/\/ojen.ca\/fr\/le-roej-dans-les-salles-de-classe\/evenements-annuels-et-programmes\/","og_site_name":"OJEN","article_publisher":"https:\/\/www.facebook.com\/pages\/OJEN\/252115501467864","article_modified_time":"2025-07-31T12:07:35+00:00","twitter_card":"summary_large_image","twitter_site":"@OJEN_ROEJ","twitter_misc":{"Estimation du temps de lecture":"1 minute"},"schema":{"@context":"https:\/\/schema.org","@graph":[{"@type":"WebPage","@id":"https:\/\/ojen.ca\/fr\/le-roej-dans-les-salles-de-classe\/evenements-annuels-et-programmes\/","url":"https:\/\/ojen.ca\/fr\/le-roej-dans-les-salles-de-classe\/evenements-annuels-et-programmes\/","name":"Comp\u00e9titions - OJEN","isPartOf":{"@id":"https:\/\/ojen.ca\/en\/#website"},"datePublished":"2016-06-04T01:12:33+00:00","dateModified":"2025-07-31T12:07:35+00:00","breadcrumb":{"@id":"https:\/\/ojen.ca\/fr\/le-roej-dans-les-salles-de-classe\/evenements-annuels-et-programmes\/#breadcrumb"},"inLanguage":"fr-CA","potentialAction":[{"@type":"ReadAction","target":["https:\/\/ojen.ca\/fr\/le-roej-dans-les-salles-de-classe\/evenements-annuels-et-programmes\/"]}]},{"@type":"BreadcrumbList","@id":"https:\/\/ojen.ca\/fr\/le-roej-dans-les-salles-de-classe\/evenements-annuels-et-programmes\/#breadcrumb","itemListElement":[{"@type":"ListItem","position":1,"name":"Home","item":"https:\/\/ojen.ca\/fr\/"},{"@type":"ListItem","position":2,"name":"Pour les \u00e9coles","item":"https:\/\/ojen.ca\/fr\/le-roej-dans-les-salles-de-classe\/"},{"@type":"ListItem","position":3,"name":"Comp\u00e9titions"}]},{"@type":"WebSite","@id":"https:\/\/ojen.ca\/en\/#website","url":"https:\/\/ojen.ca\/en\/","name":"OJEN","description":"","potentialAction":[{"@type":"SearchAction","target":{"@type":"EntryPoint","urlTemplate":"https:\/\/ojen.ca\/en\/?s={search_term_string}"},"query-input":{"@type":"PropertyValueSpecification","valueRequired":true,"valueName":"search_term_string"}}],"inLanguage":"fr-CA"}]}},"_links":{"self":[{"href":"https:\/\/ojen.ca\/fr\/wp-json\/wp\/v2\/pages\/101"}],"collection":[{"href":"https:\/\/ojen.ca\/fr\/wp-json\/wp\/v2\/pages"}],"about":[{"href":"https:\/\/ojen.ca\/fr\/wp-json\/wp\/v2\/types\/page"}],"author":[{"embeddable":true,"href":"https:\/\/ojen.ca\/fr\/wp-json\/wp\/v2\/users\/5"}],"replies":[{"embeddable":true,"href":"https:\/\/ojen.ca\/fr\/wp-json\/wp\/v2\/comments?post=101"}],"version-history":[{"count":1,"href":"https:\/\/ojen.ca\/fr\/wp-json\/wp\/v2\/pages\/101\/revisions"}],"predecessor-version":[{"id":34095,"href":"https:\/\/ojen.ca\/fr\/wp-json\/wp\/v2\/pages\/101\/revisions\/34095"}],"up":[{"embeddable":true,"href":"https:\/\/ojen.ca\/fr\/wp-json\/wp\/v2\/pages\/7947"}],"wp:attachment":[{"href":"https:\/\/ojen.ca\/fr\/wp-json\/wp\/v2\/media?parent=101"}],"curies":[{"name":"wp","href":"https:\/\/api.w.org\/{rel}","templated":true}]}}