{"id":16394,"date":"2019-10-11T13:32:03","date_gmt":"2019-10-11T17:32:03","guid":{"rendered":"http:\/\/ojen.ca\/?page_id=16394"},"modified":"2019-10-11T13:32:09","modified_gmt":"2019-10-11T17:32:09","slug":"2019-rebecca-strain","status":"publish","type":"page","link":"https:\/\/ojen.ca\/fr\/a-propos\/prix-du-roej\/le-prix-commemoratif-postsecondaire-tate-herbert\/2019-rebecca-strain\/","title":{"rendered":"2019 Rebecca Strain"},"content":{"rendered":"\n<p>\nRebecca s\u2019est d\u2019abord jointe au ROEJ pour effectuer un stage pratique dans le cadre de son Baccalaur\u00e9at en service social, de septembre 2016 \u00e0 avril 2017. Au cours de son stage au ROEJ, elle est all\u00e9e au-del\u00e0 des attentes. \u00c0 la fin de son stage, Rebecca a pris l\u2019initiative de planifier, de coordonner et d\u2019animer deux programmes de proc\u00e8s simul\u00e9s en utilisant les comp\u00e9tences qu\u2019elle avait acquises au ROEJ. Gr\u00e2ce \u00e0 sa contribution, le ROEJ a re\u00e7u un prix en \u00e9ducation communautaire du service des parcs, de la foresterie et des loisirs de la ville de Toronto.&nbsp;<\/p>\n\n\n\n<p>Durant sa premi\u00e8re et sa deuxi\u00e8me ann\u00e9e d\u2019\u00e9tudes en droit \u00e0 l\u2019Universit\u00e9 Queens, Rebecca a su trouver l\u2019\u00e9quilibre entre les exigences des cours de premi\u00e8re ann\u00e9e et son travail b\u00e9n\u00e9vole pour le ROEJ.&nbsp;<\/p>\n\n\n\n<p>Pendant l\u2019ann\u00e9e universitaire de 2017-2018, Rebecca a assum\u00e9 le r\u00f4le de coordonnatrice principale du <strong>Architects to Justice Program <\/strong>(programme Architectes de la justice). Il s\u2019agit d\u2019une initiative de participation publique organis\u00e9e par le Groupe d\u2019action sur l\u2019acc\u00e8s \u00e0 la justice (TAG) en partenariat avec le ROEJ. Cette initiative vise \u00e0 accro\u00eetre la participation du public \u00e0 l\u2019\u00e9laboration de mesures \u00e9clair\u00e9es en mati\u00e8re d\u2019acc\u00e8s \u00e0 la justice. Rebecca a organis\u00e9 le travail des b\u00e9n\u00e9voles et a aid\u00e9, en tant qu\u2019\u00e9tudiante-chercheuse, \u00e0 r\u00e9aliser un sondage dans des lieux publics pour recueillir de l\u2019information sur les exp\u00e9riences des gens en ce qui concerne l\u2019acc\u00e8s \u00e0 la justice.&nbsp;<\/p>\n\n\n\n<p>Pendant l\u2019ann\u00e9e universitaire&nbsp;2018-2019, Rebecca a si\u00e9g\u00e9 au nouveau comit\u00e9 du ROEJ \u00e0 Kingston et a particip\u00e9 activement \u00e0 la planification de son premier projet \u2014 un symposium sur le droit destin\u00e9 aux \u00e9l\u00e8ves du secondaire. Tout au long de l\u2019ann\u00e9e, Rebecca a cr\u00e9\u00e9 du mat\u00e9riel pour les visites des \u00e9l\u00e8ves du secondaire \u00e0 la facult\u00e9 de droit et esp\u00e8re \u00e9tablir un partenariat entre le ROEJ et l\u2019association du contentieux de la Facult\u00e9.&nbsp;<\/p>\n","protected":false},"excerpt":{"rendered":"<p>Rebecca s\u2019est d\u2019abord jointe au ROEJ pour effectuer un stage pratique dans le cadre de son Baccalaur\u00e9at en service social, de septembre 2016 \u00e0 avril 2017. Au cours de son stage au ROEJ, elle est all\u00e9e au-del\u00e0 des attentes. \u00c0 la fin de son stage, Rebecca a pris l\u2019initiative de planifier, de coordonner et d\u2019animer [&hellip;]<\/p>\n","protected":false},"author":1232,"featured_media":0,"parent":7995,"menu_order":0,"comment_status":"closed","ping_status":"closed","template":"","meta":{"_acf_changed":false,"_eb_attr":"","inline_featured_image":false,"ub_ctt_via":"","footnotes":""},"class_list":["post-16394","page","type-page","status-publish","hentry"],"acf":[],"featured_image_src":null,"yoast_head":"<!-- This site is optimized with the Yoast SEO plugin v25.3 - https:\/\/yoast.com\/wordpress\/plugins\/seo\/ -->\n<title>2019 Rebecca Strain - OJEN<\/title>\n<meta name=\"robots\" content=\"index, follow, max-snippet:-1, max-image-preview:large, max-video-preview:-1\" \/>\n<link rel=\"canonical\" href=\"https:\/\/ojen.ca\/fr\/a-propos\/prix-du-roej\/le-prix-commemoratif-postsecondaire-tate-herbert\/2019-rebecca-strain\/\" \/>\n<meta property=\"og:locale\" content=\"fr_CA\" \/>\n<meta property=\"og:type\" content=\"article\" \/>\n<meta property=\"og:title\" content=\"2019 Rebecca Strain - OJEN\" \/>\n<meta property=\"og:description\" content=\"Rebecca s\u2019est d\u2019abord jointe au ROEJ pour effectuer un stage pratique dans le cadre de son Baccalaur\u00e9at en service social, de septembre 2016 \u00e0 avril 2017. Au cours de son stage au ROEJ, elle est all\u00e9e au-del\u00e0 des attentes. \u00c0 la fin de son stage, Rebecca a pris l\u2019initiative de planifier, de coordonner et d\u2019animer [&hellip;]\" \/>\n<meta property=\"og:url\" content=\"https:\/\/ojen.ca\/fr\/a-propos\/prix-du-roej\/le-prix-commemoratif-postsecondaire-tate-herbert\/2019-rebecca-strain\/\" \/>\n<meta property=\"og:site_name\" content=\"OJEN\" \/>\n<meta property=\"article:publisher\" content=\"https:\/\/www.facebook.com\/pages\/OJEN\/252115501467864\" \/>\n<meta property=\"article:modified_time\" content=\"2019-10-11T17:32:09+00:00\" \/>\n<meta name=\"twitter:card\" content=\"summary_large_image\" \/>\n<meta name=\"twitter:site\" content=\"@OJEN_ROEJ\" \/>\n<meta name=\"twitter:label1\" content=\"Estimation du temps de lecture\" \/>\n\t<meta name=\"twitter:data1\" content=\"2 minutes\" \/>\n<script type=\"application\/ld+json\" class=\"yoast-schema-graph\">{\"@context\":\"https:\/\/schema.org\",\"@graph\":[{\"@type\":\"WebPage\",\"@id\":\"https:\/\/ojen.ca\/fr\/a-propos\/prix-du-roej\/le-prix-commemoratif-postsecondaire-tate-herbert\/2019-rebecca-strain\/\",\"url\":\"https:\/\/ojen.ca\/fr\/a-propos\/prix-du-roej\/le-prix-commemoratif-postsecondaire-tate-herbert\/2019-rebecca-strain\/\",\"name\":\"2019 Rebecca Strain - OJEN\",\"isPartOf\":{\"@id\":\"https:\/\/ojen.ca\/en\/#website\"},\"datePublished\":\"2019-10-11T17:32:03+00:00\",\"dateModified\":\"2019-10-11T17:32:09+00:00\",\"breadcrumb\":{\"@id\":\"https:\/\/ojen.ca\/fr\/a-propos\/prix-du-roej\/le-prix-commemoratif-postsecondaire-tate-herbert\/2019-rebecca-strain\/#breadcrumb\"},\"inLanguage\":\"fr-CA\",\"potentialAction\":[{\"@type\":\"ReadAction\",\"target\":[\"https:\/\/ojen.ca\/fr\/a-propos\/prix-du-roej\/le-prix-commemoratif-postsecondaire-tate-herbert\/2019-rebecca-strain\/\"]}]},{\"@type\":\"BreadcrumbList\",\"@id\":\"https:\/\/ojen.ca\/fr\/a-propos\/prix-du-roej\/le-prix-commemoratif-postsecondaire-tate-herbert\/2019-rebecca-strain\/#breadcrumb\",\"itemListElement\":[{\"@type\":\"ListItem\",\"position\":1,\"name\":\"Home\",\"item\":\"https:\/\/ojen.ca\/fr\/\"},{\"@type\":\"ListItem\",\"position\":2,\"name\":\"Qui sommes nous?\",\"item\":\"https:\/\/ojen.ca\/fr\/a-propos\/\"},{\"@type\":\"ListItem\",\"position\":3,\"name\":\"Prix du ROEJ\",\"item\":\"https:\/\/ojen.ca\/fr\/a-propos\/prix-du-roej\/\"},{\"@type\":\"ListItem\",\"position\":4,\"name\":\"Le Prix comm\u00e9moratif postsecondaire Tate Herbert\",\"item\":\"https:\/\/ojen.ca\/fr\/a-propos\/prix-du-roej\/le-prix-commemoratif-postsecondaire-tate-herbert\/\"},{\"@type\":\"ListItem\",\"position\":5,\"name\":\"2019 Rebecca Strain\"}]},{\"@type\":\"WebSite\",\"@id\":\"https:\/\/ojen.ca\/en\/#website\",\"url\":\"https:\/\/ojen.ca\/en\/\",\"name\":\"OJEN\",\"description\":\"\",\"potentialAction\":[{\"@type\":\"SearchAction\",\"target\":{\"@type\":\"EntryPoint\",\"urlTemplate\":\"https:\/\/ojen.ca\/en\/?s={search_term_string}\"},\"query-input\":{\"@type\":\"PropertyValueSpecification\",\"valueRequired\":true,\"valueName\":\"search_term_string\"}}],\"inLanguage\":\"fr-CA\"}]}<\/script>\n<!-- \/ Yoast SEO plugin. -->","yoast_head_json":{"title":"2019 Rebecca Strain - OJEN","robots":{"index":"index","follow":"follow","max-snippet":"max-snippet:-1","max-image-preview":"max-image-preview:large","max-video-preview":"max-video-preview:-1"},"canonical":"https:\/\/ojen.ca\/fr\/a-propos\/prix-du-roej\/le-prix-commemoratif-postsecondaire-tate-herbert\/2019-rebecca-strain\/","og_locale":"fr_CA","og_type":"article","og_title":"2019 Rebecca Strain - OJEN","og_description":"Rebecca s\u2019est d\u2019abord jointe au ROEJ pour effectuer un stage pratique dans le cadre de son Baccalaur\u00e9at en service social, de septembre 2016 \u00e0 avril 2017. Au cours de son stage au ROEJ, elle est all\u00e9e au-del\u00e0 des attentes. \u00c0 la fin de son stage, Rebecca a pris l\u2019initiative de planifier, de coordonner et d\u2019animer [&hellip;]","og_url":"https:\/\/ojen.ca\/fr\/a-propos\/prix-du-roej\/le-prix-commemoratif-postsecondaire-tate-herbert\/2019-rebecca-strain\/","og_site_name":"OJEN","article_publisher":"https:\/\/www.facebook.com\/pages\/OJEN\/252115501467864","article_modified_time":"2019-10-11T17:32:09+00:00","twitter_card":"summary_large_image","twitter_site":"@OJEN_ROEJ","twitter_misc":{"Estimation du temps de lecture":"2 minutes"},"schema":{"@context":"https:\/\/schema.org","@graph":[{"@type":"WebPage","@id":"https:\/\/ojen.ca\/fr\/a-propos\/prix-du-roej\/le-prix-commemoratif-postsecondaire-tate-herbert\/2019-rebecca-strain\/","url":"https:\/\/ojen.ca\/fr\/a-propos\/prix-du-roej\/le-prix-commemoratif-postsecondaire-tate-herbert\/2019-rebecca-strain\/","name":"2019 Rebecca Strain - OJEN","isPartOf":{"@id":"https:\/\/ojen.ca\/en\/#website"},"datePublished":"2019-10-11T17:32:03+00:00","dateModified":"2019-10-11T17:32:09+00:00","breadcrumb":{"@id":"https:\/\/ojen.ca\/fr\/a-propos\/prix-du-roej\/le-prix-commemoratif-postsecondaire-tate-herbert\/2019-rebecca-strain\/#breadcrumb"},"inLanguage":"fr-CA","potentialAction":[{"@type":"ReadAction","target":["https:\/\/ojen.ca\/fr\/a-propos\/prix-du-roej\/le-prix-commemoratif-postsecondaire-tate-herbert\/2019-rebecca-strain\/"]}]},{"@type":"BreadcrumbList","@id":"https:\/\/ojen.ca\/fr\/a-propos\/prix-du-roej\/le-prix-commemoratif-postsecondaire-tate-herbert\/2019-rebecca-strain\/#breadcrumb","itemListElement":[{"@type":"ListItem","position":1,"name":"Home","item":"https:\/\/ojen.ca\/fr\/"},{"@type":"ListItem","position":2,"name":"Qui sommes nous?","item":"https:\/\/ojen.ca\/fr\/a-propos\/"},{"@type":"ListItem","position":3,"name":"Prix du ROEJ","item":"https:\/\/ojen.ca\/fr\/a-propos\/prix-du-roej\/"},{"@type":"ListItem","position":4,"name":"Le Prix comm\u00e9moratif postsecondaire Tate Herbert","item":"https:\/\/ojen.ca\/fr\/a-propos\/prix-du-roej\/le-prix-commemoratif-postsecondaire-tate-herbert\/"},{"@type":"ListItem","position":5,"name":"2019 Rebecca Strain"}]},{"@type":"WebSite","@id":"https:\/\/ojen.ca\/en\/#website","url":"https:\/\/ojen.ca\/en\/","name":"OJEN","description":"","potentialAction":[{"@type":"SearchAction","target":{"@type":"EntryPoint","urlTemplate":"https:\/\/ojen.ca\/en\/?s={search_term_string}"},"query-input":{"@type":"PropertyValueSpecification","valueRequired":true,"valueName":"search_term_string"}}],"inLanguage":"fr-CA"}]}},"_links":{"self":[{"href":"https:\/\/ojen.ca\/fr\/wp-json\/wp\/v2\/pages\/16394"}],"collection":[{"href":"https:\/\/ojen.ca\/fr\/wp-json\/wp\/v2\/pages"}],"about":[{"href":"https:\/\/ojen.ca\/fr\/wp-json\/wp\/v2\/types\/page"}],"author":[{"embeddable":true,"href":"https:\/\/ojen.ca\/fr\/wp-json\/wp\/v2\/users\/1232"}],"replies":[{"embeddable":true,"href":"https:\/\/ojen.ca\/fr\/wp-json\/wp\/v2\/comments?post=16394"}],"version-history":[{"count":0,"href":"https:\/\/ojen.ca\/fr\/wp-json\/wp\/v2\/pages\/16394\/revisions"}],"up":[{"embeddable":true,"href":"https:\/\/ojen.ca\/fr\/wp-json\/wp\/v2\/pages\/7995"}],"wp:attachment":[{"href":"https:\/\/ojen.ca\/fr\/wp-json\/wp\/v2\/media?parent=16394"}],"curies":[{"name":"wp","href":"https:\/\/api.w.org\/{rel}","templated":true}]}}