{"id":22084,"date":"2021-11-05T11:50:38","date_gmt":"2021-11-05T15:50:38","guid":{"rendered":"https:\/\/ojen.ca\/?page_id=22084"},"modified":"2025-07-29T14:50:34","modified_gmt":"2025-07-29T18:50:34","slug":"faire-un-don","status":"publish","type":"page","link":"https:\/\/ojen.ca\/fr\/faire-un-don\/","title":{"rendered":"Faire un don"},"content":{"rendered":"\n<section class=\"wp-block-tco2025-blocks-section-block has-white-bg\"><div class=\"layout__container\">\n<div class=\"wp-block-columns is-layout-flex wp-container-core-columns-is-layout-1 wp-block-columns-is-layout-flex\">\n<div class=\"wp-block-column is-layout-flow wp-block-column-is-layout-flow\"><\/div>\n\n\n\n<div class=\"wp-block-column is-layout-flow wp-block-column-is-layout-flow\" style=\"flex-basis:720px\">\n<h2 class=\"wp-block-heading has-text-align-center\"><strong>Faites un don<\/strong><\/h2>\n\n\n\n<p class=\"has-text-align-center\">En tant qu\u2019organisme de bienfaisance \u00e0 but non lucratif, chaque don fait une diff\u00e9rence. Votre soutien permet \u00e0 davantage de jeunes de se familiariser avec la loi.<\/p>\n<\/div>\n\n\n\n<div class=\"wp-block-column is-layout-flow wp-block-column-is-layout-flow\"><\/div>\n<\/div>\n\n\n\n<div class=\"wp-block-tco2025-blocks-image-with-text-block column-box\"><div class=\"column-box__part\"><h3 class=\"column-box__heading\"><strong>Les dons sont extr\u00eamement importants pour nous !<\/strong><\/h3><p class=\"column-box__text\">Les dons sont extr\u00eamement importants pour nous! Contrairement aux autres types de financement, lesquels doivent \u00eatre affect\u00e9s \u00e0 des programmes en particulier, les dons peuvent \u00eatre utilis\u00e9s pour r\u00e9pondre aux besoins les plus pressants. Ils nous permettent de faire face \u00e0 des impr\u00e9vus et \u00e0 des demandes sp\u00e9ciales auxquelles nous ne pourrions pas r\u00e9pondre autrement.<\/p><\/div><img decoding=\"async\" class=\"column-box__image\" src=\"https:\/\/ojen.ca\/wp-content\/uploads\/2025\/06\/Students-Sitting-and-Talking-scaled.jpg\" srcset=\"\" sizes=\"\" loading=\"lazy\" alt=\"\"\/><\/div>\n<\/div><\/section>\n\n\n\n<section class=\"wp-block-tco2025-blocks-section-block has-white-bg\"><div class=\"layout__container\">\n<div class=\"wp-block-tco2025-blocks-two-column-preview-block about-us\"><div class=\"preview-list has-two-columns\"><article class=\"preview about-us\"><a class=\"preview__inner\" href=\"\"><div><h4 class=\"preview__heading\">Dons g\u00e9n\u00e9raux<\/h4><p class=\"preview__text\">Soutenez nos programmes d\u2019\u00e9ducation juridique destin\u00e9s aux jeunes de tout l\u2019Ontario.<\/p><div class=\"icon-link\"><span><\/span><span><svg width=\"24\" height=\"8\" viewBox=\"0 0 24 8\" fill=\"none\" xmlns=\"http:\/\/www.w3.org\/2000\/svg\"><path fill-rule=\"evenodd\" clip-rule=\"evenodd\" d=\"M20.7395 0.159095L23.8565 3.61591C24.0478 3.82804 24.0478 4.17196 23.8565 4.38409L20.7395 7.8409C20.5482 8.05303 20.2381 8.05303 20.0468 7.8409C19.8555 7.62878 19.8555 7.28485 20.0468 7.07272L22.3277 4.54319H0V3.45681H22.3277L20.0468 0.927276C19.8555 0.715149 19.8555 0.371223 20.0468 0.159095C20.2381 -0.0530318 20.5482 -0.0530318 20.7395 0.159095Z\" fill=\"#3573B9\"><\/path><\/svg><\/span><\/div><\/div><\/a><\/article><article class=\"preview about-us\"><a class=\"preview__inner\" href=\"\"><div><h4 class=\"preview__heading\">Tate\u2019s Tableaux<\/h4><p class=\"preview__text\">Cette campagne de collecte de fonds, qui a lieu en octobre chaque ann\u00e9e, comm\u00e9more la m\u00e9moire de Tate Herbert.<\/p><div class=\"icon-link\"><span><\/span><span><svg width=\"24\" height=\"8\" viewBox=\"0 0 24 8\" fill=\"none\" xmlns=\"http:\/\/www.w3.org\/2000\/svg\"><path fill-rule=\"evenodd\" clip-rule=\"evenodd\" d=\"M20.7395 0.159095L23.8565 3.61591C24.0478 3.82804 24.0478 4.17196 23.8565 4.38409L20.7395 7.8409C20.5482 8.05303 20.2381 8.05303 20.0468 7.8409C19.8555 7.62878 19.8555 7.28485 20.0468 7.07272L22.3277 4.54319H0V3.45681H22.3277L20.0468 0.927276C19.8555 0.715149 19.8555 0.371223 20.0468 0.159095C20.2381 -0.0530318 20.5482 -0.0530318 20.7395 0.159095Z\" fill=\"#3573B9\"><\/path><\/svg><\/span><\/div><\/div><\/a><\/article><\/div><div class=\"preview-list has-two-columns\"><article class=\"preview about-us\"><a class=\"preview__inner\" href=\"\"><div><h4 class=\"preview__heading\">Campagne de fin d\u2019ann\u00e9e<\/h4><p class=\"preview__text\">Soutenez notre campagne de fin d\u2019ann\u00e9e. Offrez le cadeau de l\u2019\u00e9ducation juridique.<\/p><div class=\"icon-link\"><span><\/span><span><svg width=\"24\" height=\"8\" viewBox=\"0 0 24 8\" fill=\"none\" xmlns=\"http:\/\/www.w3.org\/2000\/svg\"><path fill-rule=\"evenodd\" clip-rule=\"evenodd\" d=\"M20.7395 0.159095L23.8565 3.61591C24.0478 3.82804 24.0478 4.17196 23.8565 4.38409L20.7395 7.8409C20.5482 8.05303 20.2381 8.05303 20.0468 7.8409C19.8555 7.62878 19.8555 7.28485 20.0468 7.07272L22.3277 4.54319H0V3.45681H22.3277L20.0468 0.927276C19.8555 0.715149 19.8555 0.371223 20.0468 0.159095C20.2381 -0.0530318 20.5482 -0.0530318 20.7395 0.159095Z\" fill=\"#3573B9\"><\/path><\/svg><\/span><\/div><\/div><\/a><\/article><\/div><\/div>\n<\/div><\/section>\n\n\n\n<section class=\"wp-block-tco2025-blocks-section-block has-grey-bg\"><div class=\"layout__container\">\n<div class=\"wp-block-tco2025-blocks-image-with-text-block column-box\"><div class=\"column-box__part\"><h3 class=\"column-box__heading\"><strong><strong>Faites un don personnel <\/strong><\/strong><\/h3><p class=\"column-box__text\">Votre don au ROEJ permet de soutenir des programmes qui profitent aux jeunes de tout l\u2019Ontario. L\u2019\u00e9ducation juridique peut faire une diff\u00e9rence profonde dans la vie quotidienne des jeunes et peut \u00eatre un outil de changement social.<\/p>\n<a class=\"wp-block-tco2025-blocks-button-block button button--primary\" href=\"\/fr\/faire-un-don\/faire-un-don-personnel\/\"><span>Faire un don personnel<\/span><\/a>\n<\/div><img decoding=\"async\" class=\"column-box__image\" src=\"https:\/\/ojen.ca\/wp-content\/uploads\/2025\/06\/Personal-donation.jpg\" srcset=\"\" sizes=\"\" loading=\"lazy\" alt=\"\"\/><\/div>\n<\/div><\/section>\n\n\n\n<section class=\"wp-block-tco2025-blocks-section-block has-white-bg\"><div class=\"layout__container\">\n<div class=\"wp-block-tco2025-blocks-image-with-text-block column-box\"><img decoding=\"async\" class=\"column-box__image\" src=\"https:\/\/ojen.ca\/wp-content\/uploads\/2025\/06\/Organization-scaled.jpg\" srcset=\"\" sizes=\"\" loading=\"lazy\" alt=\"\"\/><div class=\"column-box__part\"><h3 class=\"column-box__heading\"><strong><strong><strong>Faites un don au nom de votre organisation<\/strong><\/strong><\/strong><\/h3><p class=\"column-box__text\">Votre organisation peut faire une diff\u00e9rence significative en soutenant les programmes d\u2019\u00e9ducation juridique du ROEJ destin\u00e9s aux jeunes, tant dans les \u00e9coles que dans les diff\u00e9rentes communaut\u00e9s de la province.<\/p>\n<a class=\"wp-block-tco2025-blocks-button-block button button--primary\" href=\"\/fr\/faire-un-don\/faire-un-don-au-nom-dune-organisation\/\"><span>Faire un don<\/span><\/a>\n<\/div><\/div>\n<\/div><\/section>\n\n\n\n<section class=\"wp-block-tco2025-blocks-section-block has-white-bg\"><div class=\"layout__container\">\n<div id=\"info-box-399104\" class=\"wp-block-tco2025-blocks-info-box-block desc-box\"><div class=\"desc-box__wrapper\"><h4 class=\"desc-box__title\">Le ROEJ est un organisme de bienfaisance \u00e0 but non lucratif.<\/h4><div class=\"desc-box__text\"><p>Nous sommes heureux de vous fournir un re\u00e7u fiscal et de reconna\u00eetre votre don sur la page des donateurs de notre site web.<br>Num\u00e9ro d&rsquo;enregistrement d&rsquo;organisme de bienfaisance : 85548 9134 RR0001<\/p><\/div><\/div><style>#info-box-399104 .desc-box__button {}#info-box-399104 .desc-box__button:hover {}<\/style><\/div>\n<\/div><\/section>\n","protected":false},"excerpt":{"rendered":"","protected":false},"author":4,"featured_media":29746,"parent":0,"menu_order":0,"comment_status":"closed","ping_status":"closed","template":"template-blocks.php","meta":{"_acf_changed":false,"_eb_attr":"","inline_featured_image":false,"ub_ctt_via":"","footnotes":""},"class_list":["post-22084","page","type-page","status-publish","has-post-thumbnail","hentry"],"acf":[],"featured_image_src":"https:\/\/ojen.ca\/wp-content\/uploads\/2025\/06\/Donate-Hero-scaled.jpg","yoast_head":"<!-- This site is optimized with the Yoast SEO plugin v25.3 - https:\/\/yoast.com\/wordpress\/plugins\/seo\/ -->\n<title>Faire un don - OJEN<\/title>\n<meta name=\"robots\" content=\"index, follow, max-snippet:-1, max-image-preview:large, max-video-preview:-1\" \/>\n<link rel=\"canonical\" href=\"https:\/\/ojen.ca\/fr\/faire-un-don\/\" \/>\n<meta property=\"og:locale\" content=\"fr_CA\" \/>\n<meta property=\"og:type\" content=\"article\" \/>\n<meta property=\"og:title\" content=\"Faire un don - OJEN\" \/>\n<meta property=\"og:url\" content=\"https:\/\/ojen.ca\/fr\/faire-un-don\/\" \/>\n<meta property=\"og:site_name\" content=\"OJEN\" \/>\n<meta property=\"article:publisher\" content=\"https:\/\/www.facebook.com\/pages\/OJEN\/252115501467864\" \/>\n<meta property=\"article:modified_time\" content=\"2025-07-29T18:50:34+00:00\" \/>\n<meta property=\"og:image\" content=\"https:\/\/ojen.ca\/wp-content\/uploads\/2025\/06\/Donate-Hero-scaled.jpg\" \/>\n\t<meta property=\"og:image:width\" content=\"2560\" \/>\n\t<meta property=\"og:image:height\" content=\"711\" \/>\n\t<meta property=\"og:image:type\" content=\"image\/jpeg\" \/>\n<meta name=\"twitter:card\" content=\"summary_large_image\" \/>\n<meta name=\"twitter:site\" content=\"@OJEN_ROEJ\" \/>\n<meta name=\"twitter:label1\" content=\"Estimation du temps de lecture\" \/>\n\t<meta name=\"twitter:data1\" content=\"2 minutes\" \/>\n<script type=\"application\/ld+json\" class=\"yoast-schema-graph\">{\"@context\":\"https:\/\/schema.org\",\"@graph\":[{\"@type\":\"WebPage\",\"@id\":\"https:\/\/ojen.ca\/fr\/faire-un-don\/\",\"url\":\"https:\/\/ojen.ca\/fr\/faire-un-don\/\",\"name\":\"Faire un don - OJEN\",\"isPartOf\":{\"@id\":\"https:\/\/ojen.ca\/en\/#website\"},\"primaryImageOfPage\":{\"@id\":\"https:\/\/ojen.ca\/fr\/faire-un-don\/#primaryimage\"},\"image\":{\"@id\":\"https:\/\/ojen.ca\/fr\/faire-un-don\/#primaryimage\"},\"thumbnailUrl\":\"https:\/\/ojen.ca\/wp-content\/uploads\/2025\/06\/Donate-Hero-scaled.jpg\",\"datePublished\":\"2021-11-05T15:50:38+00:00\",\"dateModified\":\"2025-07-29T18:50:34+00:00\",\"breadcrumb\":{\"@id\":\"https:\/\/ojen.ca\/fr\/faire-un-don\/#breadcrumb\"},\"inLanguage\":\"fr-CA\",\"potentialAction\":[{\"@type\":\"ReadAction\",\"target\":[\"https:\/\/ojen.ca\/fr\/faire-un-don\/\"]}]},{\"@type\":\"ImageObject\",\"inLanguage\":\"fr-CA\",\"@id\":\"https:\/\/ojen.ca\/fr\/faire-un-don\/#primaryimage\",\"url\":\"https:\/\/ojen.ca\/wp-content\/uploads\/2025\/06\/Donate-Hero-scaled.jpg\",\"contentUrl\":\"https:\/\/ojen.ca\/wp-content\/uploads\/2025\/06\/Donate-Hero-scaled.jpg\",\"width\":2560,\"height\":711},{\"@type\":\"BreadcrumbList\",\"@id\":\"https:\/\/ojen.ca\/fr\/faire-un-don\/#breadcrumb\",\"itemListElement\":[{\"@type\":\"ListItem\",\"position\":1,\"name\":\"Home\",\"item\":\"https:\/\/ojen.ca\/fr\/\"},{\"@type\":\"ListItem\",\"position\":2,\"name\":\"Faire un don\"}]},{\"@type\":\"WebSite\",\"@id\":\"https:\/\/ojen.ca\/en\/#website\",\"url\":\"https:\/\/ojen.ca\/en\/\",\"name\":\"OJEN\",\"description\":\"\",\"potentialAction\":[{\"@type\":\"SearchAction\",\"target\":{\"@type\":\"EntryPoint\",\"urlTemplate\":\"https:\/\/ojen.ca\/en\/?s={search_term_string}\"},\"query-input\":{\"@type\":\"PropertyValueSpecification\",\"valueRequired\":true,\"valueName\":\"search_term_string\"}}],\"inLanguage\":\"fr-CA\"}]}<\/script>\n<!-- \/ Yoast SEO plugin. -->","yoast_head_json":{"title":"Faire un don - OJEN","robots":{"index":"index","follow":"follow","max-snippet":"max-snippet:-1","max-image-preview":"max-image-preview:large","max-video-preview":"max-video-preview:-1"},"canonical":"https:\/\/ojen.ca\/fr\/faire-un-don\/","og_locale":"fr_CA","og_type":"article","og_title":"Faire un don - OJEN","og_url":"https:\/\/ojen.ca\/fr\/faire-un-don\/","og_site_name":"OJEN","article_publisher":"https:\/\/www.facebook.com\/pages\/OJEN\/252115501467864","article_modified_time":"2025-07-29T18:50:34+00:00","og_image":[{"width":2560,"height":711,"url":"https:\/\/ojen.ca\/wp-content\/uploads\/2025\/06\/Donate-Hero-scaled.jpg","type":"image\/jpeg"}],"twitter_card":"summary_large_image","twitter_site":"@OJEN_ROEJ","twitter_misc":{"Estimation du temps de lecture":"2 minutes"},"schema":{"@context":"https:\/\/schema.org","@graph":[{"@type":"WebPage","@id":"https:\/\/ojen.ca\/fr\/faire-un-don\/","url":"https:\/\/ojen.ca\/fr\/faire-un-don\/","name":"Faire un don - OJEN","isPartOf":{"@id":"https:\/\/ojen.ca\/en\/#website"},"primaryImageOfPage":{"@id":"https:\/\/ojen.ca\/fr\/faire-un-don\/#primaryimage"},"image":{"@id":"https:\/\/ojen.ca\/fr\/faire-un-don\/#primaryimage"},"thumbnailUrl":"https:\/\/ojen.ca\/wp-content\/uploads\/2025\/06\/Donate-Hero-scaled.jpg","datePublished":"2021-11-05T15:50:38+00:00","dateModified":"2025-07-29T18:50:34+00:00","breadcrumb":{"@id":"https:\/\/ojen.ca\/fr\/faire-un-don\/#breadcrumb"},"inLanguage":"fr-CA","potentialAction":[{"@type":"ReadAction","target":["https:\/\/ojen.ca\/fr\/faire-un-don\/"]}]},{"@type":"ImageObject","inLanguage":"fr-CA","@id":"https:\/\/ojen.ca\/fr\/faire-un-don\/#primaryimage","url":"https:\/\/ojen.ca\/wp-content\/uploads\/2025\/06\/Donate-Hero-scaled.jpg","contentUrl":"https:\/\/ojen.ca\/wp-content\/uploads\/2025\/06\/Donate-Hero-scaled.jpg","width":2560,"height":711},{"@type":"BreadcrumbList","@id":"https:\/\/ojen.ca\/fr\/faire-un-don\/#breadcrumb","itemListElement":[{"@type":"ListItem","position":1,"name":"Home","item":"https:\/\/ojen.ca\/fr\/"},{"@type":"ListItem","position":2,"name":"Faire un don"}]},{"@type":"WebSite","@id":"https:\/\/ojen.ca\/en\/#website","url":"https:\/\/ojen.ca\/en\/","name":"OJEN","description":"","potentialAction":[{"@type":"SearchAction","target":{"@type":"EntryPoint","urlTemplate":"https:\/\/ojen.ca\/en\/?s={search_term_string}"},"query-input":{"@type":"PropertyValueSpecification","valueRequired":true,"valueName":"search_term_string"}}],"inLanguage":"fr-CA"}]}},"_links":{"self":[{"href":"https:\/\/ojen.ca\/fr\/wp-json\/wp\/v2\/pages\/22084"}],"collection":[{"href":"https:\/\/ojen.ca\/fr\/wp-json\/wp\/v2\/pages"}],"about":[{"href":"https:\/\/ojen.ca\/fr\/wp-json\/wp\/v2\/types\/page"}],"author":[{"embeddable":true,"href":"https:\/\/ojen.ca\/fr\/wp-json\/wp\/v2\/users\/4"}],"replies":[{"embeddable":true,"href":"https:\/\/ojen.ca\/fr\/wp-json\/wp\/v2\/comments?post=22084"}],"version-history":[{"count":0,"href":"https:\/\/ojen.ca\/fr\/wp-json\/wp\/v2\/pages\/22084\/revisions"}],"wp:featuredmedia":[{"embeddable":true,"href":"https:\/\/ojen.ca\/fr\/wp-json\/wp\/v2\/media\/29746"}],"wp:attachment":[{"href":"https:\/\/ojen.ca\/fr\/wp-json\/wp\/v2\/media?parent=22084"}],"curies":[{"name":"wp","href":"https:\/\/api.w.org\/{rel}","templated":true}]}}