{"id":30171,"date":"2025-07-10T03:26:14","date_gmt":"2025-07-10T07:26:14","guid":{"rendered":"https:\/\/ojen.ca\/?page_id=30171"},"modified":"2025-07-12T04:44:43","modified_gmt":"2025-07-12T08:44:43","slug":"soutenez-nous","status":"publish","type":"page","link":"https:\/\/ojen.ca\/fr\/contribuer-au-travail-du-roej\/soutenez-nous\/","title":{"rendered":"Soutenez-nous"},"content":{"rendered":"\n<section class=\"wp-block-tco2025-blocks-section-block has-white-bg\"><div class=\"layout__container\">\n<p>En tant qu\u2019organisme de bienfaisance sans but lucratif, les dons en argent et les dons en nature sont extr\u00eamement importants pour nous. Contrairement aux fonds destin\u00e9s \u00e0 des projets sp\u00e9cifiques, les dons individuels peuvent \u00eatre dirig\u00e9s l\u00e0 o\u00f9 les besoins sont les plus grands. Cela nous permet de r\u00e9agir \u00e0 des circonstances inattendues et d\u2019offrir des programmes dans des cas o\u00f9 il nous serait autrement impossible de le faire.<\/p>\n\n\n\n<p>Les initiatives d\u2019\u00e9ducation juridique du ROEJ donnent aux jeunes les moyens d\u2019agir en leur apprenant comment fonctionne le syst\u00e8me de justice, en leur donnant l\u2019occasion d\u2019\u00e9tablir des rapports avec des professionnels, et en les aidant \u00e0 acqu\u00e9rir les comp\u00e9tences n\u00e9cessaires pour g\u00e9rer les aspects juridiques de leur vie. Gr\u00e2ce \u00e0 votre soutien, davantage de jeunes peuvent b\u00e9n\u00e9ficier des importants programmes et des pr\u00e9cieuses ressources du ROEJ.<\/p>\n\n\n\n<p>Que vous fassiez un don, que vous organisiez une collecte de fonds en notre nom ou que vous commanditiez l\u2019un de nos programmes, vous contribuerez \u00e0 faire une diff\u00e9rence v\u00e9ritable dans la vie des jeunes d\u2019un bout \u00e0 l\u2019autre de l\u2019Ontario.<\/p>\n\n\n\n<p>N<sup>o<\/sup> d\u2019enregistrement d\u2019organisme de bienfaisance&nbsp;: 85548 9134 RR0001<\/p>\n<\/div><\/section>\n\n\n\n<section class=\"wp-block-tco2025-blocks-section-block has-grey-bg\"><div class=\"layout__container\">\n<div class=\"wp-block-tco2025-blocks-two-column-preview-block about-us\"><div class=\"preview-list has-two-columns\"><article class=\"preview about-us\"><a class=\"preview__inner\" href=\"\/fr\/faire-un-don\/\"><div><h4 class=\"preview__heading\">Faire un don en argent<\/h4><p class=\"preview__text\"><\/p><div class=\"icon-link\"><span>En savoir plus <\/span><span><svg width=\"24\" height=\"8\" viewBox=\"0 0 24 8\" fill=\"none\" xmlns=\"http:\/\/www.w3.org\/2000\/svg\"><path fill-rule=\"evenodd\" clip-rule=\"evenodd\" d=\"M20.7395 0.159095L23.8565 3.61591C24.0478 3.82804 24.0478 4.17196 23.8565 4.38409L20.7395 7.8409C20.5482 8.05303 20.2381 8.05303 20.0468 7.8409C19.8555 7.62878 19.8555 7.28485 20.0468 7.07272L22.3277 4.54319H0V3.45681H22.3277L20.0468 0.927276C19.8555 0.715149 19.8555 0.371223 20.0468 0.159095C20.2381 -0.0530318 20.5482 -0.0530318 20.7395 0.159095Z\" fill=\"#3573B9\"><\/path><\/svg><\/span><\/div><\/div><\/a><\/article><article class=\"preview about-us\"><a class=\"preview__inner\" href=\"\/fr\/contribuer-au-travail-du-roej\/nous-commanditer\/\"><div><h4 class=\"preview__heading\">Commanditer un projet ou un \u00e9v\u00e9nement<\/h4><p class=\"preview__text\"><\/p><div class=\"icon-link\"><span>En savoir plus <\/span><span><svg width=\"24\" height=\"8\" viewBox=\"0 0 24 8\" fill=\"none\" xmlns=\"http:\/\/www.w3.org\/2000\/svg\"><path fill-rule=\"evenodd\" clip-rule=\"evenodd\" d=\"M20.7395 0.159095L23.8565 3.61591C24.0478 3.82804 24.0478 4.17196 23.8565 4.38409L20.7395 7.8409C20.5482 8.05303 20.2381 8.05303 20.0468 7.8409C19.8555 7.62878 19.8555 7.28485 20.0468 7.07272L22.3277 4.54319H0V3.45681H22.3277L20.0468 0.927276C19.8555 0.715149 19.8555 0.371223 20.0468 0.159095C20.2381 -0.0530318 20.5482 -0.0530318 20.7395 0.159095Z\" fill=\"#3573B9\"><\/path><\/svg><\/span><\/div><\/div><\/a><\/article><article class=\"preview about-us\"><a class=\"preview__inner\" href=\"\/fr\/contribuer-au-travail-du-roej\/nominate-award\/\"><div><h4 class=\"preview__heading\">Proposer une personne pour un prix<\/h4><p class=\"preview__text\"><\/p><div class=\"icon-link\"><span>En savoir plus <\/span><span><svg width=\"24\" height=\"8\" viewBox=\"0 0 24 8\" fill=\"none\" xmlns=\"http:\/\/www.w3.org\/2000\/svg\"><path fill-rule=\"evenodd\" clip-rule=\"evenodd\" d=\"M20.7395 0.159095L23.8565 3.61591C24.0478 3.82804 24.0478 4.17196 23.8565 4.38409L20.7395 7.8409C20.5482 8.05303 20.2381 8.05303 20.0468 7.8409C19.8555 7.62878 19.8555 7.28485 20.0468 7.07272L22.3277 4.54319H0V3.45681H22.3277L20.0468 0.927276C19.8555 0.715149 19.8555 0.371223 20.0468 0.159095C20.2381 -0.0530318 20.5482 -0.0530318 20.7395 0.159095Z\" fill=\"#3573B9\"><\/path><\/svg><\/span><\/div><\/div><\/a><\/article><\/div><div class=\"preview-list has-two-columns\"><article class=\"preview about-us\"><a class=\"preview__inner\" href=\"\/fr\/contribuer-au-travail-du-roej\/faire-don-de-vos-toges-ou-codes-criminels\/\"><div><h4 class=\"preview__heading\">Faire don de toges ou de codes criminels<\/h4><p class=\"preview__text\"><\/p><div class=\"icon-link\"><span>En savoir plus <\/span><span><svg width=\"24\" height=\"8\" viewBox=\"0 0 24 8\" fill=\"none\" xmlns=\"http:\/\/www.w3.org\/2000\/svg\"><path fill-rule=\"evenodd\" clip-rule=\"evenodd\" d=\"M20.7395 0.159095L23.8565 3.61591C24.0478 3.82804 24.0478 4.17196 23.8565 4.38409L20.7395 7.8409C20.5482 8.05303 20.2381 8.05303 20.0468 7.8409C19.8555 7.62878 19.8555 7.28485 20.0468 7.07272L22.3277 4.54319H0V3.45681H22.3277L20.0468 0.927276C19.8555 0.715149 19.8555 0.371223 20.0468 0.159095C20.2381 -0.0530318 20.5482 -0.0530318 20.7395 0.159095Z\" fill=\"#3573B9\"><\/path><\/svg><\/span><\/div><\/div><\/a><\/article><article class=\"preview about-us\"><a class=\"preview__inner\" href=\"\/fr\/contribuer-au-travail-du-roej\/organiser-une-collecte-de-fonds\/\"><div><h4 class=\"preview__heading\">Organiser une collecte de fonds<\/h4><p class=\"preview__text\"><\/p><div class=\"icon-link\"><span>En savoir plus <\/span><span><svg width=\"24\" height=\"8\" viewBox=\"0 0 24 8\" fill=\"none\" xmlns=\"http:\/\/www.w3.org\/2000\/svg\"><path fill-rule=\"evenodd\" clip-rule=\"evenodd\" d=\"M20.7395 0.159095L23.8565 3.61591C24.0478 3.82804 24.0478 4.17196 23.8565 4.38409L20.7395 7.8409C20.5482 8.05303 20.2381 8.05303 20.0468 7.8409C19.8555 7.62878 19.8555 7.28485 20.0468 7.07272L22.3277 4.54319H0V3.45681H22.3277L20.0468 0.927276C19.8555 0.715149 19.8555 0.371223 20.0468 0.159095C20.2381 -0.0530318 20.5482 -0.0530318 20.7395 0.159095Z\" fill=\"#3573B9\"><\/path><\/svg><\/span><\/div><\/div><\/a><\/article><\/div><\/div>\n<\/div><\/section>\n","protected":false},"excerpt":{"rendered":"","protected":false},"author":2,"featured_media":0,"parent":8030,"menu_order":0,"comment_status":"closed","ping_status":"closed","template":"template-blocks.php","meta":{"_acf_changed":false,"_eb_attr":"","inline_featured_image":false,"ub_ctt_via":"","footnotes":""},"class_list":["post-30171","page","type-page","status-publish","hentry"],"acf":[],"featured_image_src":null,"yoast_head":"<!-- This site is optimized with the Yoast SEO plugin v25.3 - https:\/\/yoast.com\/wordpress\/plugins\/seo\/ -->\n<title>Soutenez-nous - OJEN<\/title>\n<meta name=\"robots\" content=\"index, follow, max-snippet:-1, max-image-preview:large, max-video-preview:-1\" \/>\n<link rel=\"canonical\" href=\"https:\/\/ojen.ca\/fr\/contribuer-au-travail-du-roej\/soutenez-nous\/\" \/>\n<meta property=\"og:locale\" content=\"fr_CA\" \/>\n<meta property=\"og:type\" content=\"article\" \/>\n<meta property=\"og:title\" content=\"Soutenez-nous - OJEN\" \/>\n<meta property=\"og:url\" content=\"https:\/\/ojen.ca\/fr\/contribuer-au-travail-du-roej\/soutenez-nous\/\" \/>\n<meta property=\"og:site_name\" content=\"OJEN\" \/>\n<meta property=\"article:publisher\" content=\"https:\/\/www.facebook.com\/pages\/OJEN\/252115501467864\" \/>\n<meta property=\"article:modified_time\" content=\"2025-07-12T08:44:43+00:00\" \/>\n<meta name=\"twitter:card\" content=\"summary_large_image\" \/>\n<meta name=\"twitter:site\" content=\"@OJEN_ROEJ\" \/>\n<meta name=\"twitter:label1\" content=\"Estimation du temps de lecture\" \/>\n\t<meta name=\"twitter:data1\" content=\"2 minutes\" \/>\n<script type=\"application\/ld+json\" class=\"yoast-schema-graph\">{\"@context\":\"https:\/\/schema.org\",\"@graph\":[{\"@type\":\"WebPage\",\"@id\":\"https:\/\/ojen.ca\/fr\/contribuer-au-travail-du-roej\/soutenez-nous\/\",\"url\":\"https:\/\/ojen.ca\/fr\/contribuer-au-travail-du-roej\/soutenez-nous\/\",\"name\":\"Soutenez-nous - OJEN\",\"isPartOf\":{\"@id\":\"https:\/\/ojen.ca\/en\/#website\"},\"datePublished\":\"2025-07-10T07:26:14+00:00\",\"dateModified\":\"2025-07-12T08:44:43+00:00\",\"breadcrumb\":{\"@id\":\"https:\/\/ojen.ca\/fr\/contribuer-au-travail-du-roej\/soutenez-nous\/#breadcrumb\"},\"inLanguage\":\"fr-CA\",\"potentialAction\":[{\"@type\":\"ReadAction\",\"target\":[\"https:\/\/ojen.ca\/fr\/contribuer-au-travail-du-roej\/soutenez-nous\/\"]}]},{\"@type\":\"BreadcrumbList\",\"@id\":\"https:\/\/ojen.ca\/fr\/contribuer-au-travail-du-roej\/soutenez-nous\/#breadcrumb\",\"itemListElement\":[{\"@type\":\"ListItem\",\"position\":1,\"name\":\"Home\",\"item\":\"https:\/\/ojen.ca\/fr\/\"},{\"@type\":\"ListItem\",\"position\":2,\"name\":\"Comment s\u2019impliquer\",\"item\":\"https:\/\/ojen.ca\/en\/get-involved\/\"},{\"@type\":\"ListItem\",\"position\":3,\"name\":\"Soutenez-nous\"}]},{\"@type\":\"WebSite\",\"@id\":\"https:\/\/ojen.ca\/en\/#website\",\"url\":\"https:\/\/ojen.ca\/en\/\",\"name\":\"OJEN\",\"description\":\"\",\"potentialAction\":[{\"@type\":\"SearchAction\",\"target\":{\"@type\":\"EntryPoint\",\"urlTemplate\":\"https:\/\/ojen.ca\/en\/?s={search_term_string}\"},\"query-input\":{\"@type\":\"PropertyValueSpecification\",\"valueRequired\":true,\"valueName\":\"search_term_string\"}}],\"inLanguage\":\"fr-CA\"}]}<\/script>\n<!-- \/ Yoast SEO plugin. -->","yoast_head_json":{"title":"Soutenez-nous - OJEN","robots":{"index":"index","follow":"follow","max-snippet":"max-snippet:-1","max-image-preview":"max-image-preview:large","max-video-preview":"max-video-preview:-1"},"canonical":"https:\/\/ojen.ca\/fr\/contribuer-au-travail-du-roej\/soutenez-nous\/","og_locale":"fr_CA","og_type":"article","og_title":"Soutenez-nous - OJEN","og_url":"https:\/\/ojen.ca\/fr\/contribuer-au-travail-du-roej\/soutenez-nous\/","og_site_name":"OJEN","article_publisher":"https:\/\/www.facebook.com\/pages\/OJEN\/252115501467864","article_modified_time":"2025-07-12T08:44:43+00:00","twitter_card":"summary_large_image","twitter_site":"@OJEN_ROEJ","twitter_misc":{"Estimation du temps de lecture":"2 minutes"},"schema":{"@context":"https:\/\/schema.org","@graph":[{"@type":"WebPage","@id":"https:\/\/ojen.ca\/fr\/contribuer-au-travail-du-roej\/soutenez-nous\/","url":"https:\/\/ojen.ca\/fr\/contribuer-au-travail-du-roej\/soutenez-nous\/","name":"Soutenez-nous - OJEN","isPartOf":{"@id":"https:\/\/ojen.ca\/en\/#website"},"datePublished":"2025-07-10T07:26:14+00:00","dateModified":"2025-07-12T08:44:43+00:00","breadcrumb":{"@id":"https:\/\/ojen.ca\/fr\/contribuer-au-travail-du-roej\/soutenez-nous\/#breadcrumb"},"inLanguage":"fr-CA","potentialAction":[{"@type":"ReadAction","target":["https:\/\/ojen.ca\/fr\/contribuer-au-travail-du-roej\/soutenez-nous\/"]}]},{"@type":"BreadcrumbList","@id":"https:\/\/ojen.ca\/fr\/contribuer-au-travail-du-roej\/soutenez-nous\/#breadcrumb","itemListElement":[{"@type":"ListItem","position":1,"name":"Home","item":"https:\/\/ojen.ca\/fr\/"},{"@type":"ListItem","position":2,"name":"Comment s\u2019impliquer","item":"https:\/\/ojen.ca\/en\/get-involved\/"},{"@type":"ListItem","position":3,"name":"Soutenez-nous"}]},{"@type":"WebSite","@id":"https:\/\/ojen.ca\/en\/#website","url":"https:\/\/ojen.ca\/en\/","name":"OJEN","description":"","potentialAction":[{"@type":"SearchAction","target":{"@type":"EntryPoint","urlTemplate":"https:\/\/ojen.ca\/en\/?s={search_term_string}"},"query-input":{"@type":"PropertyValueSpecification","valueRequired":true,"valueName":"search_term_string"}}],"inLanguage":"fr-CA"}]}},"_links":{"self":[{"href":"https:\/\/ojen.ca\/fr\/wp-json\/wp\/v2\/pages\/30171"}],"collection":[{"href":"https:\/\/ojen.ca\/fr\/wp-json\/wp\/v2\/pages"}],"about":[{"href":"https:\/\/ojen.ca\/fr\/wp-json\/wp\/v2\/types\/page"}],"author":[{"embeddable":true,"href":"https:\/\/ojen.ca\/fr\/wp-json\/wp\/v2\/users\/2"}],"replies":[{"embeddable":true,"href":"https:\/\/ojen.ca\/fr\/wp-json\/wp\/v2\/comments?post=30171"}],"version-history":[{"count":0,"href":"https:\/\/ojen.ca\/fr\/wp-json\/wp\/v2\/pages\/30171\/revisions"}],"up":[{"embeddable":true,"href":"https:\/\/ojen.ca\/fr\/wp-json\/wp\/v2\/pages\/8030"}],"wp:attachment":[{"href":"https:\/\/ojen.ca\/fr\/wp-json\/wp\/v2\/media?parent=30171"}],"curies":[{"name":"wp","href":"https:\/\/api.w.org\/{rel}","templated":true}]}}