{"id":30173,"date":"2025-07-10T03:28:41","date_gmt":"2025-07-10T07:28:41","guid":{"rendered":"https:\/\/ojen.ca\/?page_id=30173"},"modified":"2025-07-12T04:39:47","modified_gmt":"2025-07-12T08:39:47","slug":"formations-et-ressources","status":"publish","type":"page","link":"https:\/\/ojen.ca\/fr\/contribuer-au-travail-du-roej\/formations-et-ressources\/","title":{"rendered":"Formation de b\u00e9n\u00e9voles et ressources"},"content":{"rendered":"\n<p>Le ROEJ remercie les nombreux et nombreuses b\u00e9n\u00e9voles qui donnent g\u00e9n\u00e9reusement de leur temps pour soutenir nos initiatives d\u2019\u00e9ducation juridique destin\u00e9es aux jeunes de l\u2019Ontario. <strong><\/strong><\/p>\n\n\n\n<p>Le ROEJ offre diverses formations et occasions de perfectionnement professionnel en \u00e9ducation juridique aux enseignants, aux \u00e9ducateurs communautaires et aux autres intervenants qui travaillent aupr\u00e8s des jeunes.<\/p>\n\n\n\n<p>Notre but n\u2019est pas d\u2019apprendre aux enseignants ou aux \u00e9ducateurs communautaires \u00e0 faire leur travail&nbsp;: nous leur fournissons des outils, des id\u00e9es et de l\u2019expertise, nous les aidons \u00e0 se poser des questions et \u00e0 lancer des conversations qui leur permettront d\u2019aider les jeunes \u00e0 en apprendre davantage sur le syst\u00e8me judiciaire et sur la mani\u00e8re de l\u2019appr\u00e9hender.<\/p>\n\n\n\n<p>Nous demandons \u00e0 tous les b\u00e9n\u00e9voles du ROEJ de prendre connaissance de notre <a href=\"https:\/\/ojen.ca\/en\/volunteer-code-of-conduct\">Code de conduite<\/a> avant de s\u2019engager dans une initiative du ROEJ.<\/p>\n\n\n\n<p>Les nouvelles formations et ressources pour les b\u00e9n\u00e9voles seront annonc\u00e9es sur <a href=\"https:\/\/twitter.com\/OJEN_ROEJ\">X<\/a>, <a href=\"https:\/\/www.linkedin.com\/company\/ontario-justice-education-network\/posts\/?feedView=all\">Linkedin<\/a>, <a href=\"https:\/\/www.facebook.com\/OJENROEJ\/\">Facebook<\/a>, <a href=\"https:\/\/www.instagram.com\/ojen_roej\/\">Instagram<\/a> et le <a href=\"https:\/\/ojen.ca\/en\/about\/blog\">blogue du ROEJ<\/a>.<\/p>\n","protected":false},"excerpt":{"rendered":"<p>Le ROEJ remercie les nombreux et nombreuses b\u00e9n\u00e9voles qui donnent g\u00e9n\u00e9reusement de leur temps pour soutenir nos initiatives d\u2019\u00e9ducation juridique destin\u00e9es aux jeunes de l\u2019Ontario. Le ROEJ offre diverses formations et occasions de perfectionnement professionnel en \u00e9ducation juridique aux enseignants, aux \u00e9ducateurs communautaires et aux autres intervenants qui travaillent aupr\u00e8s des jeunes. Notre but n\u2019est [&hellip;]<\/p>\n","protected":false},"author":2,"featured_media":0,"parent":8030,"menu_order":0,"comment_status":"closed","ping_status":"closed","template":"","meta":{"_acf_changed":false,"_eb_attr":"","inline_featured_image":false,"ub_ctt_via":"","footnotes":""},"class_list":["post-30173","page","type-page","status-publish","hentry"],"acf":[],"featured_image_src":null,"yoast_head":"<!-- This site is optimized with the Yoast SEO plugin v25.3 - https:\/\/yoast.com\/wordpress\/plugins\/seo\/ -->\n<title>Formation de b\u00e9n\u00e9voles et ressources - OJEN<\/title>\n<meta name=\"robots\" content=\"index, follow, max-snippet:-1, max-image-preview:large, max-video-preview:-1\" \/>\n<link rel=\"canonical\" href=\"https:\/\/ojen.ca\/fr\/contribuer-au-travail-du-roej\/formations-et-ressources\/\" \/>\n<meta property=\"og:locale\" content=\"fr_CA\" \/>\n<meta property=\"og:type\" content=\"article\" \/>\n<meta property=\"og:title\" content=\"Formation de b\u00e9n\u00e9voles et ressources - OJEN\" \/>\n<meta property=\"og:description\" content=\"Le ROEJ remercie les nombreux et nombreuses b\u00e9n\u00e9voles qui donnent g\u00e9n\u00e9reusement de leur temps pour soutenir nos initiatives d\u2019\u00e9ducation juridique destin\u00e9es aux jeunes de l\u2019Ontario. Le ROEJ offre diverses formations et occasions de perfectionnement professionnel en \u00e9ducation juridique aux enseignants, aux \u00e9ducateurs communautaires et aux autres intervenants qui travaillent aupr\u00e8s des jeunes. Notre but n\u2019est [&hellip;]\" \/>\n<meta property=\"og:url\" content=\"https:\/\/ojen.ca\/fr\/contribuer-au-travail-du-roej\/formations-et-ressources\/\" \/>\n<meta property=\"og:site_name\" content=\"OJEN\" \/>\n<meta property=\"article:publisher\" content=\"https:\/\/www.facebook.com\/pages\/OJEN\/252115501467864\" \/>\n<meta property=\"article:modified_time\" content=\"2025-07-12T08:39:47+00:00\" \/>\n<meta name=\"twitter:card\" content=\"summary_large_image\" \/>\n<meta name=\"twitter:site\" content=\"@OJEN_ROEJ\" \/>\n<meta name=\"twitter:label1\" content=\"Estimation du temps de lecture\" \/>\n\t<meta name=\"twitter:data1\" content=\"1 minute\" \/>\n<script type=\"application\/ld+json\" class=\"yoast-schema-graph\">{\"@context\":\"https:\/\/schema.org\",\"@graph\":[{\"@type\":\"WebPage\",\"@id\":\"https:\/\/ojen.ca\/fr\/contribuer-au-travail-du-roej\/formations-et-ressources\/\",\"url\":\"https:\/\/ojen.ca\/fr\/contribuer-au-travail-du-roej\/formations-et-ressources\/\",\"name\":\"Formation de b\u00e9n\u00e9voles et ressources - OJEN\",\"isPartOf\":{\"@id\":\"https:\/\/ojen.ca\/en\/#website\"},\"datePublished\":\"2025-07-10T07:28:41+00:00\",\"dateModified\":\"2025-07-12T08:39:47+00:00\",\"breadcrumb\":{\"@id\":\"https:\/\/ojen.ca\/fr\/contribuer-au-travail-du-roej\/formations-et-ressources\/#breadcrumb\"},\"inLanguage\":\"fr-CA\",\"potentialAction\":[{\"@type\":\"ReadAction\",\"target\":[\"https:\/\/ojen.ca\/fr\/contribuer-au-travail-du-roej\/formations-et-ressources\/\"]}]},{\"@type\":\"BreadcrumbList\",\"@id\":\"https:\/\/ojen.ca\/fr\/contribuer-au-travail-du-roej\/formations-et-ressources\/#breadcrumb\",\"itemListElement\":[{\"@type\":\"ListItem\",\"position\":1,\"name\":\"Home\",\"item\":\"https:\/\/ojen.ca\/fr\/\"},{\"@type\":\"ListItem\",\"position\":2,\"name\":\"Comment s\u2019impliquer\",\"item\":\"https:\/\/ojen.ca\/en\/get-involved\/\"},{\"@type\":\"ListItem\",\"position\":3,\"name\":\"Formation de b\u00e9n\u00e9voles et ressources\"}]},{\"@type\":\"WebSite\",\"@id\":\"https:\/\/ojen.ca\/en\/#website\",\"url\":\"https:\/\/ojen.ca\/en\/\",\"name\":\"OJEN\",\"description\":\"\",\"potentialAction\":[{\"@type\":\"SearchAction\",\"target\":{\"@type\":\"EntryPoint\",\"urlTemplate\":\"https:\/\/ojen.ca\/en\/?s={search_term_string}\"},\"query-input\":{\"@type\":\"PropertyValueSpecification\",\"valueRequired\":true,\"valueName\":\"search_term_string\"}}],\"inLanguage\":\"fr-CA\"}]}<\/script>\n<!-- \/ Yoast SEO plugin. -->","yoast_head_json":{"title":"Formation de b\u00e9n\u00e9voles et ressources - OJEN","robots":{"index":"index","follow":"follow","max-snippet":"max-snippet:-1","max-image-preview":"max-image-preview:large","max-video-preview":"max-video-preview:-1"},"canonical":"https:\/\/ojen.ca\/fr\/contribuer-au-travail-du-roej\/formations-et-ressources\/","og_locale":"fr_CA","og_type":"article","og_title":"Formation de b\u00e9n\u00e9voles et ressources - OJEN","og_description":"Le ROEJ remercie les nombreux et nombreuses b\u00e9n\u00e9voles qui donnent g\u00e9n\u00e9reusement de leur temps pour soutenir nos initiatives d\u2019\u00e9ducation juridique destin\u00e9es aux jeunes de l\u2019Ontario. Le ROEJ offre diverses formations et occasions de perfectionnement professionnel en \u00e9ducation juridique aux enseignants, aux \u00e9ducateurs communautaires et aux autres intervenants qui travaillent aupr\u00e8s des jeunes. Notre but n\u2019est [&hellip;]","og_url":"https:\/\/ojen.ca\/fr\/contribuer-au-travail-du-roej\/formations-et-ressources\/","og_site_name":"OJEN","article_publisher":"https:\/\/www.facebook.com\/pages\/OJEN\/252115501467864","article_modified_time":"2025-07-12T08:39:47+00:00","twitter_card":"summary_large_image","twitter_site":"@OJEN_ROEJ","twitter_misc":{"Estimation du temps de lecture":"1 minute"},"schema":{"@context":"https:\/\/schema.org","@graph":[{"@type":"WebPage","@id":"https:\/\/ojen.ca\/fr\/contribuer-au-travail-du-roej\/formations-et-ressources\/","url":"https:\/\/ojen.ca\/fr\/contribuer-au-travail-du-roej\/formations-et-ressources\/","name":"Formation de b\u00e9n\u00e9voles et ressources - OJEN","isPartOf":{"@id":"https:\/\/ojen.ca\/en\/#website"},"datePublished":"2025-07-10T07:28:41+00:00","dateModified":"2025-07-12T08:39:47+00:00","breadcrumb":{"@id":"https:\/\/ojen.ca\/fr\/contribuer-au-travail-du-roej\/formations-et-ressources\/#breadcrumb"},"inLanguage":"fr-CA","potentialAction":[{"@type":"ReadAction","target":["https:\/\/ojen.ca\/fr\/contribuer-au-travail-du-roej\/formations-et-ressources\/"]}]},{"@type":"BreadcrumbList","@id":"https:\/\/ojen.ca\/fr\/contribuer-au-travail-du-roej\/formations-et-ressources\/#breadcrumb","itemListElement":[{"@type":"ListItem","position":1,"name":"Home","item":"https:\/\/ojen.ca\/fr\/"},{"@type":"ListItem","position":2,"name":"Comment s\u2019impliquer","item":"https:\/\/ojen.ca\/en\/get-involved\/"},{"@type":"ListItem","position":3,"name":"Formation de b\u00e9n\u00e9voles et ressources"}]},{"@type":"WebSite","@id":"https:\/\/ojen.ca\/en\/#website","url":"https:\/\/ojen.ca\/en\/","name":"OJEN","description":"","potentialAction":[{"@type":"SearchAction","target":{"@type":"EntryPoint","urlTemplate":"https:\/\/ojen.ca\/en\/?s={search_term_string}"},"query-input":{"@type":"PropertyValueSpecification","valueRequired":true,"valueName":"search_term_string"}}],"inLanguage":"fr-CA"}]}},"_links":{"self":[{"href":"https:\/\/ojen.ca\/fr\/wp-json\/wp\/v2\/pages\/30173"}],"collection":[{"href":"https:\/\/ojen.ca\/fr\/wp-json\/wp\/v2\/pages"}],"about":[{"href":"https:\/\/ojen.ca\/fr\/wp-json\/wp\/v2\/types\/page"}],"author":[{"embeddable":true,"href":"https:\/\/ojen.ca\/fr\/wp-json\/wp\/v2\/users\/2"}],"replies":[{"embeddable":true,"href":"https:\/\/ojen.ca\/fr\/wp-json\/wp\/v2\/comments?post=30173"}],"version-history":[{"count":0,"href":"https:\/\/ojen.ca\/fr\/wp-json\/wp\/v2\/pages\/30173\/revisions"}],"up":[{"embeddable":true,"href":"https:\/\/ojen.ca\/fr\/wp-json\/wp\/v2\/pages\/8030"}],"wp:attachment":[{"href":"https:\/\/ojen.ca\/fr\/wp-json\/wp\/v2\/media?parent=30173"}],"curies":[{"name":"wp","href":"https:\/\/api.w.org\/{rel}","templated":true}]}}