{"id":30849,"date":"2025-07-25T04:53:09","date_gmt":"2025-07-25T08:53:09","guid":{"rendered":"https:\/\/ojen.ca\/?page_id=30849"},"modified":"2025-07-25T04:55:42","modified_gmt":"2025-07-25T08:55:42","slug":"bienvenue","status":"publish","type":"page","link":"https:\/\/ojen.ca\/fr\/ressources\/videos\/proces-simules-etape-par-etape\/bienvenue\/","title":{"rendered":"Bienvenue"},"content":{"rendered":"\n<p>Introduction aux proc\u00e8s simul\u00e9s, \u00e9tape par \u00e9tape&nbsp;: le crime.<\/p>\n\n\n\n<p><div class=\"videoWrapper\"><iframe loading=\"lazy\" width=\"560\" height=\"315\" src=\"https:\/\/www.youtube.com\/embed\/Rvue7fMo_bE?si=q-yfChIaYlV8Dg6t\" frameborder=\"0\" allow=\"accelerometer; autoplay; clipboard-write; encrypted-media; gyroscope; picture-in-picture; web-share\" referrerpolicy=\"strict-origin-when-cross-origin\" allowfullscreen><\/iframe><\/div><\/p>\n\n\n\n<p><div class=\"videoWrapper\"><iframe loading=\"lazy\" width=\"560\" height=\"315\" src=\"https:\/\/www.youtube.com\/embed\/oPvLbCC7DEY?si=1thPeeZi8m8YiYDv\" title=\"YouTube video player\" frameborder=\"0\" allow=\"accelerometer; autoplay; clipboard-write; encrypted-media; gyroscope; picture-in-picture; web-share\" referrerpolicy=\"strict-origin-when-cross-origin\" allowfullscreen><\/iframe><\/div><\/p>\n\n\n\n<p><\/p>\n","protected":false},"excerpt":{"rendered":"<p>Introduction aux proc\u00e8s simul\u00e9s, \u00e9tape par \u00e9tape&nbsp;: le crime.<\/p>\n","protected":false},"author":2,"featured_media":0,"parent":8363,"menu_order":0,"comment_status":"closed","ping_status":"closed","template":"","meta":{"_acf_changed":false,"_eb_attr":"","inline_featured_image":false,"ub_ctt_via":"","footnotes":""},"class_list":["post-30849","page","type-page","status-publish","hentry"],"acf":[],"featured_image_src":null,"yoast_head":"<!-- This site is optimized with the Yoast SEO plugin v25.3 - https:\/\/yoast.com\/wordpress\/plugins\/seo\/ -->\n<title>Bienvenue - OJEN<\/title>\n<meta name=\"robots\" content=\"index, follow, max-snippet:-1, max-image-preview:large, max-video-preview:-1\" \/>\n<link rel=\"canonical\" href=\"https:\/\/ojen.ca\/fr\/ressources\/videos\/proces-simules-etape-par-etape\/bienvenue\/\" \/>\n<meta property=\"og:locale\" content=\"fr_CA\" \/>\n<meta property=\"og:type\" content=\"article\" \/>\n<meta property=\"og:title\" content=\"Bienvenue - OJEN\" \/>\n<meta property=\"og:description\" content=\"Introduction aux proc\u00e8s simul\u00e9s, \u00e9tape par \u00e9tape&nbsp;: le crime.\" \/>\n<meta property=\"og:url\" content=\"https:\/\/ojen.ca\/fr\/ressources\/videos\/proces-simules-etape-par-etape\/bienvenue\/\" \/>\n<meta property=\"og:site_name\" content=\"OJEN\" \/>\n<meta property=\"article:publisher\" content=\"https:\/\/www.facebook.com\/pages\/OJEN\/252115501467864\" \/>\n<meta property=\"article:modified_time\" content=\"2025-07-25T08:55:42+00:00\" \/>\n<meta name=\"twitter:card\" content=\"summary_large_image\" \/>\n<meta name=\"twitter:site\" content=\"@OJEN_ROEJ\" \/>\n<meta name=\"twitter:label1\" content=\"Estimation du temps de lecture\" \/>\n\t<meta name=\"twitter:data1\" content=\"1 minute\" \/>\n<script type=\"application\/ld+json\" class=\"yoast-schema-graph\">{\"@context\":\"https:\/\/schema.org\",\"@graph\":[{\"@type\":\"WebPage\",\"@id\":\"https:\/\/ojen.ca\/fr\/ressources\/videos\/proces-simules-etape-par-etape\/bienvenue\/\",\"url\":\"https:\/\/ojen.ca\/fr\/ressources\/videos\/proces-simules-etape-par-etape\/bienvenue\/\",\"name\":\"Bienvenue - OJEN\",\"isPartOf\":{\"@id\":\"https:\/\/ojen.ca\/en\/#website\"},\"datePublished\":\"2025-07-25T08:53:09+00:00\",\"dateModified\":\"2025-07-25T08:55:42+00:00\",\"breadcrumb\":{\"@id\":\"https:\/\/ojen.ca\/fr\/ressources\/videos\/proces-simules-etape-par-etape\/bienvenue\/#breadcrumb\"},\"inLanguage\":\"fr-CA\",\"potentialAction\":[{\"@type\":\"ReadAction\",\"target\":[\"https:\/\/ojen.ca\/fr\/ressources\/videos\/proces-simules-etape-par-etape\/bienvenue\/\"]}]},{\"@type\":\"BreadcrumbList\",\"@id\":\"https:\/\/ojen.ca\/fr\/ressources\/videos\/proces-simules-etape-par-etape\/bienvenue\/#breadcrumb\",\"itemListElement\":[{\"@type\":\"ListItem\",\"position\":1,\"name\":\"Home\",\"item\":\"https:\/\/ojen.ca\/fr\/\"},{\"@type\":\"ListItem\",\"position\":2,\"name\":\"Ressources\",\"item\":\"https:\/\/ojen.ca\/fr\/ressources\/\"},{\"@type\":\"ListItem\",\"position\":3,\"name\":\"Ressources vid\u00e9o\",\"item\":\"https:\/\/ojen.ca\/fr\/ressources\/videos\/\"},{\"@type\":\"ListItem\",\"position\":4,\"name\":\"Proc\u00e8s simul\u00e9s, \u00e9tape par \u00e9tape\",\"item\":\"https:\/\/ojen.ca\/fr\/ressources\/videos\/proces-simules-etape-par-etape\/\"},{\"@type\":\"ListItem\",\"position\":5,\"name\":\"Bienvenue\"}]},{\"@type\":\"WebSite\",\"@id\":\"https:\/\/ojen.ca\/en\/#website\",\"url\":\"https:\/\/ojen.ca\/en\/\",\"name\":\"OJEN\",\"description\":\"\",\"potentialAction\":[{\"@type\":\"SearchAction\",\"target\":{\"@type\":\"EntryPoint\",\"urlTemplate\":\"https:\/\/ojen.ca\/en\/?s={search_term_string}\"},\"query-input\":{\"@type\":\"PropertyValueSpecification\",\"valueRequired\":true,\"valueName\":\"search_term_string\"}}],\"inLanguage\":\"fr-CA\"}]}<\/script>\n<!-- \/ Yoast SEO plugin. -->","yoast_head_json":{"title":"Bienvenue - OJEN","robots":{"index":"index","follow":"follow","max-snippet":"max-snippet:-1","max-image-preview":"max-image-preview:large","max-video-preview":"max-video-preview:-1"},"canonical":"https:\/\/ojen.ca\/fr\/ressources\/videos\/proces-simules-etape-par-etape\/bienvenue\/","og_locale":"fr_CA","og_type":"article","og_title":"Bienvenue - OJEN","og_description":"Introduction aux proc\u00e8s simul\u00e9s, \u00e9tape par \u00e9tape&nbsp;: le crime.","og_url":"https:\/\/ojen.ca\/fr\/ressources\/videos\/proces-simules-etape-par-etape\/bienvenue\/","og_site_name":"OJEN","article_publisher":"https:\/\/www.facebook.com\/pages\/OJEN\/252115501467864","article_modified_time":"2025-07-25T08:55:42+00:00","twitter_card":"summary_large_image","twitter_site":"@OJEN_ROEJ","twitter_misc":{"Estimation du temps de lecture":"1 minute"},"schema":{"@context":"https:\/\/schema.org","@graph":[{"@type":"WebPage","@id":"https:\/\/ojen.ca\/fr\/ressources\/videos\/proces-simules-etape-par-etape\/bienvenue\/","url":"https:\/\/ojen.ca\/fr\/ressources\/videos\/proces-simules-etape-par-etape\/bienvenue\/","name":"Bienvenue - OJEN","isPartOf":{"@id":"https:\/\/ojen.ca\/en\/#website"},"datePublished":"2025-07-25T08:53:09+00:00","dateModified":"2025-07-25T08:55:42+00:00","breadcrumb":{"@id":"https:\/\/ojen.ca\/fr\/ressources\/videos\/proces-simules-etape-par-etape\/bienvenue\/#breadcrumb"},"inLanguage":"fr-CA","potentialAction":[{"@type":"ReadAction","target":["https:\/\/ojen.ca\/fr\/ressources\/videos\/proces-simules-etape-par-etape\/bienvenue\/"]}]},{"@type":"BreadcrumbList","@id":"https:\/\/ojen.ca\/fr\/ressources\/videos\/proces-simules-etape-par-etape\/bienvenue\/#breadcrumb","itemListElement":[{"@type":"ListItem","position":1,"name":"Home","item":"https:\/\/ojen.ca\/fr\/"},{"@type":"ListItem","position":2,"name":"Ressources","item":"https:\/\/ojen.ca\/fr\/ressources\/"},{"@type":"ListItem","position":3,"name":"Ressources vid\u00e9o","item":"https:\/\/ojen.ca\/fr\/ressources\/videos\/"},{"@type":"ListItem","position":4,"name":"Proc\u00e8s simul\u00e9s, \u00e9tape par \u00e9tape","item":"https:\/\/ojen.ca\/fr\/ressources\/videos\/proces-simules-etape-par-etape\/"},{"@type":"ListItem","position":5,"name":"Bienvenue"}]},{"@type":"WebSite","@id":"https:\/\/ojen.ca\/en\/#website","url":"https:\/\/ojen.ca\/en\/","name":"OJEN","description":"","potentialAction":[{"@type":"SearchAction","target":{"@type":"EntryPoint","urlTemplate":"https:\/\/ojen.ca\/en\/?s={search_term_string}"},"query-input":{"@type":"PropertyValueSpecification","valueRequired":true,"valueName":"search_term_string"}}],"inLanguage":"fr-CA"}]}},"_links":{"self":[{"href":"https:\/\/ojen.ca\/fr\/wp-json\/wp\/v2\/pages\/30849"}],"collection":[{"href":"https:\/\/ojen.ca\/fr\/wp-json\/wp\/v2\/pages"}],"about":[{"href":"https:\/\/ojen.ca\/fr\/wp-json\/wp\/v2\/types\/page"}],"author":[{"embeddable":true,"href":"https:\/\/ojen.ca\/fr\/wp-json\/wp\/v2\/users\/2"}],"replies":[{"embeddable":true,"href":"https:\/\/ojen.ca\/fr\/wp-json\/wp\/v2\/comments?post=30849"}],"version-history":[{"count":0,"href":"https:\/\/ojen.ca\/fr\/wp-json\/wp\/v2\/pages\/30849\/revisions"}],"up":[{"embeddable":true,"href":"https:\/\/ojen.ca\/fr\/wp-json\/wp\/v2\/pages\/8363"}],"wp:attachment":[{"href":"https:\/\/ojen.ca\/fr\/wp-json\/wp\/v2\/media?parent=30849"}],"curies":[{"name":"wp","href":"https:\/\/api.w.org\/{rel}","templated":true}]}}