{"id":30886,"date":"2025-07-25T05:27:41","date_gmt":"2025-07-25T09:27:41","guid":{"rendered":"https:\/\/ojen.ca\/?page_id=30886"},"modified":"2025-07-25T05:27:42","modified_gmt":"2025-07-25T09:27:42","slug":"temoignage-dun-agent-de-police","status":"publish","type":"page","link":"https:\/\/ojen.ca\/fr\/ressources\/videos\/proces-simules-etape-par-etape\/temoignage-dun-agent-de-police\/","title":{"rendered":"T\u00e9moignage d\u2019un agent de police"},"content":{"rendered":"\n<p>Le t\u00e9moignage d\u2019un agent de police est quelque peu diff\u00e9rent de celui d\u2019un t\u00e9moin ordinaire \u2014 les agents t\u00e9moins sont autoris\u00e9s \u00e0 utiliser leurs notes pendant leur t\u00e9moignage.<\/p>\n\n\n\n<div class=\"videoWrapper\">\n<iframe loading=\"lazy\" width=\"560\" height=\"315\" src=\"https:\/\/www.youtube.com\/embed\/reGBCYy_qiU?si=6SDWnVW08uvicSbm\" title=\"YouTube video player\" frameborder=\"0\" allow=\"accelerometer; autoplay; clipboard-write; encrypted-media; gyroscope; picture-in-picture; web-share\" referrerpolicy=\"strict-origin-when-cross-origin\" allowfullscreen><\/iframe>\n<\/div>\n","protected":false},"excerpt":{"rendered":"<p>Le t\u00e9moignage d\u2019un agent de police est quelque peu diff\u00e9rent de celui d\u2019un t\u00e9moin ordinaire \u2014 les agents t\u00e9moins sont autoris\u00e9s \u00e0 utiliser leurs notes pendant leur t\u00e9moignage.<\/p>\n","protected":false},"author":2,"featured_media":17222,"parent":8363,"menu_order":0,"comment_status":"closed","ping_status":"closed","template":"","meta":{"_acf_changed":false,"_eb_attr":"","inline_featured_image":false,"ub_ctt_via":"","footnotes":""},"class_list":["post-30886","page","type-page","status-publish","has-post-thumbnail","hentry"],"acf":[],"featured_image_src":"https:\/\/ojen.ca\/wp-content\/uploads\/2019\/09\/court-railing-hero-image-3.png","yoast_head":"<!-- This site is optimized with the Yoast SEO plugin v25.3 - https:\/\/yoast.com\/wordpress\/plugins\/seo\/ -->\n<title>T\u00e9moignage d\u2019un agent de police - OJEN<\/title>\n<meta name=\"robots\" content=\"index, follow, max-snippet:-1, max-image-preview:large, max-video-preview:-1\" \/>\n<link rel=\"canonical\" href=\"https:\/\/ojen.ca\/fr\/ressources\/videos\/proces-simules-etape-par-etape\/temoignage-dun-agent-de-police\/\" \/>\n<meta property=\"og:locale\" content=\"fr_CA\" \/>\n<meta property=\"og:type\" content=\"article\" \/>\n<meta property=\"og:title\" content=\"T\u00e9moignage d\u2019un agent de police - OJEN\" \/>\n<meta property=\"og:description\" content=\"Le t\u00e9moignage d\u2019un agent de police est quelque peu diff\u00e9rent de celui d\u2019un t\u00e9moin ordinaire \u2014 les agents t\u00e9moins sont autoris\u00e9s \u00e0 utiliser leurs notes pendant leur t\u00e9moignage.\" \/>\n<meta property=\"og:url\" content=\"https:\/\/ojen.ca\/fr\/ressources\/videos\/proces-simules-etape-par-etape\/temoignage-dun-agent-de-police\/\" \/>\n<meta property=\"og:site_name\" content=\"OJEN\" \/>\n<meta property=\"article:publisher\" content=\"https:\/\/www.facebook.com\/pages\/OJEN\/252115501467864\" \/>\n<meta property=\"article:modified_time\" content=\"2025-07-25T09:27:42+00:00\" \/>\n<meta property=\"og:image\" content=\"https:\/\/ojen.ca\/wp-content\/uploads\/2019\/09\/court-railing-hero-image-3.png\" \/>\n\t<meta property=\"og:image:width\" content=\"2133\" \/>\n\t<meta property=\"og:image:height\" content=\"775\" \/>\n\t<meta property=\"og:image:type\" content=\"image\/png\" \/>\n<meta name=\"twitter:card\" content=\"summary_large_image\" \/>\n<meta name=\"twitter:site\" content=\"@OJEN_ROEJ\" \/>\n<meta name=\"twitter:label1\" content=\"Estimation du temps de lecture\" \/>\n\t<meta name=\"twitter:data1\" content=\"1 minute\" \/>\n<script type=\"application\/ld+json\" class=\"yoast-schema-graph\">{\"@context\":\"https:\/\/schema.org\",\"@graph\":[{\"@type\":\"WebPage\",\"@id\":\"https:\/\/ojen.ca\/fr\/ressources\/videos\/proces-simules-etape-par-etape\/temoignage-dun-agent-de-police\/\",\"url\":\"https:\/\/ojen.ca\/fr\/ressources\/videos\/proces-simules-etape-par-etape\/temoignage-dun-agent-de-police\/\",\"name\":\"T\u00e9moignage d\u2019un agent de police - OJEN\",\"isPartOf\":{\"@id\":\"https:\/\/ojen.ca\/en\/#website\"},\"primaryImageOfPage\":{\"@id\":\"https:\/\/ojen.ca\/fr\/ressources\/videos\/proces-simules-etape-par-etape\/temoignage-dun-agent-de-police\/#primaryimage\"},\"image\":{\"@id\":\"https:\/\/ojen.ca\/fr\/ressources\/videos\/proces-simules-etape-par-etape\/temoignage-dun-agent-de-police\/#primaryimage\"},\"thumbnailUrl\":\"https:\/\/ojen.ca\/wp-content\/uploads\/2019\/09\/court-railing-hero-image-3.png\",\"datePublished\":\"2025-07-25T09:27:41+00:00\",\"dateModified\":\"2025-07-25T09:27:42+00:00\",\"breadcrumb\":{\"@id\":\"https:\/\/ojen.ca\/fr\/ressources\/videos\/proces-simules-etape-par-etape\/temoignage-dun-agent-de-police\/#breadcrumb\"},\"inLanguage\":\"fr-CA\",\"potentialAction\":[{\"@type\":\"ReadAction\",\"target\":[\"https:\/\/ojen.ca\/fr\/ressources\/videos\/proces-simules-etape-par-etape\/temoignage-dun-agent-de-police\/\"]}]},{\"@type\":\"ImageObject\",\"inLanguage\":\"fr-CA\",\"@id\":\"https:\/\/ojen.ca\/fr\/ressources\/videos\/proces-simules-etape-par-etape\/temoignage-dun-agent-de-police\/#primaryimage\",\"url\":\"https:\/\/ojen.ca\/wp-content\/uploads\/2019\/09\/court-railing-hero-image-3.png\",\"contentUrl\":\"https:\/\/ojen.ca\/wp-content\/uploads\/2019\/09\/court-railing-hero-image-3.png\",\"width\":2133,\"height\":775},{\"@type\":\"BreadcrumbList\",\"@id\":\"https:\/\/ojen.ca\/fr\/ressources\/videos\/proces-simules-etape-par-etape\/temoignage-dun-agent-de-police\/#breadcrumb\",\"itemListElement\":[{\"@type\":\"ListItem\",\"position\":1,\"name\":\"Home\",\"item\":\"https:\/\/ojen.ca\/fr\/\"},{\"@type\":\"ListItem\",\"position\":2,\"name\":\"Ressources\",\"item\":\"https:\/\/ojen.ca\/fr\/ressources\/\"},{\"@type\":\"ListItem\",\"position\":3,\"name\":\"Ressources vid\u00e9o\",\"item\":\"https:\/\/ojen.ca\/fr\/ressources\/videos\/\"},{\"@type\":\"ListItem\",\"position\":4,\"name\":\"Proc\u00e8s simul\u00e9s, \u00e9tape par \u00e9tape\",\"item\":\"https:\/\/ojen.ca\/fr\/ressources\/videos\/proces-simules-etape-par-etape\/\"},{\"@type\":\"ListItem\",\"position\":5,\"name\":\"T\u00e9moignage d\u2019un agent de police\"}]},{\"@type\":\"WebSite\",\"@id\":\"https:\/\/ojen.ca\/en\/#website\",\"url\":\"https:\/\/ojen.ca\/en\/\",\"name\":\"OJEN\",\"description\":\"\",\"potentialAction\":[{\"@type\":\"SearchAction\",\"target\":{\"@type\":\"EntryPoint\",\"urlTemplate\":\"https:\/\/ojen.ca\/en\/?s={search_term_string}\"},\"query-input\":{\"@type\":\"PropertyValueSpecification\",\"valueRequired\":true,\"valueName\":\"search_term_string\"}}],\"inLanguage\":\"fr-CA\"}]}<\/script>\n<!-- \/ Yoast SEO plugin. -->","yoast_head_json":{"title":"T\u00e9moignage d\u2019un agent de police - OJEN","robots":{"index":"index","follow":"follow","max-snippet":"max-snippet:-1","max-image-preview":"max-image-preview:large","max-video-preview":"max-video-preview:-1"},"canonical":"https:\/\/ojen.ca\/fr\/ressources\/videos\/proces-simules-etape-par-etape\/temoignage-dun-agent-de-police\/","og_locale":"fr_CA","og_type":"article","og_title":"T\u00e9moignage d\u2019un agent de police - OJEN","og_description":"Le t\u00e9moignage d\u2019un agent de police est quelque peu diff\u00e9rent de celui d\u2019un t\u00e9moin ordinaire \u2014 les agents t\u00e9moins sont autoris\u00e9s \u00e0 utiliser leurs notes pendant leur t\u00e9moignage.","og_url":"https:\/\/ojen.ca\/fr\/ressources\/videos\/proces-simules-etape-par-etape\/temoignage-dun-agent-de-police\/","og_site_name":"OJEN","article_publisher":"https:\/\/www.facebook.com\/pages\/OJEN\/252115501467864","article_modified_time":"2025-07-25T09:27:42+00:00","og_image":[{"width":2133,"height":775,"url":"https:\/\/ojen.ca\/wp-content\/uploads\/2019\/09\/court-railing-hero-image-3.png","type":"image\/png"}],"twitter_card":"summary_large_image","twitter_site":"@OJEN_ROEJ","twitter_misc":{"Estimation du temps de lecture":"1 minute"},"schema":{"@context":"https:\/\/schema.org","@graph":[{"@type":"WebPage","@id":"https:\/\/ojen.ca\/fr\/ressources\/videos\/proces-simules-etape-par-etape\/temoignage-dun-agent-de-police\/","url":"https:\/\/ojen.ca\/fr\/ressources\/videos\/proces-simules-etape-par-etape\/temoignage-dun-agent-de-police\/","name":"T\u00e9moignage d\u2019un agent de police - OJEN","isPartOf":{"@id":"https:\/\/ojen.ca\/en\/#website"},"primaryImageOfPage":{"@id":"https:\/\/ojen.ca\/fr\/ressources\/videos\/proces-simules-etape-par-etape\/temoignage-dun-agent-de-police\/#primaryimage"},"image":{"@id":"https:\/\/ojen.ca\/fr\/ressources\/videos\/proces-simules-etape-par-etape\/temoignage-dun-agent-de-police\/#primaryimage"},"thumbnailUrl":"https:\/\/ojen.ca\/wp-content\/uploads\/2019\/09\/court-railing-hero-image-3.png","datePublished":"2025-07-25T09:27:41+00:00","dateModified":"2025-07-25T09:27:42+00:00","breadcrumb":{"@id":"https:\/\/ojen.ca\/fr\/ressources\/videos\/proces-simules-etape-par-etape\/temoignage-dun-agent-de-police\/#breadcrumb"},"inLanguage":"fr-CA","potentialAction":[{"@type":"ReadAction","target":["https:\/\/ojen.ca\/fr\/ressources\/videos\/proces-simules-etape-par-etape\/temoignage-dun-agent-de-police\/"]}]},{"@type":"ImageObject","inLanguage":"fr-CA","@id":"https:\/\/ojen.ca\/fr\/ressources\/videos\/proces-simules-etape-par-etape\/temoignage-dun-agent-de-police\/#primaryimage","url":"https:\/\/ojen.ca\/wp-content\/uploads\/2019\/09\/court-railing-hero-image-3.png","contentUrl":"https:\/\/ojen.ca\/wp-content\/uploads\/2019\/09\/court-railing-hero-image-3.png","width":2133,"height":775},{"@type":"BreadcrumbList","@id":"https:\/\/ojen.ca\/fr\/ressources\/videos\/proces-simules-etape-par-etape\/temoignage-dun-agent-de-police\/#breadcrumb","itemListElement":[{"@type":"ListItem","position":1,"name":"Home","item":"https:\/\/ojen.ca\/fr\/"},{"@type":"ListItem","position":2,"name":"Ressources","item":"https:\/\/ojen.ca\/fr\/ressources\/"},{"@type":"ListItem","position":3,"name":"Ressources vid\u00e9o","item":"https:\/\/ojen.ca\/fr\/ressources\/videos\/"},{"@type":"ListItem","position":4,"name":"Proc\u00e8s simul\u00e9s, \u00e9tape par \u00e9tape","item":"https:\/\/ojen.ca\/fr\/ressources\/videos\/proces-simules-etape-par-etape\/"},{"@type":"ListItem","position":5,"name":"T\u00e9moignage d\u2019un agent de police"}]},{"@type":"WebSite","@id":"https:\/\/ojen.ca\/en\/#website","url":"https:\/\/ojen.ca\/en\/","name":"OJEN","description":"","potentialAction":[{"@type":"SearchAction","target":{"@type":"EntryPoint","urlTemplate":"https:\/\/ojen.ca\/en\/?s={search_term_string}"},"query-input":{"@type":"PropertyValueSpecification","valueRequired":true,"valueName":"search_term_string"}}],"inLanguage":"fr-CA"}]}},"_links":{"self":[{"href":"https:\/\/ojen.ca\/fr\/wp-json\/wp\/v2\/pages\/30886"}],"collection":[{"href":"https:\/\/ojen.ca\/fr\/wp-json\/wp\/v2\/pages"}],"about":[{"href":"https:\/\/ojen.ca\/fr\/wp-json\/wp\/v2\/types\/page"}],"author":[{"embeddable":true,"href":"https:\/\/ojen.ca\/fr\/wp-json\/wp\/v2\/users\/2"}],"replies":[{"embeddable":true,"href":"https:\/\/ojen.ca\/fr\/wp-json\/wp\/v2\/comments?post=30886"}],"version-history":[{"count":0,"href":"https:\/\/ojen.ca\/fr\/wp-json\/wp\/v2\/pages\/30886\/revisions"}],"up":[{"embeddable":true,"href":"https:\/\/ojen.ca\/fr\/wp-json\/wp\/v2\/pages\/8363"}],"wp:featuredmedia":[{"embeddable":true,"href":"https:\/\/ojen.ca\/fr\/wp-json\/wp\/v2\/media\/17222"}],"wp:attachment":[{"href":"https:\/\/ojen.ca\/fr\/wp-json\/wp\/v2\/media?parent=30886"}],"curies":[{"name":"wp","href":"https:\/\/api.w.org\/{rel}","templated":true}]}}