{"id":31430,"date":"2025-07-29T17:30:59","date_gmt":"2025-07-29T21:30:59","guid":{"rendered":"https:\/\/ojen.ca\/?page_id=31430"},"modified":"2025-07-29T20:00:50","modified_gmt":"2025-07-30T00:00:50","slug":"tournoi-proces-simules-hastings","status":"publish","type":"page","link":"https:\/\/ojen.ca\/fr\/pscar\/tournois-locaux-par-region\/ontario-est\/tournoi-proces-simules-hastings\/","title":{"rendered":"Tournoi de proc\u00e8s simul\u00e9s de Hastings"},"content":{"rendered":"<p><span data-teams=\"true\">Veuillez contacter oocmt@ojen.ca si vous souhaitez obtenir plus d\u2019informations.<\/span><\/p>\n\n\n<p><\/p>\n","protected":false},"excerpt":{"rendered":"<p>Veuillez contacter oocmt@ojen.ca si vous souhaitez obtenir plus d\u2019informations.<\/p>\n","protected":false},"author":2,"featured_media":0,"parent":31253,"menu_order":0,"comment_status":"closed","ping_status":"closed","template":"template-oocmt-default.php","meta":{"_acf_changed":false,"_eb_attr":"","inline_featured_image":false,"ub_ctt_via":"","footnotes":""},"class_list":["post-31430","page","type-page","status-publish","hentry"],"acf":[],"featured_image_src":null,"yoast_head":"<!-- This site is optimized with the Yoast SEO plugin v25.3 - https:\/\/yoast.com\/wordpress\/plugins\/seo\/ -->\n<title>Tournoi de proc\u00e8s simul\u00e9s de Hastings - OJEN<\/title>\n<meta name=\"robots\" content=\"index, follow, max-snippet:-1, max-image-preview:large, max-video-preview:-1\" \/>\n<link rel=\"canonical\" href=\"https:\/\/ojen.ca\/fr\/pscar\/tournois-locaux-par-region\/ontario-est\/tournoi-proces-simules-hastings\/\" \/>\n<meta property=\"og:locale\" content=\"fr_CA\" \/>\n<meta property=\"og:type\" content=\"article\" \/>\n<meta property=\"og:title\" content=\"Tournoi de proc\u00e8s simul\u00e9s de Hastings - OJEN\" \/>\n<meta property=\"og:description\" content=\"Veuillez contacter oocmt@ojen.ca si vous souhaitez obtenir plus d\u2019informations.\" \/>\n<meta property=\"og:url\" content=\"https:\/\/ojen.ca\/fr\/pscar\/tournois-locaux-par-region\/ontario-est\/tournoi-proces-simules-hastings\/\" \/>\n<meta property=\"og:site_name\" content=\"OJEN\" \/>\n<meta property=\"article:publisher\" content=\"https:\/\/www.facebook.com\/pages\/OJEN\/252115501467864\" \/>\n<meta property=\"article:modified_time\" content=\"2025-07-30T00:00:50+00:00\" \/>\n<meta name=\"twitter:card\" content=\"summary_large_image\" \/>\n<meta name=\"twitter:site\" content=\"@OJEN_ROEJ\" \/>\n<meta name=\"twitter:label1\" content=\"Estimation du temps de lecture\" \/>\n\t<meta name=\"twitter:data1\" content=\"1 minute\" \/>\n<script type=\"application\/ld+json\" class=\"yoast-schema-graph\">{\"@context\":\"https:\/\/schema.org\",\"@graph\":[{\"@type\":\"WebPage\",\"@id\":\"https:\/\/ojen.ca\/fr\/pscar\/tournois-locaux-par-region\/ontario-est\/tournoi-proces-simules-hastings\/\",\"url\":\"https:\/\/ojen.ca\/fr\/pscar\/tournois-locaux-par-region\/ontario-est\/tournoi-proces-simules-hastings\/\",\"name\":\"Tournoi de proc\u00e8s simul\u00e9s de Hastings - OJEN\",\"isPartOf\":{\"@id\":\"https:\/\/ojen.ca\/en\/#website\"},\"datePublished\":\"2025-07-29T21:30:59+00:00\",\"dateModified\":\"2025-07-30T00:00:50+00:00\",\"breadcrumb\":{\"@id\":\"https:\/\/ojen.ca\/fr\/pscar\/tournois-locaux-par-region\/ontario-est\/tournoi-proces-simules-hastings\/#breadcrumb\"},\"inLanguage\":\"fr-CA\",\"potentialAction\":[{\"@type\":\"ReadAction\",\"target\":[\"https:\/\/ojen.ca\/fr\/pscar\/tournois-locaux-par-region\/ontario-est\/tournoi-proces-simules-hastings\/\"]}]},{\"@type\":\"BreadcrumbList\",\"@id\":\"https:\/\/ojen.ca\/fr\/pscar\/tournois-locaux-par-region\/ontario-est\/tournoi-proces-simules-hastings\/#breadcrumb\",\"itemListElement\":[{\"@type\":\"ListItem\",\"position\":1,\"name\":\"Home\",\"item\":\"https:\/\/ojen.ca\/fr\/\"},{\"@type\":\"ListItem\",\"position\":2,\"name\":\"Proc\u00e8s simul\u00e9s comp\u00e9titifs ABO\u2011ROEJ pour \u00e9l\u00e8ves du secondaire\",\"item\":\"https:\/\/ojen.ca\/fr\/pscar\/\"},{\"@type\":\"ListItem\",\"position\":3,\"name\":\"Tournois locaux dans chaque r\u00e9gion\",\"item\":\"https:\/\/ojen.ca\/fr\/pscar\/tournois-locaux-par-region\/\"},{\"@type\":\"ListItem\",\"position\":4,\"name\":\"Est de l\u2019Ontario\",\"item\":\"https:\/\/ojen.ca\/fr\/pscar\/tournois-locaux-par-region\/ontario-est\/\"},{\"@type\":\"ListItem\",\"position\":5,\"name\":\"Tournoi de proc\u00e8s simul\u00e9s de Hastings\"}]},{\"@type\":\"WebSite\",\"@id\":\"https:\/\/ojen.ca\/en\/#website\",\"url\":\"https:\/\/ojen.ca\/en\/\",\"name\":\"OJEN\",\"description\":\"\",\"potentialAction\":[{\"@type\":\"SearchAction\",\"target\":{\"@type\":\"EntryPoint\",\"urlTemplate\":\"https:\/\/ojen.ca\/en\/?s={search_term_string}\"},\"query-input\":{\"@type\":\"PropertyValueSpecification\",\"valueRequired\":true,\"valueName\":\"search_term_string\"}}],\"inLanguage\":\"fr-CA\"}]}<\/script>\n<!-- \/ Yoast SEO plugin. -->","yoast_head_json":{"title":"Tournoi de proc\u00e8s simul\u00e9s de Hastings - OJEN","robots":{"index":"index","follow":"follow","max-snippet":"max-snippet:-1","max-image-preview":"max-image-preview:large","max-video-preview":"max-video-preview:-1"},"canonical":"https:\/\/ojen.ca\/fr\/pscar\/tournois-locaux-par-region\/ontario-est\/tournoi-proces-simules-hastings\/","og_locale":"fr_CA","og_type":"article","og_title":"Tournoi de proc\u00e8s simul\u00e9s de Hastings - OJEN","og_description":"Veuillez contacter oocmt@ojen.ca si vous souhaitez obtenir plus d\u2019informations.","og_url":"https:\/\/ojen.ca\/fr\/pscar\/tournois-locaux-par-region\/ontario-est\/tournoi-proces-simules-hastings\/","og_site_name":"OJEN","article_publisher":"https:\/\/www.facebook.com\/pages\/OJEN\/252115501467864","article_modified_time":"2025-07-30T00:00:50+00:00","twitter_card":"summary_large_image","twitter_site":"@OJEN_ROEJ","twitter_misc":{"Estimation du temps de lecture":"1 minute"},"schema":{"@context":"https:\/\/schema.org","@graph":[{"@type":"WebPage","@id":"https:\/\/ojen.ca\/fr\/pscar\/tournois-locaux-par-region\/ontario-est\/tournoi-proces-simules-hastings\/","url":"https:\/\/ojen.ca\/fr\/pscar\/tournois-locaux-par-region\/ontario-est\/tournoi-proces-simules-hastings\/","name":"Tournoi de proc\u00e8s simul\u00e9s de Hastings - OJEN","isPartOf":{"@id":"https:\/\/ojen.ca\/en\/#website"},"datePublished":"2025-07-29T21:30:59+00:00","dateModified":"2025-07-30T00:00:50+00:00","breadcrumb":{"@id":"https:\/\/ojen.ca\/fr\/pscar\/tournois-locaux-par-region\/ontario-est\/tournoi-proces-simules-hastings\/#breadcrumb"},"inLanguage":"fr-CA","potentialAction":[{"@type":"ReadAction","target":["https:\/\/ojen.ca\/fr\/pscar\/tournois-locaux-par-region\/ontario-est\/tournoi-proces-simules-hastings\/"]}]},{"@type":"BreadcrumbList","@id":"https:\/\/ojen.ca\/fr\/pscar\/tournois-locaux-par-region\/ontario-est\/tournoi-proces-simules-hastings\/#breadcrumb","itemListElement":[{"@type":"ListItem","position":1,"name":"Home","item":"https:\/\/ojen.ca\/fr\/"},{"@type":"ListItem","position":2,"name":"Proc\u00e8s simul\u00e9s comp\u00e9titifs ABO\u2011ROEJ pour \u00e9l\u00e8ves du secondaire","item":"https:\/\/ojen.ca\/fr\/pscar\/"},{"@type":"ListItem","position":3,"name":"Tournois locaux dans chaque r\u00e9gion","item":"https:\/\/ojen.ca\/fr\/pscar\/tournois-locaux-par-region\/"},{"@type":"ListItem","position":4,"name":"Est de l\u2019Ontario","item":"https:\/\/ojen.ca\/fr\/pscar\/tournois-locaux-par-region\/ontario-est\/"},{"@type":"ListItem","position":5,"name":"Tournoi de proc\u00e8s simul\u00e9s de Hastings"}]},{"@type":"WebSite","@id":"https:\/\/ojen.ca\/en\/#website","url":"https:\/\/ojen.ca\/en\/","name":"OJEN","description":"","potentialAction":[{"@type":"SearchAction","target":{"@type":"EntryPoint","urlTemplate":"https:\/\/ojen.ca\/en\/?s={search_term_string}"},"query-input":{"@type":"PropertyValueSpecification","valueRequired":true,"valueName":"search_term_string"}}],"inLanguage":"fr-CA"}]}},"_links":{"self":[{"href":"https:\/\/ojen.ca\/fr\/wp-json\/wp\/v2\/pages\/31430"}],"collection":[{"href":"https:\/\/ojen.ca\/fr\/wp-json\/wp\/v2\/pages"}],"about":[{"href":"https:\/\/ojen.ca\/fr\/wp-json\/wp\/v2\/types\/page"}],"author":[{"embeddable":true,"href":"https:\/\/ojen.ca\/fr\/wp-json\/wp\/v2\/users\/2"}],"replies":[{"embeddable":true,"href":"https:\/\/ojen.ca\/fr\/wp-json\/wp\/v2\/comments?post=31430"}],"version-history":[{"count":0,"href":"https:\/\/ojen.ca\/fr\/wp-json\/wp\/v2\/pages\/31430\/revisions"}],"up":[{"embeddable":true,"href":"https:\/\/ojen.ca\/fr\/wp-json\/wp\/v2\/pages\/31253"}],"wp:attachment":[{"href":"https:\/\/ojen.ca\/fr\/wp-json\/wp\/v2\/media?parent=31430"}],"curies":[{"name":"wp","href":"https:\/\/api.w.org\/{rel}","templated":true}]}}