{"id":34163,"date":"2025-07-31T17:32:10","date_gmt":"2025-07-31T21:32:10","guid":{"rendered":"https:\/\/ojen.ca\/?page_id=34163"},"modified":"2025-08-01T04:51:21","modified_gmt":"2025-08-01T08:51:21","slug":"conseils-juridiques","status":"publish","type":"page","link":"https:\/\/ojen.ca\/fr\/pour-les-jeunes\/conseils-juridiques\/","title":{"rendered":"Besoin de conseils juridiques?"},"content":{"rendered":"<p>Le ROEJ est un organisme \u00e0 but non lucratif ax\u00e9 sur l\u2019\u00e9ducation. M\u00eame si plusieurs membres de notre personnel sont des avocats, nous ne pouvons pas fournir des conseils juridiques ou vous aider avec un probl\u00e8me juridique.<\/p>\n<p>Pour vous aider dans vos d\u00e9marches, vous pouvez utiliser les <a href=\"https:\/\/ojen.ca\/fr\/ressources\">ressources<\/a> que vous trouverez dans notre site.<\/p>\n<p>Par ailleurs, <strong>vous pouvez utiliser l\u2019excellent site Justice Pas-\u00e0-Pas<\/strong> d\u00e9velopp\u00e9 par notre partenaire CLEO. Pour acc\u00e9der au site, veuillez utiliser la fen\u00eatre que vous voyez \u00e0 la droite de votre \u00e9cran.<\/p>\n<p>Attention, les ressources mentionn\u00e9es ci dessus ne vous donnent acc\u00e8s qu\u2019\u00e0 des renseignements juridiques g\u00e9n\u00e9raux qui ne sauraient en aucun cas former conseils juridiques.<\/p>\n<p>Si vous avez besoin de conseils juridiques, vous pouvez trouver une avocate ou un avocat au moyen <a href=\"https:\/\/lsrs.lso.ca\/lsrs\/redefineLocale.action?currentLang=fr\" target=\"_blank\" rel=\"noopener\">Service de r\u00e9f\u00e9rence du Barreau<\/a>. Vous avez droit \u00e0 30 minutes de consultation gratuite afin de mieux comprendre quel service vous sera rendu et combien il pourra vous en co\u00fbter. Si vous n\u2019avez pas les moyens de retenir les services d\u2019un eavocate ou d\u2019un avocat, vous pourriez \u00eatre admissible \u00e0 une aide juridique d\u2019<a href=\"http:\/\/www.legalaid.on.ca\/\">Aide juridique Ontario<\/a>.<\/p>\n<h2>Justice pas-\u00e0-pas<\/h2>\n<p>Justice pas-\u00e0-pas, dirig\u00e9 par \u00c9ducation juridique communautaire Ontario (CLEO), offre des informations en ligne compl\u00e8tes sur les probl\u00e8mes juridiques courants que rencontrent les gens dans les domaines du droit de la famille, du logement, de l&#8217;emploi et d&rsquo;autres domaines juridiques.<\/p>\n<ul>\n<li>Site web : <a href=\"http:\/\/www.justicepasapas.ca\" target=\"_blank\" rel=\"noopener\">www.justicepasapas.ca<\/a>&nbsp;<\/li>\n<\/ul>\n<h2>\u00c9ducation juridique communautaire Ontario (CLEO)<\/h2>\n<p>\u00c9ducation juridique communautaire Ontario produit gratuitement des informations juridiques en version imprim\u00e9e et en ligne, en anglais, en fran\u00e7ais et dans d&rsquo;autres langues, sur de nombreux sujets, y compris les droits l\u00e9gaux avec la police, le logement et l&rsquo;aide sociale.<\/p>\n<ul>\n<li>Site web: <a href=\"https:\/\/www.cleo.on.ca\/fr\" target=\"_blank\" rel=\"noopener\">www.cleo.on.ca\/fr<\/a><\/li>\n<li>Courriel: <a href=\"mailto:info@cleo.on.ca\">info@cleo.on.ca<\/a><\/li>\n<li>Twitter: @CLEOLegalRights<\/li>\n<\/ul>\n<h2>Obtenir de l&rsquo;aide juridique<\/h2>\n<h3>Aide juridique Ontario<\/h3>\n<p>Aide juridique Ontario fournit une assistance juridique aux personnes \u00e0 faible revenu. Les cliniques juridiques communautaires de l&rsquo;Ontario sont financ\u00e9es par Aide juridique Ontario pour fournir des services juridiques dans plusieurs domaines du droit.<\/p>\n<ul>\n<li>Site web : <a href=\"https:\/\/www.legalaid.on.ca\" target=\"_blank\" rel=\"noopener\">https:\/\/www.legalaid.on.ca<\/a><\/li>\n<li>T\u00e9l\u00e9phone : Sans frais : 1-800-668-8258<\/li>\n<li>Du lundi au vendredi de 8 h \u00e0 17 h (HNE) pour une assistance en plus de 300 langues.<\/li>\n<li>Domaines de droit couverts : Criminel, Famille, Sant\u00e9 mentale, R\u00e9fugi\u00e9s et immigration, Cliniques juridiques<\/li>\n<\/ul>\n<h3>Justice for Children and Youth<\/h3>\n<p>Justice for Children and Youth (JFCY) est une clinique d&rsquo;aide juridique qui sert les enfants et les jeunes \u00e0 faible revenu de moins de 18 ans et les jeunes sans-abri de moins de 25 ans. JFCY offre \u00e9galement des conseils juridiques sommaires, des informations et une assistance aux jeunes, aux parents (dans les affaires d&rsquo;\u00e9ducation), aux professionnels et aux groupes communautaires \u00e0 travers l&rsquo;Ontario.<\/p>\n<ul>\n<li>Site web: <a href=\"https:\/\/www.jfcy.org\" target=\"_blank\" rel=\"noopener\">www.jfcy.org<\/a><\/li>\n<li>Twitter: @JFCY<\/li>\n<li>T\u00e9l\u00e9phone: 416-920-1633<\/li>\n<li>Sans frais: 1-866-999-JFCY (5329)<\/li>\n<\/ul>\n<h3>Centre d&rsquo;assistance juridique en mati\u00e8re de droits de la personne<\/h3>\n<p>Le Centre d&rsquo;assistance juridique en mati\u00e8re de droits de la personne (CAJDP) fournit des services juridiques confidentiels et gratuits, y compris une repr\u00e9sentation devant le Tribunal des droits de la personne de l&rsquo;Ontario, aux personnes qui ont subi de la discrimination bas\u00e9e sur les motifs et les domaines sociaux couverts par le Code des droits de la personne de l&rsquo;Ontario. Notre service est offert \u00e0 l&rsquo;\u00e9chelle provinciale. Le CAJDP dispose d&rsquo;un programme de services autochtones qui offre un service culturellement s\u00e9curitaire aux clients qui s&rsquo;identifient comme autochtones et qui demandent un service autochtone.<\/p>\n<ul>\n<li>Site web: <a href=\"https:\/\/hrlsc.on.ca\/\" target=\"_blank\" rel=\"noopener\">https:\/\/hrlsc.on.ca\/<\/a><\/li>\n<li>T\u00e9l\u00e9phone: (416) 597-4900<\/li>\n<li>Sans frais: 1-866-625-5179<\/li>\n<li>ATS: (416) 597-4903<\/li>\n<li>ATS sans frais: 1-866-612-8627<\/li>\n<\/ul>\n<h3>Appuyez sur 6 pour le service autochtone<\/h3>\n<p>Les personnes qui ne peuvent pas communiquer par t\u00e9l\u00e9phone en raison d&rsquo;une raison prot\u00e9g\u00e9e par le Code des droits de la personne, telle qu&rsquo;un handicap, peuvent envoyer un courriel \u00e0 accommodation@hrlsc.on.ca avec la demande d&rsquo;accommodement dans la ligne d&rsquo;objet.<\/p>\n<ul>\n<li>Site web: <a href=\"https:\/\/www.hrlsc.on.ca\" target=\"_blank\" rel=\"noopener\">www.hrlsc.on.ca<\/a><\/li>\n<li>Facebook: <a href=\"https:\/\/www.facebook.com\/HRLSCOntario\" target=\"_blank\" rel=\"noopener\">https:\/\/www.facebook.com\/HRLSCOntario<\/a><\/li>\n<li>Twitter: <a href=\"https:\/\/twitter.com\/HRLSC_ON\" target=\"_blank\" rel=\"noopener\">https:\/\/twitter.com\/HRLSC_ON<\/a><\/li>\n<\/ul>\n<h3>Barreau de l&rsquo;Ontario<\/h3>\n<p>Le Barreau de l&rsquo;Ontario offre un service de r\u00e9f\u00e9rence qui fournit le nom d&rsquo;un avocat ou d&rsquo;un parajuriste autoris\u00e9 qui offrira une consultation gratuite d&rsquo;une dur\u00e9e maximale de 30 minutes pour vous aider \u00e0 d\u00e9terminer vos droits et options.<\/p>\n<ul>\n<li>Site web: <a href=\"https:\/\/lso.ca\/accueil\" target=\"_blank\" rel=\"noopener\">https:\/\/lso.ca\/accueil<\/a><\/li>\n<li>T\u00e9l\u00e9phone: 416-947-3300<\/li>\n<li>Sans frais: 1-800-668-7380<\/li>\n<li>ATS: 416-644-4886<\/li>\n<\/ul>\n<h3>Obtenir de l&rsquo;aide au tribunal : Services d&rsquo;avocats de service<\/h3>\n<p>Les avocats de service sont des avocats assign\u00e9s aux tribunaux pour fournir une assistance gratuite aux personnes qui n&rsquo;ont pas d&rsquo;avocat. Si une personne est admissible et a besoin d&rsquo;aide juridique le jour de son audience, elle peut parler \u00e0 un avocat de service au palais de justice.<\/p>\n<p>Les avocats de service peuvent :<\/p>\n<ul>\n<li>donner des conseils et des informations<\/li>\n<li>informer les gens de leurs droits l\u00e9gaux et de ce qu&rsquo;ils doivent faire<\/li>\n<li>expliquer le fonctionnement du processus judiciaire<\/li>\n<li>dans certains cas, aider \u00e0 la pr\u00e9paration de documents<\/li>\n<li>dans certains cas, repr\u00e9senter une personne<\/li>\n<\/ul>\n<p>Cherchez le bureau des avocats de service dans votre palais de justice.<\/p>\n<ul>\n<li>Site web : <a href=\"https:\/\/www.legalaid.on.ca\/duty-counsel-offices\/\" target=\"_blank\" rel=\"noopener\">https:\/\/www.legalaid.on.ca\/duty-counsel-offices\/<\/a><\/li>\n<li>Si vous avez des difficult\u00e9s \u00e0 trouver un bureau d&rsquo;avocats de service en utilisant cet annuaire, veuillez contacter le centre de service \u00e0 la client\u00e8le au 416-979-1446 ou sans frais au 1-800-668-8258.<\/li>\n<\/ul>\n<h2>Plaintes<\/h2>\n<h3>Tribunal des droits de la personne de l&rsquo;Ontario<\/h3>\n<p>Pour porter plainte concernant le profilage racial ou la discrimination, contactez le Tribunal des droits de la personne de l&rsquo;Ontario.<\/p>\n<ul>\n<li>Site web : <a href=\"http:\/\/www.sjto.gov.on.ca\/hrto\/\" target=\"_blank\" rel=\"noopener\">http:\/\/www.sjto.gov.on.ca\/hrto\/<\/a><\/li>\n<\/ul>\n<h3>Ombudsman Ontario<\/h3>\n<p>L&rsquo;Ombudsman de l&rsquo;Ontario est un officier ind\u00e9pendant et impartial de l&rsquo;Assembl\u00e9e l\u00e9gislative qui r\u00e9sout les plaintes concernant le gouvernement et les organismes du secteur public.<\/p>\n<ul>\n<li>Site web: <a href=\"https:\/\/www.ombudsman.on.ca\/accueil\" target=\"_blank\" rel=\"noopener\">https:\/\/www.ombudsman.on.ca\/accueil<\/a><\/li>\n<li>Adresse: 483 Bay Street, 10e \u00e9tage, Tour Sud, Toronto, ON M5G 2C9<\/li>\n<li>T\u00e9l\u00e9phone:\n<ul>\n<li>Sans frais (Ontario seulement): 1-800-263-1830<\/li>\n<li>Hors de l&rsquo;Ontario: 416-586-3300<\/li>\n<\/ul>\n<\/li>\n<li>ATS (t\u00e9l\u00e9scripteur): 1-866-411-4211<\/li>\n<li>T\u00e9l\u00e9copieur: 416-586-3485<\/li>\n<li>T\u00e9l\u00e9copieur sans frais: 1-866-863-2560<\/li>\n<li>Courriel: info@ombudsman.on.ca<\/li>\n<\/ul>\n<h3>Agence des plaintes contre les forces de l&rsquo;ordre (LECA)<\/h3>\n<p>L&rsquo;Agence des plaintes contre les forces de l&rsquo;ordre (LECA) \u2013 anciennement connue sous le nom de Bureau du directeur ind\u00e9pendant de l&rsquo;examen de la police (OIPRD) \u2013 est responsable de la r\u00e9ception, de la gestion et de la supervision des plaintes du public concernant l&rsquo;inconduite des agents de police.<\/p>\n<p>LECA accepte les plaintes concernant la conduite des agents suivants :<\/p>\n<ul>\n<li>Tous les agents de police municipaux, r\u00e9gionaux et provinciaux (OPP)<\/li>\n<li>Agents sp\u00e9ciaux employ\u00e9s par la Commission des parcs du Niagara<\/li>\n<li>Agents de la paix du Service de protection l\u00e9gislative<\/li>\n<li>Agents de police des Premi\u00e8res Nations si le service de police adh\u00e8re \u00e0 la CSPA<\/li>\n<\/ul>\n<p>En tant qu&rsquo;agence civile ind\u00e9pendante du minist\u00e8re du Procureur g\u00e9n\u00e9ral de l&rsquo;Ontario, les d\u00e9cisions de la LECA sont ind\u00e9pendantes du gouvernement de l&rsquo;Ontario, de la police et de la communaut\u00e9.<\/p>\n<ul>\n<li>Site web: <a href=\"https:\/\/leca.ca\/fr\/\" target=\"_blank\" rel=\"noopener\">https:\/\/leca.ca\/fr\/<\/a><\/li>\n<\/ul>\n<h2>Autres ressources<\/h2>\n<h3>211 Service centralis\u00e9 de ressources<\/h3>\n<p>Le 211 est une ligne d&rsquo;assistance et une base de donn\u00e9es en ligne des services communautaires et sociaux disponibles.<\/p>\n<ul>\n<li>Site web: <a href=\"https:\/\/211ontario.ca\/fr\/\" target=\"_blank\" rel=\"noopener\">https:\/\/211ontario.ca\/fr\/<\/a><\/li>\n<li>T\u00e9l\u00e9phone: Composez le 2-1-1 ou TEXTEZ 21166<\/li>\n<\/ul>\n<h3>F\u00e9d\u00e9ration des centres d&rsquo;amiti\u00e9 autochtones de l&rsquo;Ontario (OFIFC)<\/h3>\n<p>La F\u00e9d\u00e9ration des centres d&rsquo;amiti\u00e9 autochtones de l&rsquo;Ontario (OFIFC) repr\u00e9sente les int\u00e9r\u00eats collectifs de 29 centres d&rsquo;amiti\u00e9 dans des villes et des villages \u00e0 travers la province. Les centres d&rsquo;amiti\u00e9 sont des lieux o\u00f9 les membres de la communaut\u00e9 et les peuples autochtones vivant en milieu urbain peuvent se rassembler, se connecter les uns aux autres et recevoir des services bas\u00e9s sur la culture.<\/p>\n<p>Pour savoir o\u00f9 acc\u00e9der \u00e0 votre centre d&rsquo;amiti\u00e9 autochtone local, veuillez visiter :<\/p>\n<ul>\n<li>Site web: <a href=\"https:\/\/ofifc.org\/\" target=\"_blank\" rel=\"noopener\">https:\/\/ofifc.org\/<\/a><\/li>\n<li>Contact: T\u00e9l\u00e9phone : (416) 956-7575<\/li>\n<\/ul>\n","protected":false},"excerpt":{"rendered":"<p>Le ROEJ est un organisme \u00e0 but non lucratif ax\u00e9 sur l\u2019\u00e9ducation. M\u00eame si plusieurs membres de notre personnel sont des avocats, nous ne pouvons pas fournir des conseils juridiques ou vous aider avec un probl\u00e8me juridique. Pour vous aider dans vos d\u00e9marches, vous pouvez utiliser les ressources que vous trouverez dans notre site. Par [&hellip;]<\/p>\n","protected":false},"author":2,"featured_media":0,"parent":30122,"menu_order":0,"comment_status":"closed","ping_status":"closed","template":"","meta":{"_acf_changed":false,"_eb_attr":"","inline_featured_image":false,"ub_ctt_via":"","footnotes":""},"class_list":["post-34163","page","type-page","status-publish","hentry"],"acf":[],"featured_image_src":null,"yoast_head":"<!-- This site is optimized with the Yoast SEO plugin v25.3 - https:\/\/yoast.com\/wordpress\/plugins\/seo\/ -->\n<title>Besoin de conseils juridiques? - OJEN<\/title>\n<meta name=\"robots\" content=\"index, follow, max-snippet:-1, max-image-preview:large, max-video-preview:-1\" \/>\n<link rel=\"canonical\" href=\"https:\/\/ojen.ca\/fr\/pour-les-jeunes\/conseils-juridiques\/\" \/>\n<meta property=\"og:locale\" content=\"fr_CA\" \/>\n<meta property=\"og:type\" content=\"article\" \/>\n<meta property=\"og:title\" content=\"Besoin de conseils juridiques? - OJEN\" \/>\n<meta property=\"og:description\" content=\"Le ROEJ est un organisme \u00e0 but non lucratif ax\u00e9 sur l\u2019\u00e9ducation. M\u00eame si plusieurs membres de notre personnel sont des avocats, nous ne pouvons pas fournir des conseils juridiques ou vous aider avec un probl\u00e8me juridique. Pour vous aider dans vos d\u00e9marches, vous pouvez utiliser les ressources que vous trouverez dans notre site. Par [&hellip;]\" \/>\n<meta property=\"og:url\" content=\"https:\/\/ojen.ca\/fr\/pour-les-jeunes\/conseils-juridiques\/\" \/>\n<meta property=\"og:site_name\" content=\"OJEN\" \/>\n<meta property=\"article:publisher\" content=\"https:\/\/www.facebook.com\/pages\/OJEN\/252115501467864\" \/>\n<meta property=\"article:modified_time\" content=\"2025-08-01T08:51:21+00:00\" \/>\n<meta name=\"twitter:card\" content=\"summary_large_image\" \/>\n<meta name=\"twitter:site\" content=\"@OJEN_ROEJ\" \/>\n<meta name=\"twitter:label1\" content=\"Estimation du temps de lecture\" \/>\n\t<meta name=\"twitter:data1\" content=\"6 minutes\" \/>\n<script type=\"application\/ld+json\" class=\"yoast-schema-graph\">{\"@context\":\"https:\/\/schema.org\",\"@graph\":[{\"@type\":\"WebPage\",\"@id\":\"https:\/\/ojen.ca\/fr\/pour-les-jeunes\/conseils-juridiques\/\",\"url\":\"https:\/\/ojen.ca\/fr\/pour-les-jeunes\/conseils-juridiques\/\",\"name\":\"Besoin de conseils juridiques? - OJEN\",\"isPartOf\":{\"@id\":\"https:\/\/ojen.ca\/en\/#website\"},\"datePublished\":\"2025-07-31T21:32:10+00:00\",\"dateModified\":\"2025-08-01T08:51:21+00:00\",\"breadcrumb\":{\"@id\":\"https:\/\/ojen.ca\/fr\/pour-les-jeunes\/conseils-juridiques\/#breadcrumb\"},\"inLanguage\":\"fr-CA\",\"potentialAction\":[{\"@type\":\"ReadAction\",\"target\":[\"https:\/\/ojen.ca\/fr\/pour-les-jeunes\/conseils-juridiques\/\"]}]},{\"@type\":\"BreadcrumbList\",\"@id\":\"https:\/\/ojen.ca\/fr\/pour-les-jeunes\/conseils-juridiques\/#breadcrumb\",\"itemListElement\":[{\"@type\":\"ListItem\",\"position\":1,\"name\":\"Home\",\"item\":\"https:\/\/ojen.ca\/fr\/\"},{\"@type\":\"ListItem\",\"position\":2,\"name\":\"Pour les jeunes\",\"item\":\"https:\/\/ojen.ca\/fr\/pour-les-jeunes\/\"},{\"@type\":\"ListItem\",\"position\":3,\"name\":\"Besoin de conseils juridiques?\"}]},{\"@type\":\"WebSite\",\"@id\":\"https:\/\/ojen.ca\/en\/#website\",\"url\":\"https:\/\/ojen.ca\/en\/\",\"name\":\"OJEN\",\"description\":\"\",\"potentialAction\":[{\"@type\":\"SearchAction\",\"target\":{\"@type\":\"EntryPoint\",\"urlTemplate\":\"https:\/\/ojen.ca\/en\/?s={search_term_string}\"},\"query-input\":{\"@type\":\"PropertyValueSpecification\",\"valueRequired\":true,\"valueName\":\"search_term_string\"}}],\"inLanguage\":\"fr-CA\"}]}<\/script>\n<!-- \/ Yoast SEO plugin. -->","yoast_head_json":{"title":"Besoin de conseils juridiques? - OJEN","robots":{"index":"index","follow":"follow","max-snippet":"max-snippet:-1","max-image-preview":"max-image-preview:large","max-video-preview":"max-video-preview:-1"},"canonical":"https:\/\/ojen.ca\/fr\/pour-les-jeunes\/conseils-juridiques\/","og_locale":"fr_CA","og_type":"article","og_title":"Besoin de conseils juridiques? - OJEN","og_description":"Le ROEJ est un organisme \u00e0 but non lucratif ax\u00e9 sur l\u2019\u00e9ducation. M\u00eame si plusieurs membres de notre personnel sont des avocats, nous ne pouvons pas fournir des conseils juridiques ou vous aider avec un probl\u00e8me juridique. Pour vous aider dans vos d\u00e9marches, vous pouvez utiliser les ressources que vous trouverez dans notre site. Par [&hellip;]","og_url":"https:\/\/ojen.ca\/fr\/pour-les-jeunes\/conseils-juridiques\/","og_site_name":"OJEN","article_publisher":"https:\/\/www.facebook.com\/pages\/OJEN\/252115501467864","article_modified_time":"2025-08-01T08:51:21+00:00","twitter_card":"summary_large_image","twitter_site":"@OJEN_ROEJ","twitter_misc":{"Estimation du temps de lecture":"6 minutes"},"schema":{"@context":"https:\/\/schema.org","@graph":[{"@type":"WebPage","@id":"https:\/\/ojen.ca\/fr\/pour-les-jeunes\/conseils-juridiques\/","url":"https:\/\/ojen.ca\/fr\/pour-les-jeunes\/conseils-juridiques\/","name":"Besoin de conseils juridiques? - OJEN","isPartOf":{"@id":"https:\/\/ojen.ca\/en\/#website"},"datePublished":"2025-07-31T21:32:10+00:00","dateModified":"2025-08-01T08:51:21+00:00","breadcrumb":{"@id":"https:\/\/ojen.ca\/fr\/pour-les-jeunes\/conseils-juridiques\/#breadcrumb"},"inLanguage":"fr-CA","potentialAction":[{"@type":"ReadAction","target":["https:\/\/ojen.ca\/fr\/pour-les-jeunes\/conseils-juridiques\/"]}]},{"@type":"BreadcrumbList","@id":"https:\/\/ojen.ca\/fr\/pour-les-jeunes\/conseils-juridiques\/#breadcrumb","itemListElement":[{"@type":"ListItem","position":1,"name":"Home","item":"https:\/\/ojen.ca\/fr\/"},{"@type":"ListItem","position":2,"name":"Pour les jeunes","item":"https:\/\/ojen.ca\/fr\/pour-les-jeunes\/"},{"@type":"ListItem","position":3,"name":"Besoin de conseils juridiques?"}]},{"@type":"WebSite","@id":"https:\/\/ojen.ca\/en\/#website","url":"https:\/\/ojen.ca\/en\/","name":"OJEN","description":"","potentialAction":[{"@type":"SearchAction","target":{"@type":"EntryPoint","urlTemplate":"https:\/\/ojen.ca\/en\/?s={search_term_string}"},"query-input":{"@type":"PropertyValueSpecification","valueRequired":true,"valueName":"search_term_string"}}],"inLanguage":"fr-CA"}]}},"_links":{"self":[{"href":"https:\/\/ojen.ca\/fr\/wp-json\/wp\/v2\/pages\/34163"}],"collection":[{"href":"https:\/\/ojen.ca\/fr\/wp-json\/wp\/v2\/pages"}],"about":[{"href":"https:\/\/ojen.ca\/fr\/wp-json\/wp\/v2\/types\/page"}],"author":[{"embeddable":true,"href":"https:\/\/ojen.ca\/fr\/wp-json\/wp\/v2\/users\/2"}],"replies":[{"embeddable":true,"href":"https:\/\/ojen.ca\/fr\/wp-json\/wp\/v2\/comments?post=34163"}],"version-history":[{"count":3,"href":"https:\/\/ojen.ca\/fr\/wp-json\/wp\/v2\/pages\/34163\/revisions"}],"predecessor-version":[{"id":34176,"href":"https:\/\/ojen.ca\/fr\/wp-json\/wp\/v2\/pages\/34163\/revisions\/34176"}],"up":[{"embeddable":true,"href":"https:\/\/ojen.ca\/fr\/wp-json\/wp\/v2\/pages\/30122"}],"wp:attachment":[{"href":"https:\/\/ojen.ca\/fr\/wp-json\/wp\/v2\/media?parent=34163"}],"curies":[{"name":"wp","href":"https:\/\/api.w.org\/{rel}","templated":true}]}}