{"id":5783,"date":"2016-10-19T11:40:03","date_gmt":"2016-10-19T11:40:03","guid":{"rendered":"http:\/\/ojen2.turnbull.co\/fr\/?page_id=5783"},"modified":"2021-05-04T13:39:06","modified_gmt":"2021-05-04T17:39:06","slug":"notre-travail","status":"publish","type":"page","link":"https:\/\/ojen.ca\/fr\/notre-travail\/","title":{"rendered":"Programmes"},"content":{"rendered":"<p>Le ROEJ d\u00e9veloppe des outils p\u00e9dagogiques cr\u00e9atifs et engageants pour aider les enseignant.e.s des cours de droit, d\u2019\u00e9ducation \u00e0 la citoyennet\u00e9, de sciences sociales et autres mati\u00e8res \u00e0 susciter l\u2019int\u00e9r\u00eat des \u00e9l\u00e8ves et \u00e0 r\u00e9pondre aux attentes du curriculum. Par ailleurs nous aidons \u00e0 l\u2019organisation de conf\u00e9rences en salle de classe et de visites de palais de justice afin de donner plus de substance \u00e0 l\u2019enseignement de ces mati\u00e8res.<\/p>\n<p>Quoi de mieux pour susciter l\u2019int\u00e9r\u00eat des \u00e9tudiant.e.s que de leur donner l\u2019opportunit\u00e9 de partager avec d\u2019autres personnes de leur age, d\u2019autres enseignants ainsi que des professionnels du monde juridique \u00e0 l\u2019occasion de rencontres, comp\u00e9titions et d\u00e9fis! Du&nbsp;&nbsp;<a href=\"https:\/\/ojen.ca\/fr\/program\/defi-dillustrations-pour-les-eleves-de-5e-annee\"><strong>D\u00e9fi d\u2019illustrations<\/strong><\/a>&nbsp;pour les plus jeunes aux&nbsp;&nbsp;<a href=\"https:\/\/ojen.ca\/fr\/oocmt\"><strong>Comp\u00e9titions de proc\u00e8s simul\u00e9s<\/strong><\/a>&nbsp;ou&nbsp;&nbsp;<strong><a href=\"https:\/\/ojen.ca\/fr\/program\/defi-de-la-charte\">D\u00e9fis de la Charte<\/a>&nbsp;<\/strong>en passant par les rencontres inspirantes des&nbsp;&nbsp;<b><a href=\"https:\/\/ojen.ca\/fr\/program\/trailblazers-rencontres-avec-des-femmes-du-secteur-de-la-justice\">Pionni\u00e8res<\/a><\/b>&nbsp;ou de&nbsp;&nbsp;<strong><a href=\"https:\/\/ojen.ca\/fr\/program\/sistahs-in-law-paving-the-way\">Sistahs in Law<\/a><\/strong>&nbsp;ou l&rsquo;hilarant&nbsp;&nbsp;<strong><a href=\"https:\/\/ojen.ca\/fr\/resource\/le-jeu-acces-a-la-justice\">jeu de l&rsquo;acc\u00e8s \u00e0 la justice<\/a><\/strong> nul doute que vous trouverez de quoi donner \u00e0 vos \u00e9tudiant.e.s la passion d\u2019apprendre!<\/p>\n<div class=\"blue-bg\">\n<h2><a href=\"https:\/\/ojen.ca\/fr\/notre-travail\/le-roej-dans-les-salles-de-classe\"><strong>Pour les \u00e9coles<\/strong><\/a><\/h2>\n<p>Le ROEJ d\u00e9veloppe des outils p\u00e9dagogiques cr\u00e9atifs et engageants pour aider les enseignants des cours de droit, d\u2019\u00e9ducation \u00e0 la citoyennet\u00e9, de sciences sociales et autres mati\u00e8res \u00e0 susciter l\u2019int\u00e9r\u00eat des \u00e9l\u00e8ves et \u00e0 r\u00e9pondre aux attentes du curriculum.<\/p>\n<\/div>\n<div class=\"blue-bg\">\n<h2><a href=\"https:\/\/ojen.ca\/fr\/notre-travail\/pour-les-communaute\"><strong>Pour les communaut\u00e9s<\/strong><\/a><\/h2>\n<p>Si vous souhaitez organiser un programme du ROEJ pour votre communaut\u00e9, nous vous aiderons \u00e0 d\u00e9terminer celui qui r\u00e9pond le mieux \u00e0 vos besoins.<\/p>\n<\/div>\n<div class=\"blue-bg\">\n<h2><a href=\"https:\/\/ojen.ca\/fr\/notre-travail\/evenements-annuels-et-programmes\"><strong>Comp\u00e9titions<\/strong><\/a><\/h2>\n<p>Quoi de mieux pour susciter l\u2019int\u00e9r\u00eat des \u00e9tudiant.e.s que de leur donner l\u2019opportunit\u00e9 de partager avec d\u2019autres personnes de leur age, d\u2019autres enseignants ainsi que des professionnels du monde juridique \u00e0 l\u2019occasion de rencontres, comp\u00e9titions et d\u00e9fis!<\/p>\n<\/div>\n<p><span style=\"color: #ff6600;\"><em>Pour information, pri\u00e8re de contacter Thomas&nbsp;Gallezot,&nbsp;responsable des programmes francophones au&nbsp;<\/em><\/span><em><span style=\"color: #ff6600;\">(416) 761-9963 poste 230 ou<\/span>&nbsp;<a href=\"mailto:tgallezot@ojen.ca\">tgallezot@ojen.ca<\/a><\/em><\/p>\n","protected":false},"excerpt":{"rendered":"<p>Le ROEJ d\u00e9veloppe des outils p\u00e9dagogiques cr\u00e9atifs et engageants pour aider les enseignant.e.s des cours de droit, d\u2019\u00e9ducation \u00e0 la citoyennet\u00e9, de sciences sociales et autres mati\u00e8res \u00e0 susciter l\u2019int\u00e9r\u00eat des \u00e9l\u00e8ves et \u00e0 r\u00e9pondre aux attentes du curriculum. Par ailleurs nous aidons \u00e0 l\u2019organisation de conf\u00e9rences en salle de classe et de visites de [&hellip;]<\/p>\n","protected":false},"author":4,"featured_media":21017,"parent":0,"menu_order":0,"comment_status":"closed","ping_status":"closed","template":"template-intro-textblocks.php","meta":{"_acf_changed":false,"_eb_attr":"","inline_featured_image":false,"ub_ctt_via":"","footnotes":""},"class_list":["post-5783","page","type-page","status-publish","has-post-thumbnail","hentry"],"acf":[],"featured_image_src":"https:\/\/ojen.ca\/wp-content\/uploads\/2021\/05\/Dernier-pointage-avant-la-remise-des-troph\u00e9es._1600px.png","yoast_head":"<!-- This site is optimized with the Yoast SEO plugin v25.3 - https:\/\/yoast.com\/wordpress\/plugins\/seo\/ -->\n<title>Programmes - OJEN<\/title>\n<meta name=\"robots\" content=\"index, follow, max-snippet:-1, max-image-preview:large, max-video-preview:-1\" \/>\n<link rel=\"canonical\" href=\"https:\/\/ojen.ca\/fr\/notre-travail\/\" \/>\n<meta property=\"og:locale\" content=\"fr_CA\" \/>\n<meta property=\"og:type\" content=\"article\" \/>\n<meta property=\"og:title\" content=\"Programmes - OJEN\" \/>\n<meta property=\"og:description\" content=\"Le ROEJ d\u00e9veloppe des outils p\u00e9dagogiques cr\u00e9atifs et engageants pour aider les enseignant.e.s des cours de droit, d\u2019\u00e9ducation \u00e0 la citoyennet\u00e9, de sciences sociales et autres mati\u00e8res \u00e0 susciter l\u2019int\u00e9r\u00eat des \u00e9l\u00e8ves et \u00e0 r\u00e9pondre aux attentes du curriculum. Par ailleurs nous aidons \u00e0 l\u2019organisation de conf\u00e9rences en salle de classe et de visites de [&hellip;]\" \/>\n<meta property=\"og:url\" content=\"https:\/\/ojen.ca\/fr\/notre-travail\/\" \/>\n<meta property=\"og:site_name\" content=\"OJEN\" \/>\n<meta property=\"article:publisher\" content=\"https:\/\/www.facebook.com\/pages\/OJEN\/252115501467864\" \/>\n<meta property=\"article:modified_time\" content=\"2021-05-04T17:39:06+00:00\" \/>\n<meta property=\"og:image\" content=\"https:\/\/ojen.ca\/wp-content\/uploads\/2021\/05\/Dernier-pointage-avant-la-remise-des-troph\u00e9es._1600px-1024x371.png\" \/>\n\t<meta property=\"og:image:width\" content=\"1024\" \/>\n\t<meta property=\"og:image:height\" content=\"371\" \/>\n\t<meta property=\"og:image:type\" content=\"image\/png\" \/>\n<meta name=\"twitter:card\" content=\"summary_large_image\" \/>\n<meta name=\"twitter:site\" content=\"@OJEN_ROEJ\" \/>\n<meta name=\"twitter:label1\" content=\"Estimation du temps de lecture\" \/>\n\t<meta name=\"twitter:data1\" content=\"2 minutes\" \/>\n<script type=\"application\/ld+json\" class=\"yoast-schema-graph\">{\"@context\":\"https:\/\/schema.org\",\"@graph\":[{\"@type\":\"WebPage\",\"@id\":\"https:\/\/ojen.ca\/fr\/notre-travail\/\",\"url\":\"https:\/\/ojen.ca\/fr\/notre-travail\/\",\"name\":\"Programmes - OJEN\",\"isPartOf\":{\"@id\":\"https:\/\/ojen.ca\/en\/#website\"},\"primaryImageOfPage\":{\"@id\":\"https:\/\/ojen.ca\/fr\/notre-travail\/#primaryimage\"},\"image\":{\"@id\":\"https:\/\/ojen.ca\/fr\/notre-travail\/#primaryimage\"},\"thumbnailUrl\":\"https:\/\/ojen.ca\/wp-content\/uploads\/2021\/05\/Dernier-pointage-avant-la-remise-des-troph\u00e9es._1600px.png\",\"datePublished\":\"2016-10-19T11:40:03+00:00\",\"dateModified\":\"2021-05-04T17:39:06+00:00\",\"breadcrumb\":{\"@id\":\"https:\/\/ojen.ca\/fr\/notre-travail\/#breadcrumb\"},\"inLanguage\":\"fr-CA\",\"potentialAction\":[{\"@type\":\"ReadAction\",\"target\":[\"https:\/\/ojen.ca\/fr\/notre-travail\/\"]}]},{\"@type\":\"ImageObject\",\"inLanguage\":\"fr-CA\",\"@id\":\"https:\/\/ojen.ca\/fr\/notre-travail\/#primaryimage\",\"url\":\"https:\/\/ojen.ca\/wp-content\/uploads\/2021\/05\/Dernier-pointage-avant-la-remise-des-troph\u00e9es._1600px.png\",\"contentUrl\":\"https:\/\/ojen.ca\/wp-content\/uploads\/2021\/05\/Dernier-pointage-avant-la-remise-des-troph\u00e9es._1600px.png\",\"width\":4032,\"height\":1462},{\"@type\":\"BreadcrumbList\",\"@id\":\"https:\/\/ojen.ca\/fr\/notre-travail\/#breadcrumb\",\"itemListElement\":[{\"@type\":\"ListItem\",\"position\":1,\"name\":\"Home\",\"item\":\"https:\/\/ojen.ca\/fr\/\"},{\"@type\":\"ListItem\",\"position\":2,\"name\":\"Programmes\"}]},{\"@type\":\"WebSite\",\"@id\":\"https:\/\/ojen.ca\/en\/#website\",\"url\":\"https:\/\/ojen.ca\/en\/\",\"name\":\"OJEN\",\"description\":\"\",\"potentialAction\":[{\"@type\":\"SearchAction\",\"target\":{\"@type\":\"EntryPoint\",\"urlTemplate\":\"https:\/\/ojen.ca\/en\/?s={search_term_string}\"},\"query-input\":{\"@type\":\"PropertyValueSpecification\",\"valueRequired\":true,\"valueName\":\"search_term_string\"}}],\"inLanguage\":\"fr-CA\"}]}<\/script>\n<!-- \/ Yoast SEO plugin. -->","yoast_head_json":{"title":"Programmes - OJEN","robots":{"index":"index","follow":"follow","max-snippet":"max-snippet:-1","max-image-preview":"max-image-preview:large","max-video-preview":"max-video-preview:-1"},"canonical":"https:\/\/ojen.ca\/fr\/notre-travail\/","og_locale":"fr_CA","og_type":"article","og_title":"Programmes - OJEN","og_description":"Le ROEJ d\u00e9veloppe des outils p\u00e9dagogiques cr\u00e9atifs et engageants pour aider les enseignant.e.s des cours de droit, d\u2019\u00e9ducation \u00e0 la citoyennet\u00e9, de sciences sociales et autres mati\u00e8res \u00e0 susciter l\u2019int\u00e9r\u00eat des \u00e9l\u00e8ves et \u00e0 r\u00e9pondre aux attentes du curriculum. Par ailleurs nous aidons \u00e0 l\u2019organisation de conf\u00e9rences en salle de classe et de visites de [&hellip;]","og_url":"https:\/\/ojen.ca\/fr\/notre-travail\/","og_site_name":"OJEN","article_publisher":"https:\/\/www.facebook.com\/pages\/OJEN\/252115501467864","article_modified_time":"2021-05-04T17:39:06+00:00","og_image":[{"width":1024,"height":371,"url":"https:\/\/ojen.ca\/wp-content\/uploads\/2021\/05\/Dernier-pointage-avant-la-remise-des-troph\u00e9es._1600px-1024x371.png","type":"image\/png"}],"twitter_card":"summary_large_image","twitter_site":"@OJEN_ROEJ","twitter_misc":{"Estimation du temps de lecture":"2 minutes"},"schema":{"@context":"https:\/\/schema.org","@graph":[{"@type":"WebPage","@id":"https:\/\/ojen.ca\/fr\/notre-travail\/","url":"https:\/\/ojen.ca\/fr\/notre-travail\/","name":"Programmes - OJEN","isPartOf":{"@id":"https:\/\/ojen.ca\/en\/#website"},"primaryImageOfPage":{"@id":"https:\/\/ojen.ca\/fr\/notre-travail\/#primaryimage"},"image":{"@id":"https:\/\/ojen.ca\/fr\/notre-travail\/#primaryimage"},"thumbnailUrl":"https:\/\/ojen.ca\/wp-content\/uploads\/2021\/05\/Dernier-pointage-avant-la-remise-des-troph\u00e9es._1600px.png","datePublished":"2016-10-19T11:40:03+00:00","dateModified":"2021-05-04T17:39:06+00:00","breadcrumb":{"@id":"https:\/\/ojen.ca\/fr\/notre-travail\/#breadcrumb"},"inLanguage":"fr-CA","potentialAction":[{"@type":"ReadAction","target":["https:\/\/ojen.ca\/fr\/notre-travail\/"]}]},{"@type":"ImageObject","inLanguage":"fr-CA","@id":"https:\/\/ojen.ca\/fr\/notre-travail\/#primaryimage","url":"https:\/\/ojen.ca\/wp-content\/uploads\/2021\/05\/Dernier-pointage-avant-la-remise-des-troph\u00e9es._1600px.png","contentUrl":"https:\/\/ojen.ca\/wp-content\/uploads\/2021\/05\/Dernier-pointage-avant-la-remise-des-troph\u00e9es._1600px.png","width":4032,"height":1462},{"@type":"BreadcrumbList","@id":"https:\/\/ojen.ca\/fr\/notre-travail\/#breadcrumb","itemListElement":[{"@type":"ListItem","position":1,"name":"Home","item":"https:\/\/ojen.ca\/fr\/"},{"@type":"ListItem","position":2,"name":"Programmes"}]},{"@type":"WebSite","@id":"https:\/\/ojen.ca\/en\/#website","url":"https:\/\/ojen.ca\/en\/","name":"OJEN","description":"","potentialAction":[{"@type":"SearchAction","target":{"@type":"EntryPoint","urlTemplate":"https:\/\/ojen.ca\/en\/?s={search_term_string}"},"query-input":{"@type":"PropertyValueSpecification","valueRequired":true,"valueName":"search_term_string"}}],"inLanguage":"fr-CA"}]}},"_links":{"self":[{"href":"https:\/\/ojen.ca\/fr\/wp-json\/wp\/v2\/pages\/5783"}],"collection":[{"href":"https:\/\/ojen.ca\/fr\/wp-json\/wp\/v2\/pages"}],"about":[{"href":"https:\/\/ojen.ca\/fr\/wp-json\/wp\/v2\/types\/page"}],"author":[{"embeddable":true,"href":"https:\/\/ojen.ca\/fr\/wp-json\/wp\/v2\/users\/4"}],"replies":[{"embeddable":true,"href":"https:\/\/ojen.ca\/fr\/wp-json\/wp\/v2\/comments?post=5783"}],"version-history":[{"count":0,"href":"https:\/\/ojen.ca\/fr\/wp-json\/wp\/v2\/pages\/5783\/revisions"}],"wp:featuredmedia":[{"embeddable":true,"href":"https:\/\/ojen.ca\/fr\/wp-json\/wp\/v2\/media\/21017"}],"wp:attachment":[{"href":"https:\/\/ojen.ca\/fr\/wp-json\/wp\/v2\/media?parent=5783"}],"curies":[{"name":"wp","href":"https:\/\/api.w.org\/{rel}","templated":true}]}}