{"id":7947,"date":"2016-11-29T05:27:34","date_gmt":"2016-11-29T10:27:34","guid":{"rendered":"http:\/\/ojen.ca\/fr\/?page_id=7947"},"modified":"2025-07-25T10:01:54","modified_gmt":"2025-07-25T14:01:54","slug":"le-roej-dans-les-salles-de-classe","status":"publish","type":"page","link":"https:\/\/ojen.ca\/fr\/le-roej-dans-les-salles-de-classe\/","title":{"rendered":"Pour les \u00e9coles"},"content":{"rendered":"\n<section class=\"wp-block-tco2025-blocks-section-block has-grey-bg\"><div class=\"layout__container\">\n<p>Le ROEJ d\u00e9veloppe des outils p\u00e9dagogiques cr\u00e9atifs et engageants pour aider les enseignant.e.s des cours de droit, d&rsquo;\u00e9ducation \u00e0 la citoyennet\u00e9, de sciences sociales et autres mati\u00e8res \u00e0 susciter l&rsquo;int\u00e9r\u00eat des \u00e9l\u00e8ves et \u00e0 r\u00e9pondre aux attentes du curriculum. Par ailleurs nous aidons \u00e0 l&rsquo;organisation de conf\u00e9rences en salle de classe et de visites de palais de justice afin de donner plus de substance \u00e0 l&rsquo;enseignement de ces mati\u00e8res.<\/p>\n\n\n\n<ul class=\"wp-block-tco2025-blocks-card-list-block image-preview-list\"><li class=\"image-preview js-flipped-card\" tabindex=\"0\"><div class=\"image-preview__inner\"><div class=\"image-preview__wrapper\"><img decoding=\"async\" class=\"image-preview__img\" src=\"https:\/\/ojen.ca\/wp-content\/uploads\/2016\/06\/annual-events-programs.jpg\" loading=\"lazy\" alt=\"\"\/><p class=\"image-preview__text\">Comp\u00e9titions<\/p><\/div><div class=\"image-preview__back\"><div class=\"image-preview__back-inner js-flipped-card-content\"><h2 class=\"image-preview__back-heading\">Comp\u00e9titions<\/h2><p class=\"image-preview__back-text\"><\/p><a class=\"image-preview__back-button button button--primary\" href=\"\/fr\/le-roej-dans-les-salles-de-classe\/evenements-annuels-et-programmes\">En savoir plus<\/a><\/div><\/div><\/div><\/li><li class=\"image-preview js-flipped-card\" tabindex=\"0\"><div class=\"image-preview__inner\"><div class=\"image-preview__wrapper\"><img decoding=\"async\" class=\"image-preview__img\" src=\"https:\/\/ojen.ca\/wp-content\/uploads\/2025\/03\/courthouse_visit-scaled.jpg\" loading=\"lazy\" alt=\"\"\/><p class=\"image-preview__text\">Visite d\u2019un palais de justice<\/p><\/div><div class=\"image-preview__back\"><div class=\"image-preview__back-inner js-flipped-card-content\"><h2 class=\"image-preview__back-heading\">Visite d\u2019un palais de justice<\/h2><p class=\"image-preview__back-text\"><\/p><a class=\"image-preview__back-button button button--primary\" href=\"\/fr\/le-roej-dans-les-salles-de-classe\/courthouses\">En savoir plus<\/a><\/div><\/div><\/div><\/li><li class=\"image-preview js-flipped-card\" tabindex=\"0\"><div class=\"image-preview__inner\"><div class=\"image-preview__wrapper\"><img decoding=\"async\" class=\"image-preview__img\" src=\"https:\/\/ojen.ca\/wp-content\/uploads\/2025\/07\/Classroom-classrooom-visit.jpg\" loading=\"lazy\" alt=\"\"\/><p class=\"image-preview__text\">Juriste en salle de classe<\/p><\/div><div class=\"image-preview__back\"><div class=\"image-preview__back-inner js-flipped-card-content\"><h2 class=\"image-preview__back-heading\">Juriste en salle de classe<\/h2><p class=\"image-preview__back-text\"><\/p><a class=\"image-preview__back-button button button--primary\" href=\"\/fr\/le-roej-dans-les-salles-de-classe\/form\">En savoir plus<\/a><\/div><\/div><\/div><\/li><li class=\"image-preview js-flipped-card\" tabindex=\"0\"><div class=\"image-preview__inner\"><div class=\"image-preview__wrapper\"><img decoding=\"async\" class=\"image-preview__img\" src=\"https:\/\/ojen.ca\/wp-content\/uploads\/2025\/07\/Classroom-classroom-resources.jpg\" loading=\"lazy\" alt=\"\"\/><p class=\"image-preview__text\">Documentation p\u00e9dagogique<\/p><\/div><div class=\"image-preview__back\"><div class=\"image-preview__back-inner js-flipped-card-content\"><h2 class=\"image-preview__back-heading\">Documentation p\u00e9dagogique<\/h2><p class=\"image-preview__back-text\"><\/p><a class=\"image-preview__back-button button button--primary\" href=\"\/fr\/le-roej-dans-les-salles-de-classe\/resources-fr\">En savoir plus<\/a><\/div><\/div><\/div><\/li><\/ul>\n<\/div><\/section>\n","protected":false},"excerpt":{"rendered":"","protected":false},"author":4,"featured_media":0,"parent":0,"menu_order":-98,"comment_status":"closed","ping_status":"closed","template":"template-blocks.php","meta":{"_acf_changed":false,"_eb_attr":"","inline_featured_image":false,"ub_ctt_via":"","footnotes":""},"class_list":["post-7947","page","type-page","status-publish","hentry"],"acf":[],"featured_image_src":null,"yoast_head":"<!-- This site is optimized with the Yoast SEO plugin v25.3 - https:\/\/yoast.com\/wordpress\/plugins\/seo\/ -->\n<title>Pour les \u00e9coles - OJEN<\/title>\n<meta name=\"robots\" content=\"index, follow, max-snippet:-1, max-image-preview:large, max-video-preview:-1\" \/>\n<link rel=\"canonical\" href=\"https:\/\/ojen.ca\/fr\/le-roej-dans-les-salles-de-classe\/\" \/>\n<meta property=\"og:locale\" content=\"fr_CA\" \/>\n<meta property=\"og:type\" content=\"article\" \/>\n<meta property=\"og:title\" content=\"Pour les \u00e9coles - OJEN\" \/>\n<meta property=\"og:url\" content=\"https:\/\/ojen.ca\/fr\/le-roej-dans-les-salles-de-classe\/\" \/>\n<meta property=\"og:site_name\" content=\"OJEN\" \/>\n<meta property=\"article:publisher\" content=\"https:\/\/www.facebook.com\/pages\/OJEN\/252115501467864\" \/>\n<meta property=\"article:modified_time\" content=\"2025-07-25T14:01:54+00:00\" \/>\n<meta property=\"og:image\" content=\"https:\/\/ojen.ca\/wp-content\/uploads\/2016\/06\/annual-events-programs.jpg\" \/>\n<meta name=\"twitter:card\" content=\"summary_large_image\" \/>\n<meta name=\"twitter:site\" content=\"@OJEN_ROEJ\" \/>\n<meta name=\"twitter:label1\" content=\"Estimation du temps de lecture\" \/>\n\t<meta name=\"twitter:data1\" content=\"2 minutes\" \/>\n<script type=\"application\/ld+json\" class=\"yoast-schema-graph\">{\"@context\":\"https:\/\/schema.org\",\"@graph\":[{\"@type\":\"WebPage\",\"@id\":\"https:\/\/ojen.ca\/fr\/le-roej-dans-les-salles-de-classe\/\",\"url\":\"https:\/\/ojen.ca\/fr\/le-roej-dans-les-salles-de-classe\/\",\"name\":\"Pour les \u00e9coles - OJEN\",\"isPartOf\":{\"@id\":\"https:\/\/ojen.ca\/en\/#website\"},\"primaryImageOfPage\":{\"@id\":\"https:\/\/ojen.ca\/fr\/le-roej-dans-les-salles-de-classe\/#primaryimage\"},\"image\":{\"@id\":\"https:\/\/ojen.ca\/fr\/le-roej-dans-les-salles-de-classe\/#primaryimage\"},\"thumbnailUrl\":\"https:\/\/ojen.ca\/wp-content\/uploads\/2016\/06\/annual-events-programs.jpg\",\"datePublished\":\"2016-11-29T10:27:34+00:00\",\"dateModified\":\"2025-07-25T14:01:54+00:00\",\"breadcrumb\":{\"@id\":\"https:\/\/ojen.ca\/fr\/le-roej-dans-les-salles-de-classe\/#breadcrumb\"},\"inLanguage\":\"fr-CA\",\"potentialAction\":[{\"@type\":\"ReadAction\",\"target\":[\"https:\/\/ojen.ca\/fr\/le-roej-dans-les-salles-de-classe\/\"]}]},{\"@type\":\"ImageObject\",\"inLanguage\":\"fr-CA\",\"@id\":\"https:\/\/ojen.ca\/fr\/le-roej-dans-les-salles-de-classe\/#primaryimage\",\"url\":\"https:\/\/ojen.ca\/wp-content\/uploads\/2016\/06\/annual-events-programs.jpg\",\"contentUrl\":\"https:\/\/ojen.ca\/wp-content\/uploads\/2016\/06\/annual-events-programs.jpg\"},{\"@type\":\"BreadcrumbList\",\"@id\":\"https:\/\/ojen.ca\/fr\/le-roej-dans-les-salles-de-classe\/#breadcrumb\",\"itemListElement\":[{\"@type\":\"ListItem\",\"position\":1,\"name\":\"Home\",\"item\":\"https:\/\/ojen.ca\/fr\/\"},{\"@type\":\"ListItem\",\"position\":2,\"name\":\"Pour les \u00e9coles\"}]},{\"@type\":\"WebSite\",\"@id\":\"https:\/\/ojen.ca\/en\/#website\",\"url\":\"https:\/\/ojen.ca\/en\/\",\"name\":\"OJEN\",\"description\":\"\",\"potentialAction\":[{\"@type\":\"SearchAction\",\"target\":{\"@type\":\"EntryPoint\",\"urlTemplate\":\"https:\/\/ojen.ca\/en\/?s={search_term_string}\"},\"query-input\":{\"@type\":\"PropertyValueSpecification\",\"valueRequired\":true,\"valueName\":\"search_term_string\"}}],\"inLanguage\":\"fr-CA\"}]}<\/script>\n<!-- \/ Yoast SEO plugin. -->","yoast_head_json":{"title":"Pour les \u00e9coles - OJEN","robots":{"index":"index","follow":"follow","max-snippet":"max-snippet:-1","max-image-preview":"max-image-preview:large","max-video-preview":"max-video-preview:-1"},"canonical":"https:\/\/ojen.ca\/fr\/le-roej-dans-les-salles-de-classe\/","og_locale":"fr_CA","og_type":"article","og_title":"Pour les \u00e9coles - OJEN","og_url":"https:\/\/ojen.ca\/fr\/le-roej-dans-les-salles-de-classe\/","og_site_name":"OJEN","article_publisher":"https:\/\/www.facebook.com\/pages\/OJEN\/252115501467864","article_modified_time":"2025-07-25T14:01:54+00:00","og_image":[{"url":"https:\/\/ojen.ca\/wp-content\/uploads\/2016\/06\/annual-events-programs.jpg","type":"","width":"","height":""}],"twitter_card":"summary_large_image","twitter_site":"@OJEN_ROEJ","twitter_misc":{"Estimation du temps de lecture":"2 minutes"},"schema":{"@context":"https:\/\/schema.org","@graph":[{"@type":"WebPage","@id":"https:\/\/ojen.ca\/fr\/le-roej-dans-les-salles-de-classe\/","url":"https:\/\/ojen.ca\/fr\/le-roej-dans-les-salles-de-classe\/","name":"Pour les \u00e9coles - OJEN","isPartOf":{"@id":"https:\/\/ojen.ca\/en\/#website"},"primaryImageOfPage":{"@id":"https:\/\/ojen.ca\/fr\/le-roej-dans-les-salles-de-classe\/#primaryimage"},"image":{"@id":"https:\/\/ojen.ca\/fr\/le-roej-dans-les-salles-de-classe\/#primaryimage"},"thumbnailUrl":"https:\/\/ojen.ca\/wp-content\/uploads\/2016\/06\/annual-events-programs.jpg","datePublished":"2016-11-29T10:27:34+00:00","dateModified":"2025-07-25T14:01:54+00:00","breadcrumb":{"@id":"https:\/\/ojen.ca\/fr\/le-roej-dans-les-salles-de-classe\/#breadcrumb"},"inLanguage":"fr-CA","potentialAction":[{"@type":"ReadAction","target":["https:\/\/ojen.ca\/fr\/le-roej-dans-les-salles-de-classe\/"]}]},{"@type":"ImageObject","inLanguage":"fr-CA","@id":"https:\/\/ojen.ca\/fr\/le-roej-dans-les-salles-de-classe\/#primaryimage","url":"https:\/\/ojen.ca\/wp-content\/uploads\/2016\/06\/annual-events-programs.jpg","contentUrl":"https:\/\/ojen.ca\/wp-content\/uploads\/2016\/06\/annual-events-programs.jpg"},{"@type":"BreadcrumbList","@id":"https:\/\/ojen.ca\/fr\/le-roej-dans-les-salles-de-classe\/#breadcrumb","itemListElement":[{"@type":"ListItem","position":1,"name":"Home","item":"https:\/\/ojen.ca\/fr\/"},{"@type":"ListItem","position":2,"name":"Pour les \u00e9coles"}]},{"@type":"WebSite","@id":"https:\/\/ojen.ca\/en\/#website","url":"https:\/\/ojen.ca\/en\/","name":"OJEN","description":"","potentialAction":[{"@type":"SearchAction","target":{"@type":"EntryPoint","urlTemplate":"https:\/\/ojen.ca\/en\/?s={search_term_string}"},"query-input":{"@type":"PropertyValueSpecification","valueRequired":true,"valueName":"search_term_string"}}],"inLanguage":"fr-CA"}]}},"_links":{"self":[{"href":"https:\/\/ojen.ca\/fr\/wp-json\/wp\/v2\/pages\/7947"}],"collection":[{"href":"https:\/\/ojen.ca\/fr\/wp-json\/wp\/v2\/pages"}],"about":[{"href":"https:\/\/ojen.ca\/fr\/wp-json\/wp\/v2\/types\/page"}],"author":[{"embeddable":true,"href":"https:\/\/ojen.ca\/fr\/wp-json\/wp\/v2\/users\/4"}],"replies":[{"embeddable":true,"href":"https:\/\/ojen.ca\/fr\/wp-json\/wp\/v2\/comments?post=7947"}],"version-history":[{"count":0,"href":"https:\/\/ojen.ca\/fr\/wp-json\/wp\/v2\/pages\/7947\/revisions"}],"wp:attachment":[{"href":"https:\/\/ojen.ca\/fr\/wp-json\/wp\/v2\/media?parent=7947"}],"curies":[{"name":"wp","href":"https:\/\/api.w.org\/{rel}","templated":true}]}}