{"id":7968,"date":"2016-11-29T06:08:36","date_gmt":"2016-11-29T11:08:36","guid":{"rendered":"http:\/\/ojen.ca\/fr\/?page_id=7968"},"modified":"2025-07-31T08:06:49","modified_gmt":"2025-07-31T12:06:49","slug":"quest-ce-que-le-roej%e2%80%89","status":"publish","type":"page","link":"https:\/\/ojen.ca\/fr\/a-propos\/quest-ce-que-le-roej%e2%80%89\/","title":{"rendered":"Qu&rsquo;est-ce que le ROEJ\u2009?"},"content":{"rendered":"<p>Le R\u00e9seau ontarien d\u2019\u00e9ducation juridique (ROEJ) est un organisme de charit\u00e9 non gouvernemental et sans but lucratif dot\u00e9 d&rsquo;un mandat provincial. Nous \u00e9laborons des outils d\u2019<strong><a href=\"https:\/\/ojen.ca\/fr\/a-propos\/quest-ce-que-le-roej%E2%80%89\/leducation-juridique\">\u00e9ducation juridique<\/a><\/strong> innovateurs qui aident les jeunes \u00e0 se familiariser avec le syst\u00e8me judiciaire, \u00e0 comprendre le droit et \u00e0 d\u00e9velopper leur <strong><a href=\"https:\/\/ojen.ca\/fr\/a-propos\/quest-ce-que-le-roej%E2%80%89\/la-capacite-juridique\">\u00ab\u00a0capabilit\u00e9\u00a0\u00bb juridique<\/a><\/strong>. Nous visons \u00e0 aider les jeunes \u00e0 g\u00e9rer les dimensions juridiques des probl\u00e8mes qui surgissent dans leur propre vie.<\/p>\n<p>Nos&nbsp;&nbsp;<a href=\"https:\/\/ojen.ca\/fr\/notre-travail\"><strong>programmes<\/strong><\/a>&nbsp;sont offerts \u00e0 travers l&rsquo;Ontario par une <strong><a href=\"https:\/\/ojen.ca\/fr\/a-propos\/staff\">\u00e9quipe<\/a><\/strong> de 14 permanents assist\u00e9e d&rsquo;environ 1\u2009200 <strong><a href=\"https:\/\/ojen.ca\/fr\/a-propos\/conseil-dadministration-et-reseau-du-roej\">b\u00e9n\u00e9voles du secteur de la justice<\/a><\/strong>, notamment&nbsp;:<\/p>\n<ul>\n<li>des juges\u2009;<\/li>\n<li>des juges de paix\u2009;<\/li>\n<li>des avocats\u2009;<\/li>\n<li>des parajuristes\u2009;<\/li>\n<li>des agents de police\u2009;<\/li>\n<li>des \u00e9tudiants en droit\u2009;<\/li>\n<li>des membres du personnel des tribunaux et d&rsquo;autres professionnels du secteur de la justice.<\/li>\n<\/ul>\n<p>Les programmes du ROEJ s&rsquo;adressent principalement aux&nbsp;&nbsp;<a href=\"https:\/\/ojen.ca\/fr\/notre-travail\/le-roej-dans-les-salles-de-classe\"><strong>\u00e9l\u00e8ves du primaire, du secondaire et \u00e0 leurs enseignants<\/strong><\/a>. Nous travaillons aussi de plus en plus en partenariat avec des <a href=\"https:\/\/ojen.ca\/fr\/notre-travail\/dans-la-communaute\"><strong>organismes communautaires, des groupes parascolaires et des programmes d&rsquo;\u00e9t\u00e9<\/strong><\/a> pour offrir nos ateliers \u00e0 des centaines de jeunes dans des collectivit\u00e9s mal servies.<\/p>\n<p>L&rsquo;approche du ROEJ relativement \u00e0 l&rsquo;<strong><a href=\"http:\/\/\">\u00e9ducation juridique<\/a> <\/strong>ne consiste pas seulement \u00e0 donner aux jeunes de l&rsquo;information sur le droit, mais \u00e9galement \u00e0 cr\u00e9er une tribune permettant d\u2019aborder des questions difficiles. Lorsque les b\u00e9n\u00e9voles du secteur de la justice (p. ex. des avocats, des juges et des parajuristes) participent \u00e0 nos programmes, ils partagent les connaissances et l&rsquo;exp\u00e9rience qu&rsquo;ils ont acquises en travaillant au sein du syst\u00e8me de justice. Les jeunes participants, quant \u00e0 eux, font part des exp\u00e9riences qu&rsquo;ils ont v\u00e9cues et contribuent leur connaissance de leur collectivit\u00e9. Les b\u00e9n\u00e9voles et les jeunes participants ont l&rsquo;occasion, de part et d\u2019autre, de mettre \u00e0 l&rsquo;\u00e9preuve leurs conceptions des uns et des autres et de b\u00e2tir de meilleures relations.<\/p>\n<p>Nos programmes d&rsquo;<a href=\"https:\/\/ojen.ca\/fr\/a-propos\/quest-ce-que-le-roej%E2%80%89\/leducation-juridique\"><strong>\u00e9ducation juridique<\/strong><\/a> mettent l&rsquo;accent sur le d\u00e9veloppement de la <strong><a href=\"https:\/\/ojen.ca\/fr\/a-propos\/quest-ce-que-le-roej%E2%80%89\/la-capacite-juridique\">\u00ab\u00a0capabilit\u00e9\u00a0\u00bb juridique<\/a><\/strong> des jeunes \u2013 les connaissances, les comp\u00e9tences et les attitudes requises pour g\u00e9rer les conflits juridiques, tant aujourd&rsquo;hui qu\u2019\u00e0 l\u2019\u00e2ge adulte. Nos programmes d\u2019\u00e9ducation juridique sont de nature exp\u00e9rientielle et sont adapt\u00e9s aux besoins uniques d&rsquo;un public jeune. Lorsque possible, nous faisons participer les jeunes \u00e0 la planification et \u00e0 la conception de nos programmes.<\/p>\n<p>Chaque ann\u00e9e, les initiatives d&rsquo;<strong><a href=\"https:\/\/ojen.ca\/fr\/a-propos\/quest-ce-que-le-roej%E2%80%89\/leducation-juridique\">\u00e9ducation juridique<\/a><\/strong> du ROEJ touchent plus de 200\u2009000 jeunes \u00e0 travers la province.<\/p>\n<p>Un article est paru dans le journal l&rsquo;Express de Toronto au sujet de nos activit\u00e9s en Fran\u00e7ais:&nbsp;<a href=\"https:\/\/l-express.ca\/faire-decouvrir-notre-systeme-judiciaire-au-jeune-public\/\">https:\/\/l-express.ca\/faire-decouvrir-notre-systeme-judiciaire-au-jeune-public\/<\/a><\/p>\n","protected":false},"excerpt":{"rendered":"<p>Le R\u00e9seau ontarien d\u2019\u00e9ducation juridique (ROEJ) est un organisme de charit\u00e9 non gouvernemental et sans but lucratif dot\u00e9 d&rsquo;un mandat provincial. Nous \u00e9laborons des outils d\u2019\u00e9ducation juridique innovateurs qui aident les jeunes \u00e0 se familiariser avec le syst\u00e8me judiciaire, \u00e0 comprendre le droit et \u00e0 d\u00e9velopper leur \u00ab\u00a0capabilit\u00e9\u00a0\u00bb juridique. Nous visons \u00e0 aider les jeunes [&hellip;]<\/p>\n","protected":false},"author":4,"featured_media":0,"parent":7922,"menu_order":1,"comment_status":"closed","ping_status":"closed","template":"","meta":{"_acf_changed":false,"_eb_attr":"","inline_featured_image":false,"ub_ctt_via":"","footnotes":""},"class_list":["post-7968","page","type-page","status-publish","hentry"],"acf":[],"featured_image_src":null,"yoast_head":"<!-- This site is optimized with the Yoast SEO plugin v25.3 - https:\/\/yoast.com\/wordpress\/plugins\/seo\/ -->\n<title>Qu&#039;est-ce que le ROEJ\u2009? - OJEN<\/title>\n<meta name=\"robots\" content=\"index, follow, max-snippet:-1, max-image-preview:large, max-video-preview:-1\" \/>\n<link rel=\"canonical\" href=\"https:\/\/ojen.ca\/fr\/a-propos\/quest-ce-que-le-roej\u2009\/\" \/>\n<meta property=\"og:locale\" content=\"fr_CA\" \/>\n<meta property=\"og:type\" content=\"article\" \/>\n<meta property=\"og:title\" content=\"Qu&#039;est-ce que le ROEJ\u2009? - OJEN\" \/>\n<meta property=\"og:description\" content=\"Le R\u00e9seau ontarien d\u2019\u00e9ducation juridique (ROEJ) est un organisme de charit\u00e9 non gouvernemental et sans but lucratif dot\u00e9 d&rsquo;un mandat provincial. Nous \u00e9laborons des outils d\u2019\u00e9ducation juridique innovateurs qui aident les jeunes \u00e0 se familiariser avec le syst\u00e8me judiciaire, \u00e0 comprendre le droit et \u00e0 d\u00e9velopper leur \u00ab\u00a0capabilit\u00e9\u00a0\u00bb juridique. Nous visons \u00e0 aider les jeunes [&hellip;]\" \/>\n<meta property=\"og:url\" content=\"https:\/\/ojen.ca\/fr\/a-propos\/quest-ce-que-le-roej\u2009\/\" \/>\n<meta property=\"og:site_name\" content=\"OJEN\" \/>\n<meta property=\"article:publisher\" content=\"https:\/\/www.facebook.com\/pages\/OJEN\/252115501467864\" \/>\n<meta property=\"article:modified_time\" content=\"2025-07-31T12:06:49+00:00\" \/>\n<meta name=\"twitter:card\" content=\"summary_large_image\" \/>\n<meta name=\"twitter:site\" content=\"@OJEN_ROEJ\" \/>\n<meta name=\"twitter:label1\" content=\"Estimation du temps de lecture\" \/>\n\t<meta name=\"twitter:data1\" content=\"2 minutes\" \/>\n<script type=\"application\/ld+json\" class=\"yoast-schema-graph\">{\"@context\":\"https:\/\/schema.org\",\"@graph\":[{\"@type\":\"WebPage\",\"@id\":\"https:\/\/ojen.ca\/fr\/a-propos\/quest-ce-que-le-roej%e2%80%89\/\",\"url\":\"https:\/\/ojen.ca\/fr\/a-propos\/quest-ce-que-le-roej%e2%80%89\/\",\"name\":\"Qu'est-ce que le ROEJ\u2009? - OJEN\",\"isPartOf\":{\"@id\":\"https:\/\/ojen.ca\/en\/#website\"},\"datePublished\":\"2016-11-29T11:08:36+00:00\",\"dateModified\":\"2025-07-31T12:06:49+00:00\",\"breadcrumb\":{\"@id\":\"https:\/\/ojen.ca\/fr\/a-propos\/quest-ce-que-le-roej%e2%80%89\/#breadcrumb\"},\"inLanguage\":\"fr-CA\",\"potentialAction\":[{\"@type\":\"ReadAction\",\"target\":[\"https:\/\/ojen.ca\/fr\/a-propos\/quest-ce-que-le-roej%e2%80%89\/\"]}]},{\"@type\":\"BreadcrumbList\",\"@id\":\"https:\/\/ojen.ca\/fr\/a-propos\/quest-ce-que-le-roej%e2%80%89\/#breadcrumb\",\"itemListElement\":[{\"@type\":\"ListItem\",\"position\":1,\"name\":\"Home\",\"item\":\"https:\/\/ojen.ca\/fr\/\"},{\"@type\":\"ListItem\",\"position\":2,\"name\":\"Qui sommes nous?\",\"item\":\"https:\/\/ojen.ca\/fr\/a-propos\/\"},{\"@type\":\"ListItem\",\"position\":3,\"name\":\"Qu&rsquo;est-ce que le ROEJ\u2009?\"}]},{\"@type\":\"WebSite\",\"@id\":\"https:\/\/ojen.ca\/en\/#website\",\"url\":\"https:\/\/ojen.ca\/en\/\",\"name\":\"OJEN\",\"description\":\"\",\"potentialAction\":[{\"@type\":\"SearchAction\",\"target\":{\"@type\":\"EntryPoint\",\"urlTemplate\":\"https:\/\/ojen.ca\/en\/?s={search_term_string}\"},\"query-input\":{\"@type\":\"PropertyValueSpecification\",\"valueRequired\":true,\"valueName\":\"search_term_string\"}}],\"inLanguage\":\"fr-CA\"}]}<\/script>\n<!-- \/ Yoast SEO plugin. -->","yoast_head_json":{"title":"Qu'est-ce que le ROEJ\u2009? - OJEN","robots":{"index":"index","follow":"follow","max-snippet":"max-snippet:-1","max-image-preview":"max-image-preview:large","max-video-preview":"max-video-preview:-1"},"canonical":"https:\/\/ojen.ca\/fr\/a-propos\/quest-ce-que-le-roej\u2009\/","og_locale":"fr_CA","og_type":"article","og_title":"Qu'est-ce que le ROEJ\u2009? - OJEN","og_description":"Le R\u00e9seau ontarien d\u2019\u00e9ducation juridique (ROEJ) est un organisme de charit\u00e9 non gouvernemental et sans but lucratif dot\u00e9 d&rsquo;un mandat provincial. Nous \u00e9laborons des outils d\u2019\u00e9ducation juridique innovateurs qui aident les jeunes \u00e0 se familiariser avec le syst\u00e8me judiciaire, \u00e0 comprendre le droit et \u00e0 d\u00e9velopper leur \u00ab\u00a0capabilit\u00e9\u00a0\u00bb juridique. Nous visons \u00e0 aider les jeunes [&hellip;]","og_url":"https:\/\/ojen.ca\/fr\/a-propos\/quest-ce-que-le-roej\u2009\/","og_site_name":"OJEN","article_publisher":"https:\/\/www.facebook.com\/pages\/OJEN\/252115501467864","article_modified_time":"2025-07-31T12:06:49+00:00","twitter_card":"summary_large_image","twitter_site":"@OJEN_ROEJ","twitter_misc":{"Estimation du temps de lecture":"2 minutes"},"schema":{"@context":"https:\/\/schema.org","@graph":[{"@type":"WebPage","@id":"https:\/\/ojen.ca\/fr\/a-propos\/quest-ce-que-le-roej%e2%80%89\/","url":"https:\/\/ojen.ca\/fr\/a-propos\/quest-ce-que-le-roej%e2%80%89\/","name":"Qu'est-ce que le ROEJ\u2009? - OJEN","isPartOf":{"@id":"https:\/\/ojen.ca\/en\/#website"},"datePublished":"2016-11-29T11:08:36+00:00","dateModified":"2025-07-31T12:06:49+00:00","breadcrumb":{"@id":"https:\/\/ojen.ca\/fr\/a-propos\/quest-ce-que-le-roej%e2%80%89\/#breadcrumb"},"inLanguage":"fr-CA","potentialAction":[{"@type":"ReadAction","target":["https:\/\/ojen.ca\/fr\/a-propos\/quest-ce-que-le-roej%e2%80%89\/"]}]},{"@type":"BreadcrumbList","@id":"https:\/\/ojen.ca\/fr\/a-propos\/quest-ce-que-le-roej%e2%80%89\/#breadcrumb","itemListElement":[{"@type":"ListItem","position":1,"name":"Home","item":"https:\/\/ojen.ca\/fr\/"},{"@type":"ListItem","position":2,"name":"Qui sommes nous?","item":"https:\/\/ojen.ca\/fr\/a-propos\/"},{"@type":"ListItem","position":3,"name":"Qu&rsquo;est-ce que le ROEJ\u2009?"}]},{"@type":"WebSite","@id":"https:\/\/ojen.ca\/en\/#website","url":"https:\/\/ojen.ca\/en\/","name":"OJEN","description":"","potentialAction":[{"@type":"SearchAction","target":{"@type":"EntryPoint","urlTemplate":"https:\/\/ojen.ca\/en\/?s={search_term_string}"},"query-input":{"@type":"PropertyValueSpecification","valueRequired":true,"valueName":"search_term_string"}}],"inLanguage":"fr-CA"}]}},"_links":{"self":[{"href":"https:\/\/ojen.ca\/fr\/wp-json\/wp\/v2\/pages\/7968"}],"collection":[{"href":"https:\/\/ojen.ca\/fr\/wp-json\/wp\/v2\/pages"}],"about":[{"href":"https:\/\/ojen.ca\/fr\/wp-json\/wp\/v2\/types\/page"}],"author":[{"embeddable":true,"href":"https:\/\/ojen.ca\/fr\/wp-json\/wp\/v2\/users\/4"}],"replies":[{"embeddable":true,"href":"https:\/\/ojen.ca\/fr\/wp-json\/wp\/v2\/comments?post=7968"}],"version-history":[{"count":2,"href":"https:\/\/ojen.ca\/fr\/wp-json\/wp\/v2\/pages\/7968\/revisions"}],"predecessor-version":[{"id":34094,"href":"https:\/\/ojen.ca\/fr\/wp-json\/wp\/v2\/pages\/7968\/revisions\/34094"}],"up":[{"embeddable":true,"href":"https:\/\/ojen.ca\/fr\/wp-json\/wp\/v2\/pages\/7922"}],"wp:attachment":[{"href":"https:\/\/ojen.ca\/fr\/wp-json\/wp\/v2\/media?parent=7968"}],"curies":[{"name":"wp","href":"https:\/\/api.w.org\/{rel}","templated":true}]}}