{"id":7982,"date":"2016-11-29T06:37:23","date_gmt":"2016-11-29T11:37:23","guid":{"rendered":"http:\/\/ojen.ca\/fr\/?page_id=7982"},"modified":"2025-07-12T03:49:41","modified_gmt":"2025-07-12T07:49:41","slug":"bailleurs-de-fonds-et-donateurs","status":"publish","type":"page","link":"https:\/\/ojen.ca\/fr\/a-propos\/bailleurs-de-fonds-et-donateurs\/","title":{"rendered":"Bailleurs de fonds et donateurs"},"content":{"rendered":"<p>Le R\u00e9seau ontarien d\u2019\u00e9ducation juridique (ROEJ) est un organisme de bienfaisance sans but lucratif. Le financement de base du ROEJ provient de la Fondation du droit de l&rsquo;Ontario et du Barreau du Haut-Canada.<\/p>\n<div class='content-column one_half'><a href=\"http:\/\/www.lawfoundation.on.ca\/\" target=\"_blank\" rel=\"noopener\"><img loading=\"lazy\" decoding=\"async\" class=\"alignnone size-full wp-image-1084\" src=\"\/wp-content\/uploads\/2016\/08\/logo-lfo-en.png\" alt=\"logo-lfo-en\" width=\"276\" height=\"100\"><\/a><\/div><div class='content-column one_half last_column'><a href=\"http:\/\/www.lsuc.on.ca\/\" target=\"_blank\" rel=\"noopener\"><img loading=\"lazy\" decoding=\"async\" class=\"alignnone size-full wp-image-1083\" src=\"\/wp-content\/uploads\/2016\/08\/logo-lsuc-bil.png\" alt=\"logo-lsuc-bil\" width=\"399\" height=\"100\" srcset=\"https:\/\/ojen.ca\/wp-content\/uploads\/2016\/08\/logo-lsuc-bil.png 399w, https:\/\/ojen.ca\/wp-content\/uploads\/2016\/08\/logo-lsuc-bil-300x75.png 300w\" sizes=\"(max-width: 399px) 100vw, 399px\" \/><\/a><\/div><div class='clear_column'><\/div>\n<p>Le ROEJ re\u00e7oit pr\u00e9sentement du financement par projet de la Fondation Trillium de l&rsquo;Ontario, de la ville de Toronto, de l&rsquo;Association du Barreau de l&rsquo;Ontario et de Pr\u00e9vention du crime Ottawa.<\/p>\n<div class='content-column one_half'><a href=\"http:\/\/www.otf.ca\" target=\"_blank\" rel=\"noopener\"><img loading=\"lazy\" decoding=\"async\" class=\"alignnone size-full wp-image-1089\" src=\"\/wp-content\/uploads\/2016\/08\/logo-otf-bil.png\" alt=\"logo-otf-bil\" width=\"287\" height=\"100\"><\/a><\/div><div class='content-column one_half last_column'><a href=\"http:\/\/www1.toronto.ca\" target=\"_blank\" rel=\"noopener\"><img loading=\"lazy\" decoding=\"async\" class=\"alignnone size-full wp-image-1088\" src=\"\/wp-content\/uploads\/2016\/08\/logo-cityoftoronto.png\" alt=\"logo-cityoftoronto\" width=\"275\" height=\"100\"><\/a><\/div><div class='clear_column'><\/div>\n<div class='content-column one_half'><a href=\"http:\/\/www.oba.org\" target=\"_blank\" rel=\"noopener\"><img loading=\"lazy\" decoding=\"async\" class=\"alignnone size-full wp-image-1090\" src=\"\/wp-content\/uploads\/2016\/08\/logo-oba-en.png\" alt=\"logo-oba-en\" width=\"260\" height=\"100\"><\/a><\/div><div class='content-column one_half last_column'><a href=\"http:\/\/www.crimepreventionottawa.ca\" target=\"_blank\" rel=\"noopener\"><img loading=\"lazy\" decoding=\"async\" class=\"alignnone size-full wp-image-1086\" src=\"\/wp-content\/uploads\/2016\/08\/logo-cpo-bil.png\" alt=\"logo-cpo-bil\" width=\"209\" height=\"100\"><\/a><\/div><div class='clear_column'><\/div>\n<p>Le ROEJ re\u00e7oit \u00e9galement des dons provenant de particuliers et de soci\u00e9t\u00e9s. Si vous souhaitez faire un don ou devenir commanditaire de notre site Web, n&rsquo;h\u00e9sitez pas \u00e0 nous contacter.<\/p>\n<p><span style=\"color: #ff6600;\"><em>Pour information, pri\u00e8re de contacter Thomas&nbsp;Gallezot,&nbsp;responsable des programmes francophones au&nbsp;<\/em><\/span><em><span style=\"color: #ff6600;\">(416) 761-9963 poste 230 ou<\/span>&nbsp;<a href=\"mailto:tgallezot@ojen.ca\">tgallezot@ojen.ca<\/a><\/em><\/p>\n","protected":false},"excerpt":{"rendered":"<p>Le R\u00e9seau ontarien d\u2019\u00e9ducation juridique (ROEJ) est un organisme de bienfaisance sans but lucratif. Le financement de base du ROEJ provient de la Fondation du droit de l&rsquo;Ontario et du Barreau du Haut-Canada. Le ROEJ re\u00e7oit pr\u00e9sentement du financement par projet de la Fondation Trillium de l&rsquo;Ontario, de la ville de Toronto, de l&rsquo;Association du [&hellip;]<\/p>\n","protected":false},"author":4,"featured_media":0,"parent":7922,"menu_order":5,"comment_status":"closed","ping_status":"closed","template":"","meta":{"_acf_changed":false,"_eb_attr":"","inline_featured_image":false,"ub_ctt_via":"","footnotes":""},"class_list":["post-7982","page","type-page","status-publish","hentry"],"acf":[],"featured_image_src":null,"yoast_head":"<!-- This site is optimized with the Yoast SEO plugin v25.3 - https:\/\/yoast.com\/wordpress\/plugins\/seo\/ -->\n<title>Bailleurs de fonds et donateurs - OJEN<\/title>\n<meta name=\"robots\" content=\"index, follow, max-snippet:-1, max-image-preview:large, max-video-preview:-1\" \/>\n<link rel=\"canonical\" href=\"https:\/\/ojen.ca\/fr\/a-propos\/bailleurs-de-fonds-et-donateurs\/\" \/>\n<meta property=\"og:locale\" content=\"fr_CA\" \/>\n<meta property=\"og:type\" content=\"article\" \/>\n<meta property=\"og:title\" content=\"Bailleurs de fonds et donateurs - OJEN\" \/>\n<meta property=\"og:description\" content=\"Le R\u00e9seau ontarien d\u2019\u00e9ducation juridique (ROEJ) est un organisme de bienfaisance sans but lucratif. Le financement de base du ROEJ provient de la Fondation du droit de l&rsquo;Ontario et du Barreau du Haut-Canada. Le ROEJ re\u00e7oit pr\u00e9sentement du financement par projet de la Fondation Trillium de l&rsquo;Ontario, de la ville de Toronto, de l&rsquo;Association du [&hellip;]\" \/>\n<meta property=\"og:url\" content=\"https:\/\/ojen.ca\/fr\/a-propos\/bailleurs-de-fonds-et-donateurs\/\" \/>\n<meta property=\"og:site_name\" content=\"OJEN\" \/>\n<meta property=\"article:publisher\" content=\"https:\/\/www.facebook.com\/pages\/OJEN\/252115501467864\" \/>\n<meta property=\"article:modified_time\" content=\"2025-07-12T07:49:41+00:00\" \/>\n<meta name=\"twitter:card\" content=\"summary_large_image\" \/>\n<meta name=\"twitter:site\" content=\"@OJEN_ROEJ\" \/>\n<meta name=\"twitter:label1\" content=\"Estimation du temps de lecture\" \/>\n\t<meta name=\"twitter:data1\" content=\"2 minutes\" \/>\n<script type=\"application\/ld+json\" class=\"yoast-schema-graph\">{\"@context\":\"https:\/\/schema.org\",\"@graph\":[{\"@type\":\"WebPage\",\"@id\":\"https:\/\/ojen.ca\/fr\/a-propos\/bailleurs-de-fonds-et-donateurs\/\",\"url\":\"https:\/\/ojen.ca\/fr\/a-propos\/bailleurs-de-fonds-et-donateurs\/\",\"name\":\"Bailleurs de fonds et donateurs - OJEN\",\"isPartOf\":{\"@id\":\"https:\/\/ojen.ca\/en\/#website\"},\"datePublished\":\"2016-11-29T11:37:23+00:00\",\"dateModified\":\"2025-07-12T07:49:41+00:00\",\"breadcrumb\":{\"@id\":\"https:\/\/ojen.ca\/fr\/a-propos\/bailleurs-de-fonds-et-donateurs\/#breadcrumb\"},\"inLanguage\":\"fr-CA\",\"potentialAction\":[{\"@type\":\"ReadAction\",\"target\":[\"https:\/\/ojen.ca\/fr\/a-propos\/bailleurs-de-fonds-et-donateurs\/\"]}]},{\"@type\":\"BreadcrumbList\",\"@id\":\"https:\/\/ojen.ca\/fr\/a-propos\/bailleurs-de-fonds-et-donateurs\/#breadcrumb\",\"itemListElement\":[{\"@type\":\"ListItem\",\"position\":1,\"name\":\"Home\",\"item\":\"https:\/\/ojen.ca\/fr\/\"},{\"@type\":\"ListItem\",\"position\":2,\"name\":\"Qui sommes nous?\",\"item\":\"https:\/\/ojen.ca\/fr\/a-propos\/\"},{\"@type\":\"ListItem\",\"position\":3,\"name\":\"Bailleurs de fonds et donateurs\"}]},{\"@type\":\"WebSite\",\"@id\":\"https:\/\/ojen.ca\/en\/#website\",\"url\":\"https:\/\/ojen.ca\/en\/\",\"name\":\"OJEN\",\"description\":\"\",\"potentialAction\":[{\"@type\":\"SearchAction\",\"target\":{\"@type\":\"EntryPoint\",\"urlTemplate\":\"https:\/\/ojen.ca\/en\/?s={search_term_string}\"},\"query-input\":{\"@type\":\"PropertyValueSpecification\",\"valueRequired\":true,\"valueName\":\"search_term_string\"}}],\"inLanguage\":\"fr-CA\"}]}<\/script>\n<!-- \/ Yoast SEO plugin. -->","yoast_head_json":{"title":"Bailleurs de fonds et donateurs - OJEN","robots":{"index":"index","follow":"follow","max-snippet":"max-snippet:-1","max-image-preview":"max-image-preview:large","max-video-preview":"max-video-preview:-1"},"canonical":"https:\/\/ojen.ca\/fr\/a-propos\/bailleurs-de-fonds-et-donateurs\/","og_locale":"fr_CA","og_type":"article","og_title":"Bailleurs de fonds et donateurs - OJEN","og_description":"Le R\u00e9seau ontarien d\u2019\u00e9ducation juridique (ROEJ) est un organisme de bienfaisance sans but lucratif. Le financement de base du ROEJ provient de la Fondation du droit de l&rsquo;Ontario et du Barreau du Haut-Canada. Le ROEJ re\u00e7oit pr\u00e9sentement du financement par projet de la Fondation Trillium de l&rsquo;Ontario, de la ville de Toronto, de l&rsquo;Association du [&hellip;]","og_url":"https:\/\/ojen.ca\/fr\/a-propos\/bailleurs-de-fonds-et-donateurs\/","og_site_name":"OJEN","article_publisher":"https:\/\/www.facebook.com\/pages\/OJEN\/252115501467864","article_modified_time":"2025-07-12T07:49:41+00:00","twitter_card":"summary_large_image","twitter_site":"@OJEN_ROEJ","twitter_misc":{"Estimation du temps de lecture":"2 minutes"},"schema":{"@context":"https:\/\/schema.org","@graph":[{"@type":"WebPage","@id":"https:\/\/ojen.ca\/fr\/a-propos\/bailleurs-de-fonds-et-donateurs\/","url":"https:\/\/ojen.ca\/fr\/a-propos\/bailleurs-de-fonds-et-donateurs\/","name":"Bailleurs de fonds et donateurs - OJEN","isPartOf":{"@id":"https:\/\/ojen.ca\/en\/#website"},"datePublished":"2016-11-29T11:37:23+00:00","dateModified":"2025-07-12T07:49:41+00:00","breadcrumb":{"@id":"https:\/\/ojen.ca\/fr\/a-propos\/bailleurs-de-fonds-et-donateurs\/#breadcrumb"},"inLanguage":"fr-CA","potentialAction":[{"@type":"ReadAction","target":["https:\/\/ojen.ca\/fr\/a-propos\/bailleurs-de-fonds-et-donateurs\/"]}]},{"@type":"BreadcrumbList","@id":"https:\/\/ojen.ca\/fr\/a-propos\/bailleurs-de-fonds-et-donateurs\/#breadcrumb","itemListElement":[{"@type":"ListItem","position":1,"name":"Home","item":"https:\/\/ojen.ca\/fr\/"},{"@type":"ListItem","position":2,"name":"Qui sommes nous?","item":"https:\/\/ojen.ca\/fr\/a-propos\/"},{"@type":"ListItem","position":3,"name":"Bailleurs de fonds et donateurs"}]},{"@type":"WebSite","@id":"https:\/\/ojen.ca\/en\/#website","url":"https:\/\/ojen.ca\/en\/","name":"OJEN","description":"","potentialAction":[{"@type":"SearchAction","target":{"@type":"EntryPoint","urlTemplate":"https:\/\/ojen.ca\/en\/?s={search_term_string}"},"query-input":{"@type":"PropertyValueSpecification","valueRequired":true,"valueName":"search_term_string"}}],"inLanguage":"fr-CA"}]}},"_links":{"self":[{"href":"https:\/\/ojen.ca\/fr\/wp-json\/wp\/v2\/pages\/7982"}],"collection":[{"href":"https:\/\/ojen.ca\/fr\/wp-json\/wp\/v2\/pages"}],"about":[{"href":"https:\/\/ojen.ca\/fr\/wp-json\/wp\/v2\/types\/page"}],"author":[{"embeddable":true,"href":"https:\/\/ojen.ca\/fr\/wp-json\/wp\/v2\/users\/4"}],"replies":[{"embeddable":true,"href":"https:\/\/ojen.ca\/fr\/wp-json\/wp\/v2\/comments?post=7982"}],"version-history":[{"count":0,"href":"https:\/\/ojen.ca\/fr\/wp-json\/wp\/v2\/pages\/7982\/revisions"}],"up":[{"embeddable":true,"href":"https:\/\/ojen.ca\/fr\/wp-json\/wp\/v2\/pages\/7922"}],"wp:attachment":[{"href":"https:\/\/ojen.ca\/fr\/wp-json\/wp\/v2\/media?parent=7982"}],"curies":[{"name":"wp","href":"https:\/\/api.w.org\/{rel}","templated":true}]}}