{"id":8020,"date":"2016-11-29T07:33:38","date_gmt":"2016-11-29T12:33:38","guid":{"rendered":"http:\/\/ojen.ca\/fr\/?page_id=8020"},"modified":"2016-11-29T07:33:38","modified_gmt":"2016-11-29T12:33:38","slug":"formation-professionnelle-continue","status":"publish","type":"page","link":"https:\/\/ojen.ca\/fr\/formation\/formation-pour-les-benevoles-du-secteur-de-la-justice\/formation-professionnelle-continue\/","title":{"rendered":"Formation professionnelle continue"},"content":{"rendered":"<p>Le ROEJ tient \u00e0 offrir les meilleures exp\u00e9riences d&rsquo;apprentissage possible aux jeunes et \u00e0 leurs alli\u00e9s. \u00c0 cette fin, nous offrons des formations et des occasions de formation professionnelle continue aux avocats, aux parajuristes, aux juges et aux juges de paix.<\/p>\n<p>Les formations professionnelles continues et les webinaires seront annonc\u00e9s ici. Les nouvelles ressources et les nouveaux modules d&rsquo;apprentissage seront annonc\u00e9s sur <strong>Facebook<\/strong>, <strong>Twitter<\/strong> et notre page <strong>Nouvelles<\/strong>.<\/p>\n","protected":false},"excerpt":{"rendered":"<p>Le ROEJ tient \u00e0 offrir les meilleures exp\u00e9riences d&rsquo;apprentissage possible aux jeunes et \u00e0 leurs alli\u00e9s. \u00c0 cette fin, nous offrons des formations et des occasions de formation professionnelle continue aux avocats, aux parajuristes, aux juges et aux juges de paix. Les formations professionnelles continues et les webinaires seront annonc\u00e9s ici. Les nouvelles ressources et [&hellip;]<\/p>\n","protected":false},"author":4,"featured_media":0,"parent":8018,"menu_order":0,"comment_status":"closed","ping_status":"closed","template":"template-intro-textblocks.php","meta":{"_acf_changed":false,"_eb_attr":"","inline_featured_image":false,"ub_ctt_via":"","footnotes":""},"class_list":["post-8020","page","type-page","status-publish","hentry"],"acf":[],"featured_image_src":null,"yoast_head":"<!-- This site is optimized with the Yoast SEO plugin v25.3 - https:\/\/yoast.com\/wordpress\/plugins\/seo\/ -->\n<title>Formation professionnelle continue - OJEN<\/title>\n<meta name=\"robots\" content=\"index, follow, max-snippet:-1, max-image-preview:large, max-video-preview:-1\" \/>\n<link rel=\"canonical\" href=\"https:\/\/ojen.ca\/fr\/formation\/formation-pour-les-benevoles-du-secteur-de-la-justice\/formation-professionnelle-continue\/\" \/>\n<meta property=\"og:locale\" content=\"fr_CA\" \/>\n<meta property=\"og:type\" content=\"article\" \/>\n<meta property=\"og:title\" content=\"Formation professionnelle continue - OJEN\" \/>\n<meta property=\"og:description\" content=\"Le ROEJ tient \u00e0 offrir les meilleures exp\u00e9riences d&rsquo;apprentissage possible aux jeunes et \u00e0 leurs alli\u00e9s. \u00c0 cette fin, nous offrons des formations et des occasions de formation professionnelle continue aux avocats, aux parajuristes, aux juges et aux juges de paix. Les formations professionnelles continues et les webinaires seront annonc\u00e9s ici. Les nouvelles ressources et [&hellip;]\" \/>\n<meta property=\"og:url\" content=\"https:\/\/ojen.ca\/fr\/formation\/formation-pour-les-benevoles-du-secteur-de-la-justice\/formation-professionnelle-continue\/\" \/>\n<meta property=\"og:site_name\" content=\"OJEN\" \/>\n<meta property=\"article:publisher\" content=\"https:\/\/www.facebook.com\/pages\/OJEN\/252115501467864\" \/>\n<meta name=\"twitter:card\" content=\"summary_large_image\" \/>\n<meta name=\"twitter:site\" content=\"@OJEN_ROEJ\" \/>\n<script type=\"application\/ld+json\" class=\"yoast-schema-graph\">{\"@context\":\"https:\/\/schema.org\",\"@graph\":[{\"@type\":\"WebPage\",\"@id\":\"https:\/\/ojen.ca\/fr\/formation\/formation-pour-les-benevoles-du-secteur-de-la-justice\/formation-professionnelle-continue\/\",\"url\":\"https:\/\/ojen.ca\/fr\/formation\/formation-pour-les-benevoles-du-secteur-de-la-justice\/formation-professionnelle-continue\/\",\"name\":\"Formation professionnelle continue - OJEN\",\"isPartOf\":{\"@id\":\"https:\/\/ojen.ca\/en\/#website\"},\"datePublished\":\"2016-11-29T12:33:38+00:00\",\"breadcrumb\":{\"@id\":\"https:\/\/ojen.ca\/fr\/formation\/formation-pour-les-benevoles-du-secteur-de-la-justice\/formation-professionnelle-continue\/#breadcrumb\"},\"inLanguage\":\"fr-CA\",\"potentialAction\":[{\"@type\":\"ReadAction\",\"target\":[\"https:\/\/ojen.ca\/fr\/formation\/formation-pour-les-benevoles-du-secteur-de-la-justice\/formation-professionnelle-continue\/\"]}]},{\"@type\":\"BreadcrumbList\",\"@id\":\"https:\/\/ojen.ca\/fr\/formation\/formation-pour-les-benevoles-du-secteur-de-la-justice\/formation-professionnelle-continue\/#breadcrumb\",\"itemListElement\":[{\"@type\":\"ListItem\",\"position\":1,\"name\":\"Home\",\"item\":\"https:\/\/ojen.ca\/fr\/\"},{\"@type\":\"ListItem\",\"position\":2,\"name\":\"Formation\",\"item\":\"https:\/\/ojen.ca\/fr\/formation\/\"},{\"@type\":\"ListItem\",\"position\":3,\"name\":\"Formation pour les b\u00e9n\u00e9voles du secteur de la justice\",\"item\":\"https:\/\/ojen.ca\/fr\/formation\/formation-pour-les-benevoles-du-secteur-de-la-justice\/\"},{\"@type\":\"ListItem\",\"position\":4,\"name\":\"Formation professionnelle continue\"}]},{\"@type\":\"WebSite\",\"@id\":\"https:\/\/ojen.ca\/en\/#website\",\"url\":\"https:\/\/ojen.ca\/en\/\",\"name\":\"OJEN\",\"description\":\"\",\"potentialAction\":[{\"@type\":\"SearchAction\",\"target\":{\"@type\":\"EntryPoint\",\"urlTemplate\":\"https:\/\/ojen.ca\/en\/?s={search_term_string}\"},\"query-input\":{\"@type\":\"PropertyValueSpecification\",\"valueRequired\":true,\"valueName\":\"search_term_string\"}}],\"inLanguage\":\"fr-CA\"}]}<\/script>\n<!-- \/ Yoast SEO plugin. -->","yoast_head_json":{"title":"Formation professionnelle continue - OJEN","robots":{"index":"index","follow":"follow","max-snippet":"max-snippet:-1","max-image-preview":"max-image-preview:large","max-video-preview":"max-video-preview:-1"},"canonical":"https:\/\/ojen.ca\/fr\/formation\/formation-pour-les-benevoles-du-secteur-de-la-justice\/formation-professionnelle-continue\/","og_locale":"fr_CA","og_type":"article","og_title":"Formation professionnelle continue - OJEN","og_description":"Le ROEJ tient \u00e0 offrir les meilleures exp\u00e9riences d&rsquo;apprentissage possible aux jeunes et \u00e0 leurs alli\u00e9s. \u00c0 cette fin, nous offrons des formations et des occasions de formation professionnelle continue aux avocats, aux parajuristes, aux juges et aux juges de paix. Les formations professionnelles continues et les webinaires seront annonc\u00e9s ici. Les nouvelles ressources et [&hellip;]","og_url":"https:\/\/ojen.ca\/fr\/formation\/formation-pour-les-benevoles-du-secteur-de-la-justice\/formation-professionnelle-continue\/","og_site_name":"OJEN","article_publisher":"https:\/\/www.facebook.com\/pages\/OJEN\/252115501467864","twitter_card":"summary_large_image","twitter_site":"@OJEN_ROEJ","schema":{"@context":"https:\/\/schema.org","@graph":[{"@type":"WebPage","@id":"https:\/\/ojen.ca\/fr\/formation\/formation-pour-les-benevoles-du-secteur-de-la-justice\/formation-professionnelle-continue\/","url":"https:\/\/ojen.ca\/fr\/formation\/formation-pour-les-benevoles-du-secteur-de-la-justice\/formation-professionnelle-continue\/","name":"Formation professionnelle continue - OJEN","isPartOf":{"@id":"https:\/\/ojen.ca\/en\/#website"},"datePublished":"2016-11-29T12:33:38+00:00","breadcrumb":{"@id":"https:\/\/ojen.ca\/fr\/formation\/formation-pour-les-benevoles-du-secteur-de-la-justice\/formation-professionnelle-continue\/#breadcrumb"},"inLanguage":"fr-CA","potentialAction":[{"@type":"ReadAction","target":["https:\/\/ojen.ca\/fr\/formation\/formation-pour-les-benevoles-du-secteur-de-la-justice\/formation-professionnelle-continue\/"]}]},{"@type":"BreadcrumbList","@id":"https:\/\/ojen.ca\/fr\/formation\/formation-pour-les-benevoles-du-secteur-de-la-justice\/formation-professionnelle-continue\/#breadcrumb","itemListElement":[{"@type":"ListItem","position":1,"name":"Home","item":"https:\/\/ojen.ca\/fr\/"},{"@type":"ListItem","position":2,"name":"Formation","item":"https:\/\/ojen.ca\/fr\/formation\/"},{"@type":"ListItem","position":3,"name":"Formation pour les b\u00e9n\u00e9voles du secteur de la justice","item":"https:\/\/ojen.ca\/fr\/formation\/formation-pour-les-benevoles-du-secteur-de-la-justice\/"},{"@type":"ListItem","position":4,"name":"Formation professionnelle continue"}]},{"@type":"WebSite","@id":"https:\/\/ojen.ca\/en\/#website","url":"https:\/\/ojen.ca\/en\/","name":"OJEN","description":"","potentialAction":[{"@type":"SearchAction","target":{"@type":"EntryPoint","urlTemplate":"https:\/\/ojen.ca\/en\/?s={search_term_string}"},"query-input":{"@type":"PropertyValueSpecification","valueRequired":true,"valueName":"search_term_string"}}],"inLanguage":"fr-CA"}]}},"_links":{"self":[{"href":"https:\/\/ojen.ca\/fr\/wp-json\/wp\/v2\/pages\/8020"}],"collection":[{"href":"https:\/\/ojen.ca\/fr\/wp-json\/wp\/v2\/pages"}],"about":[{"href":"https:\/\/ojen.ca\/fr\/wp-json\/wp\/v2\/types\/page"}],"author":[{"embeddable":true,"href":"https:\/\/ojen.ca\/fr\/wp-json\/wp\/v2\/users\/4"}],"replies":[{"embeddable":true,"href":"https:\/\/ojen.ca\/fr\/wp-json\/wp\/v2\/comments?post=8020"}],"version-history":[{"count":0,"href":"https:\/\/ojen.ca\/fr\/wp-json\/wp\/v2\/pages\/8020\/revisions"}],"up":[{"embeddable":true,"href":"https:\/\/ojen.ca\/fr\/wp-json\/wp\/v2\/pages\/8018"}],"wp:attachment":[{"href":"https:\/\/ojen.ca\/fr\/wp-json\/wp\/v2\/media?parent=8020"}],"curies":[{"name":"wp","href":"https:\/\/api.w.org\/{rel}","templated":true}]}}