{"id":8024,"date":"2016-11-29T07:36:45","date_gmt":"2016-11-29T12:36:45","guid":{"rendered":"http:\/\/ojen.ca\/fr\/?page_id=8024"},"modified":"2025-08-03T05:08:25","modified_gmt":"2025-08-03T09:08:25","slug":"pour-les-travailleurs-communautaires","status":"publish","type":"page","link":"https:\/\/ojen.ca\/fr\/formation\/pour-les-travailleurs-communautaires\/","title":{"rendered":"Formation pour les intervenant\u00b7es communautaires"},"content":{"rendered":"\n<p>Le ROEJ aide<strong>&nbsp;les jeunes et celles et ceux qui contribuent \u00e0 leur d\u00e9veloppement personnel<\/strong> \u00e0 renforcer leur&nbsp;<a href=\"\/fr\/a-propos\/quest-ce-que-le-roej%E2%80%89\/la-capacite-juridique\">\u00ab capabilit\u00e9 \u00bb juridique<\/a>. C\u2019est pourquoi nous proposons aux travailleuses et travailleurs communautaires un programme innovant intitul\u00e9&nbsp;<em>Naviguer dans le syst\u00e8me de justice.<\/em>&nbsp;Il s\u2019agit en substance d\u2019un atelier \u00e9ducatif dont le but est de&nbsp;&nbsp;<strong>former les travailleuses et travailleurs communautaires \u00e0 aider les jeunes \u00e0 mieux appr\u00e9hender notre syst\u00e8me de justice<\/strong> et \u00e0 leur donner des outils fiables et accessibles pour <strong>y naviguer en confiance<\/strong>.<\/p>\n\n\n\n<p>Cet atelier <em>Naviguer dans le syst\u00e8me de justice<\/em> a \u00e9t\u00e9 \u00e9labor\u00e9 et offert gratuitement pendant 4 ans, de 2008 \u00e0 2012, dans l\u2019ensemble de la province, gr\u00e2ce \u00e0 une subvention du minist\u00e8re de la Justice.<\/p>\n\n\n\n<p>Cet atelier est d\u00e9sormais propos\u00e9 \u00e0 prix co\u00fbtant aux organismes communautaires, aux \u00e9coles et aux autres organismes \u00e0 but non lucratifs.<\/p>\n","protected":false},"excerpt":{"rendered":"<p>Le ROEJ aide&nbsp;les jeunes et celles et ceux qui contribuent \u00e0 leur d\u00e9veloppement personnel \u00e0 renforcer leur&nbsp;\u00ab capabilit\u00e9 \u00bb juridique. C\u2019est pourquoi nous proposons aux travailleuses et travailleurs communautaires un programme innovant intitul\u00e9&nbsp;Naviguer dans le syst\u00e8me de justice.&nbsp;Il s\u2019agit en substance d\u2019un atelier \u00e9ducatif dont le but est de&nbsp;&nbsp;former les travailleuses et travailleurs communautaires \u00e0 [&hellip;]<\/p>\n","protected":false},"author":4,"featured_media":0,"parent":8003,"menu_order":0,"comment_status":"closed","ping_status":"closed","template":"template-intro-textblocks.php","meta":{"_acf_changed":false,"_eb_attr":"","inline_featured_image":false,"ub_ctt_via":"","footnotes":""},"class_list":["post-8024","page","type-page","status-publish","hentry"],"acf":[],"featured_image_src":null,"yoast_head":"<!-- This site is optimized with the Yoast SEO plugin v25.3 - https:\/\/yoast.com\/wordpress\/plugins\/seo\/ -->\n<title>Formation pour les intervenant\u00b7es communautaires - OJEN<\/title>\n<meta name=\"robots\" content=\"index, follow, max-snippet:-1, max-image-preview:large, max-video-preview:-1\" \/>\n<link rel=\"canonical\" href=\"https:\/\/ojen.ca\/fr\/formation\/pour-les-travailleurs-communautaires\/\" \/>\n<meta property=\"og:locale\" content=\"fr_CA\" \/>\n<meta property=\"og:type\" content=\"article\" \/>\n<meta property=\"og:title\" content=\"Formation pour les intervenant\u00b7es communautaires - OJEN\" \/>\n<meta property=\"og:description\" content=\"Le ROEJ aide&nbsp;les jeunes et celles et ceux qui contribuent \u00e0 leur d\u00e9veloppement personnel \u00e0 renforcer leur&nbsp;\u00ab capabilit\u00e9 \u00bb juridique. C\u2019est pourquoi nous proposons aux travailleuses et travailleurs communautaires un programme innovant intitul\u00e9&nbsp;Naviguer dans le syst\u00e8me de justice.&nbsp;Il s\u2019agit en substance d\u2019un atelier \u00e9ducatif dont le but est de&nbsp;&nbsp;former les travailleuses et travailleurs communautaires \u00e0 [&hellip;]\" \/>\n<meta property=\"og:url\" content=\"https:\/\/ojen.ca\/fr\/formation\/pour-les-travailleurs-communautaires\/\" \/>\n<meta property=\"og:site_name\" content=\"OJEN\" \/>\n<meta property=\"article:publisher\" content=\"https:\/\/www.facebook.com\/pages\/OJEN\/252115501467864\" \/>\n<meta property=\"article:modified_time\" content=\"2025-08-03T09:08:25+00:00\" \/>\n<meta name=\"twitter:card\" content=\"summary_large_image\" \/>\n<meta name=\"twitter:site\" content=\"@OJEN_ROEJ\" \/>\n<meta name=\"twitter:label1\" content=\"Estimation du temps de lecture\" \/>\n\t<meta name=\"twitter:data1\" content=\"1 minute\" \/>\n<script type=\"application\/ld+json\" class=\"yoast-schema-graph\">{\"@context\":\"https:\/\/schema.org\",\"@graph\":[{\"@type\":\"WebPage\",\"@id\":\"https:\/\/ojen.ca\/fr\/formation\/pour-les-travailleurs-communautaires\/\",\"url\":\"https:\/\/ojen.ca\/fr\/formation\/pour-les-travailleurs-communautaires\/\",\"name\":\"Formation pour les intervenant\u00b7es communautaires - OJEN\",\"isPartOf\":{\"@id\":\"https:\/\/ojen.ca\/en\/#website\"},\"datePublished\":\"2016-11-29T12:36:45+00:00\",\"dateModified\":\"2025-08-03T09:08:25+00:00\",\"breadcrumb\":{\"@id\":\"https:\/\/ojen.ca\/fr\/formation\/pour-les-travailleurs-communautaires\/#breadcrumb\"},\"inLanguage\":\"fr-CA\",\"potentialAction\":[{\"@type\":\"ReadAction\",\"target\":[\"https:\/\/ojen.ca\/fr\/formation\/pour-les-travailleurs-communautaires\/\"]}]},{\"@type\":\"BreadcrumbList\",\"@id\":\"https:\/\/ojen.ca\/fr\/formation\/pour-les-travailleurs-communautaires\/#breadcrumb\",\"itemListElement\":[{\"@type\":\"ListItem\",\"position\":1,\"name\":\"Home\",\"item\":\"https:\/\/ojen.ca\/fr\/\"},{\"@type\":\"ListItem\",\"position\":2,\"name\":\"Formation\",\"item\":\"https:\/\/ojen.ca\/fr\/formation\/\"},{\"@type\":\"ListItem\",\"position\":3,\"name\":\"Formation pour les intervenant\u00b7es communautaires\"}]},{\"@type\":\"WebSite\",\"@id\":\"https:\/\/ojen.ca\/en\/#website\",\"url\":\"https:\/\/ojen.ca\/en\/\",\"name\":\"OJEN\",\"description\":\"\",\"potentialAction\":[{\"@type\":\"SearchAction\",\"target\":{\"@type\":\"EntryPoint\",\"urlTemplate\":\"https:\/\/ojen.ca\/en\/?s={search_term_string}\"},\"query-input\":{\"@type\":\"PropertyValueSpecification\",\"valueRequired\":true,\"valueName\":\"search_term_string\"}}],\"inLanguage\":\"fr-CA\"}]}<\/script>\n<!-- \/ Yoast SEO plugin. -->","yoast_head_json":{"title":"Formation pour les intervenant\u00b7es communautaires - OJEN","robots":{"index":"index","follow":"follow","max-snippet":"max-snippet:-1","max-image-preview":"max-image-preview:large","max-video-preview":"max-video-preview:-1"},"canonical":"https:\/\/ojen.ca\/fr\/formation\/pour-les-travailleurs-communautaires\/","og_locale":"fr_CA","og_type":"article","og_title":"Formation pour les intervenant\u00b7es communautaires - OJEN","og_description":"Le ROEJ aide&nbsp;les jeunes et celles et ceux qui contribuent \u00e0 leur d\u00e9veloppement personnel \u00e0 renforcer leur&nbsp;\u00ab capabilit\u00e9 \u00bb juridique. C\u2019est pourquoi nous proposons aux travailleuses et travailleurs communautaires un programme innovant intitul\u00e9&nbsp;Naviguer dans le syst\u00e8me de justice.&nbsp;Il s\u2019agit en substance d\u2019un atelier \u00e9ducatif dont le but est de&nbsp;&nbsp;former les travailleuses et travailleurs communautaires \u00e0 [&hellip;]","og_url":"https:\/\/ojen.ca\/fr\/formation\/pour-les-travailleurs-communautaires\/","og_site_name":"OJEN","article_publisher":"https:\/\/www.facebook.com\/pages\/OJEN\/252115501467864","article_modified_time":"2025-08-03T09:08:25+00:00","twitter_card":"summary_large_image","twitter_site":"@OJEN_ROEJ","twitter_misc":{"Estimation du temps de lecture":"1 minute"},"schema":{"@context":"https:\/\/schema.org","@graph":[{"@type":"WebPage","@id":"https:\/\/ojen.ca\/fr\/formation\/pour-les-travailleurs-communautaires\/","url":"https:\/\/ojen.ca\/fr\/formation\/pour-les-travailleurs-communautaires\/","name":"Formation pour les intervenant\u00b7es communautaires - OJEN","isPartOf":{"@id":"https:\/\/ojen.ca\/en\/#website"},"datePublished":"2016-11-29T12:36:45+00:00","dateModified":"2025-08-03T09:08:25+00:00","breadcrumb":{"@id":"https:\/\/ojen.ca\/fr\/formation\/pour-les-travailleurs-communautaires\/#breadcrumb"},"inLanguage":"fr-CA","potentialAction":[{"@type":"ReadAction","target":["https:\/\/ojen.ca\/fr\/formation\/pour-les-travailleurs-communautaires\/"]}]},{"@type":"BreadcrumbList","@id":"https:\/\/ojen.ca\/fr\/formation\/pour-les-travailleurs-communautaires\/#breadcrumb","itemListElement":[{"@type":"ListItem","position":1,"name":"Home","item":"https:\/\/ojen.ca\/fr\/"},{"@type":"ListItem","position":2,"name":"Formation","item":"https:\/\/ojen.ca\/fr\/formation\/"},{"@type":"ListItem","position":3,"name":"Formation pour les intervenant\u00b7es communautaires"}]},{"@type":"WebSite","@id":"https:\/\/ojen.ca\/en\/#website","url":"https:\/\/ojen.ca\/en\/","name":"OJEN","description":"","potentialAction":[{"@type":"SearchAction","target":{"@type":"EntryPoint","urlTemplate":"https:\/\/ojen.ca\/en\/?s={search_term_string}"},"query-input":{"@type":"PropertyValueSpecification","valueRequired":true,"valueName":"search_term_string"}}],"inLanguage":"fr-CA"}]}},"_links":{"self":[{"href":"https:\/\/ojen.ca\/fr\/wp-json\/wp\/v2\/pages\/8024"}],"collection":[{"href":"https:\/\/ojen.ca\/fr\/wp-json\/wp\/v2\/pages"}],"about":[{"href":"https:\/\/ojen.ca\/fr\/wp-json\/wp\/v2\/types\/page"}],"author":[{"embeddable":true,"href":"https:\/\/ojen.ca\/fr\/wp-json\/wp\/v2\/users\/4"}],"replies":[{"embeddable":true,"href":"https:\/\/ojen.ca\/fr\/wp-json\/wp\/v2\/comments?post=8024"}],"version-history":[{"count":3,"href":"https:\/\/ojen.ca\/fr\/wp-json\/wp\/v2\/pages\/8024\/revisions"}],"predecessor-version":[{"id":34206,"href":"https:\/\/ojen.ca\/fr\/wp-json\/wp\/v2\/pages\/8024\/revisions\/34206"}],"up":[{"embeddable":true,"href":"https:\/\/ojen.ca\/fr\/wp-json\/wp\/v2\/pages\/8003"}],"wp:attachment":[{"href":"https:\/\/ojen.ca\/fr\/wp-json\/wp\/v2\/media?parent=8024"}],"curies":[{"name":"wp","href":"https:\/\/api.w.org\/{rel}","templated":true}]}}